{"id":10611,"date":"2022-09-13T07:33:18","date_gmt":"2022-09-13T05:33:18","guid":{"rendered":"https:\/\/www.tauben-backs.de\/bez-kategorii\/mr-backs-relax-chill-dla-drobiu\/"},"modified":"2022-09-13T07:33:18","modified_gmt":"2022-09-13T05:33:18","slug":"mr-backs-relax-chill-dla-drobiu","status":"publish","type":"product","link":"https:\/\/www.tauben-backs.de\/pl\/drob-ozdobny\/mr-backs\/mr-backs-relax-chill-dla-drobiu\/","title":{"rendered":"Mr. Backs Relax &#038; Chill dla drobiu"},"content":{"rendered":"","protected":false},"excerpt":{"rendered":"<p>Dro\u017cd\u017ce piwne zawieraj\u0105 aminokwasy, minera\u0142y, pierwiastki \u015bladowe i witaminy. S\u0105 bogate w selen i chrom. Chrom przyczynia si\u0119 do obni\u017cenia poziomu stresu u zwierz\u0105t. R\u00f3\u017cnorodno\u015b\u0107 sk\u0142adnik\u00f3w od\u017cywczych pozytywnie wp\u0142ywa na wzrost i nie\u015bno\u015b\u0107. Zawarte w nich aminokwasy wspomagaj\u0105 odbudow\u0119 upierzenia podczas pierzenia.<\/p>\n<p><strong>Mr. Backs Relax &amp; Chill<\/strong><br \/>\nKarma pojedyncza dla drobiu<\/p>\n<p><strong>Sk\u0142adniki analityczne:<\/strong><br \/>\n46% bia\u0142ka surowego<br \/>\n6% wilgotno\u015bci<\/p>\n<p><strong>Wskaz\u00f3wki dotycz\u0105ce prawid\u0142owego stosowania:<\/strong><br \/>\nDro\u017cd\u017ce piwne nale\u017cy po prostu wymiesza\u0107 z mi\u0119kk\u0105 karm\u0105 lub m\u0105czk\u0105 dla niosek lub doda\u0107 do zwil\u017conej karmy ziarnistej lub granulowanej.<br \/>\nPodawa\u0107 2 razy w tygodniu w okresach stresu, takich jak pierzenie lub wzrost.<\/p>\n<p><strong>Dawkowanie:<\/strong> podawa\u0107 1,2 g na 1 kg masy cia\u0142a 1 raz dziennie<br \/>\nOznacza to:<br \/>\ndla 5 zwierz\u0105t o masie cia\u0142a 500 g ka\u017cde \u2013 4 g (1 p\u0142aska \u0142y\u017ceczka)<br \/>\ndla 5 zwierz\u0105t o masie cia\u0142a 1500 g \u2013 12 g (1 p\u0142aska \u0142y\u017cka sto\u0142owa)<br \/>\ndla 5 zwierz\u0105t o masie cia\u0142a 3000 g \u2013 24 g (1 czubata \u0142y\u017cka sto\u0142owa)<\/p>\n<p><strong>Przechowywa\u0107 w ch\u0142odnym i suchym miejscu!<\/strong><\/p>\n<p><strong>Masa netto: 180 g<\/strong><\/p>\n","protected":false},"featured_media":9635,"comment_status":"closed","ping_status":"closed","template":"","meta":[],"product_brand":[],"product_cat":[503,248],"product_tag":[],"class_list":{"0":"post-10611","1":"product","2":"type-product","3":"status-publish","4":"has-post-thumbnail","6":"product_cat-mr-backs","7":"product_cat-drob-ozdobny","9":"first","10":"instock","11":"shipping-taxable","12":"product-type-simple"},"_links":{"self":[{"href":"https:\/\/www.tauben-backs.de\/pl\/wp-json\/wp\/v2\/product\/10611","targetHints":{"allow":["GET"]}}],"collection":[{"href":"https:\/\/www.tauben-backs.de\/pl\/wp-json\/wp\/v2\/product"}],"about":[{"href":"https:\/\/www.tauben-backs.de\/pl\/wp-json\/wp\/v2\/types\/product"}],"replies":[{"embeddable":true,"href":"https:\/\/www.tauben-backs.de\/pl\/wp-json\/wp\/v2\/comments?post=10611"}],"wp:featuredmedia":[{"embeddable":true,"href":"https:\/\/www.tauben-backs.de\/pl\/wp-json\/wp\/v2\/media\/9635"}],"wp:attachment":[{"href":"https:\/\/www.tauben-backs.de\/pl\/wp-json\/wp\/v2\/media?parent=10611"}],"wp:term":[{"taxonomy":"product_brand","embeddable":true,"href":"https:\/\/www.tauben-backs.de\/pl\/wp-json\/wp\/v2\/product_brand?post=10611"},{"taxonomy":"product_cat","embeddable":true,"href":"https:\/\/www.tauben-backs.de\/pl\/wp-json\/wp\/v2\/product_cat?post=10611"},{"taxonomy":"product_tag","embeddable":true,"href":"https:\/\/www.tauben-backs.de\/pl\/wp-json\/wp\/v2\/product_tag?post=10611"}],"curies":[{"name":"wp","href":"https:\/\/api.w.org\/{rel}","templated":true}]}}