{"id":10607,"date":"2023-01-19T14:43:32","date_gmt":"2023-01-19T13:43:32","guid":{"rendered":"https:\/\/www.tauben-backs.de\/bez-kategorii\/poidlo-pojnik-z-linii-recyklingu\/"},"modified":"2023-01-19T14:43:32","modified_gmt":"2023-01-19T13:43:32","slug":"poidlo-pojnik-z-linii-recyklingu","status":"publish","type":"product","link":"https:\/\/www.tauben-backs.de\/pl\/drob-ozdobny\/akcesoria-pl\/poidla-i-podgrzewacze-do-poidel\/poidlo-pojnik-z-linii-recyklingu\/","title":{"rendered":"Poid\u0142o \/ Pojnik z linii recyklingu"},"content":{"rendered":"","protected":false},"excerpt":{"rendered":"<p>Poid\u0142a z linii Recycling s\u0105 w 100% wykonane z tworzywa sztucznego pochodz\u0105cego z recyklingu! Pozwala to unikn\u0105\u0107 powstawania odpad\u00f3w, oszcz\u0119dza\u0107 zasoby i chroni\u0107 \u015brodowisko. Dzi\u0119ki zastosowaniu granulat\u00f3w w r\u00f3\u017cnych kolorach ca\u0142a seria produkt\u00f3w zyskuje sw\u00f3j charakterystyczny, niepowtarzalny wz\u00f3r. Ka\u017cde poid\u0142o jest unikatowe!<\/p>\n<p>3 litry<br \/>\n6 litr\u00f3w<br \/>\n12 litr\u00f3w<\/p>\n","protected":false},"featured_media":9733,"comment_status":"closed","ping_status":"closed","template":"","meta":[],"product_brand":[],"product_cat":[248,253,515],"product_tag":[],"class_list":{"0":"post-10607","1":"product","2":"type-product","3":"status-publish","4":"has-post-thumbnail","6":"product_cat-drob-ozdobny","7":"product_cat-akcesoria-pl","8":"product_cat-poidla-i-podgrzewacze-do-poidel","10":"first","11":"instock","12":"shipping-taxable","13":"product-type-variable"},"_links":{"self":[{"href":"https:\/\/www.tauben-backs.de\/pl\/wp-json\/wp\/v2\/product\/10607","targetHints":{"allow":["GET"]}}],"collection":[{"href":"https:\/\/www.tauben-backs.de\/pl\/wp-json\/wp\/v2\/product"}],"about":[{"href":"https:\/\/www.tauben-backs.de\/pl\/wp-json\/wp\/v2\/types\/product"}],"replies":[{"embeddable":true,"href":"https:\/\/www.tauben-backs.de\/pl\/wp-json\/wp\/v2\/comments?post=10607"}],"wp:featuredmedia":[{"embeddable":true,"href":"https:\/\/www.tauben-backs.de\/pl\/wp-json\/wp\/v2\/media\/9733"}],"wp:attachment":[{"href":"https:\/\/www.tauben-backs.de\/pl\/wp-json\/wp\/v2\/media?parent=10607"}],"wp:term":[{"taxonomy":"product_brand","embeddable":true,"href":"https:\/\/www.tauben-backs.de\/pl\/wp-json\/wp\/v2\/product_brand?post=10607"},{"taxonomy":"product_cat","embeddable":true,"href":"https:\/\/www.tauben-backs.de\/pl\/wp-json\/wp\/v2\/product_cat?post=10607"},{"taxonomy":"product_tag","embeddable":true,"href":"https:\/\/www.tauben-backs.de\/pl\/wp-json\/wp\/v2\/product_tag?post=10607"}],"curies":[{"name":"wp","href":"https:\/\/api.w.org\/{rel}","templated":true}]}}