{"id":10606,"date":"2023-01-20T10:36:01","date_gmt":"2023-01-20T09:36:01","guid":{"rendered":"https:\/\/www.tauben-backs.de\/bez-kategorii\/pulapka-z-druciana-klatka\/"},"modified":"2023-01-20T10:36:01","modified_gmt":"2023-01-20T09:36:01","slug":"pulapka-z-druciana-klatka","status":"publish","type":"product","link":"https:\/\/www.tauben-backs.de\/pl\/drob-ozdobny\/dezynfekcja-i-pielegnacja\/pulapka-z-druciana-klatka\/","title":{"rendered":"Pu\u0142apka z drucian\u0105 klatk\u0105"},"content":{"rendered":"","protected":false},"excerpt":{"rendered":"<p>Do bezpiecznego i humanitarnego \u0142apania myszy lub szczur\u00f3w. Wykonana z wodoodpornej p\u0142yty OSB, ocynkowanej blachy stalowej oraz korpusu z ocynkowanej siatki drucianej.<\/p>\n<p><strong>Wskaz\u00f3wki dotycz\u0105ce przyn\u0119ty:<\/strong> boczek, kie\u0142basa, ser itp.<\/p>\n<p><strong>Instrukcja: Nale\u017cy zachowa\u0107 ostro\u017cno\u015b\u0107 podczas napinania pu\u0142apki!<\/strong><br \/>\nPrzymocowa\u0107 przyn\u0119t\u0119 do haczyka, napi\u0105\u0107 pu\u0142apk\u0119, ustawi\u0107 wzd\u0142u\u017c \u015bcie\u017cek przemieszczania si\u0119 zwierz\u0105t i regularnie sprawdza\u0107 co 4\u20136 godzin.<\/p>\n<p>Pu\u0142apka na myszy Nr art. 4430<\/p>\n<p>Pu\u0142apka na szczury Nr art. 4431<\/p>\n","protected":false},"featured_media":9746,"comment_status":"closed","ping_status":"closed","template":"","meta":[],"product_brand":[],"product_cat":[240,245,248,252],"product_tag":[],"class_list":{"0":"post-10606","1":"product","2":"type-product","3":"status-publish","4":"has-post-thumbnail","6":"product_cat-golebie","7":"product_cat-desinfektcja-i-pielegnacja","8":"product_cat-drob-ozdobny","9":"product_cat-dezynfekcja-i-pielegnacja","11":"first","12":"instock","13":"shipping-taxable","14":"product-type-simple"},"_links":{"self":[{"href":"https:\/\/www.tauben-backs.de\/pl\/wp-json\/wp\/v2\/product\/10606","targetHints":{"allow":["GET"]}}],"collection":[{"href":"https:\/\/www.tauben-backs.de\/pl\/wp-json\/wp\/v2\/product"}],"about":[{"href":"https:\/\/www.tauben-backs.de\/pl\/wp-json\/wp\/v2\/types\/product"}],"replies":[{"embeddable":true,"href":"https:\/\/www.tauben-backs.de\/pl\/wp-json\/wp\/v2\/comments?post=10606"}],"wp:featuredmedia":[{"embeddable":true,"href":"https:\/\/www.tauben-backs.de\/pl\/wp-json\/wp\/v2\/media\/9746"}],"wp:attachment":[{"href":"https:\/\/www.tauben-backs.de\/pl\/wp-json\/wp\/v2\/media?parent=10606"}],"wp:term":[{"taxonomy":"product_brand","embeddable":true,"href":"https:\/\/www.tauben-backs.de\/pl\/wp-json\/wp\/v2\/product_brand?post=10606"},{"taxonomy":"product_cat","embeddable":true,"href":"https:\/\/www.tauben-backs.de\/pl\/wp-json\/wp\/v2\/product_cat?post=10606"},{"taxonomy":"product_tag","embeddable":true,"href":"https:\/\/www.tauben-backs.de\/pl\/wp-json\/wp\/v2\/product_tag?post=10606"}],"curies":[{"name":"wp","href":"https:\/\/api.w.org\/{rel}","templated":true}]}}