{"id":10605,"date":"2025-01-09T10:06:00","date_gmt":"2025-01-09T09:06:00","guid":{"rendered":"https:\/\/www.tauben-backs.de\/bez-kategorii\/klatka-hodowlana-i-dla-wdowcow-z-plyty-wiorowej\/"},"modified":"2025-01-09T10:06:00","modified_gmt":"2025-01-09T09:06:00","slug":"klatka-hodowlana-i-dla-wdowcow-z-plyty-wiorowej","status":"publish","type":"product","link":"https:\/\/www.tauben-backs.de\/pl\/golebie\/akcesoria\/cele-kraty-do-cel-ruszty-klatki-wystawowe\/klatka-hodowlana-i-dla-wdowcow-z-plyty-wiorowej\/","title":{"rendered":"Klatka hodowlana i dla wdowc\u00f3w z p\u0142yty wi\u00f3rowej"},"content":{"rendered":"","protected":false},"excerpt":{"rendered":"<p>z dwoma odchylanymi drewnianymi kratkami i zatrzaskami do blokowania. Solidne, staranne wykonanie.<br \/>\nWymiary: 65 x 40 x 36 cm<\/p>\n<p><strong>Uwaga: produkt dostarczany jest w formie zestawu do samodzielnego monta\u017cu!<\/strong><br \/>\n<strong>Wy\u017csze koszty wysy\u0142ki!<\/strong><\/p>\n","protected":false},"featured_media":10186,"comment_status":"closed","ping_status":"closed","template":"","meta":[],"product_brand":[],"product_cat":[240,246,312],"product_tag":[],"class_list":{"0":"post-10605","1":"product","2":"type-product","3":"status-publish","4":"has-post-thumbnail","6":"product_cat-golebie","7":"product_cat-akcesoria","8":"product_cat-cele-kraty-do-cel-ruszty-klatki-wystawowe","10":"first","11":"instock","12":"shipping-taxable","13":"product-type-simple"},"_links":{"self":[{"href":"https:\/\/www.tauben-backs.de\/pl\/wp-json\/wp\/v2\/product\/10605","targetHints":{"allow":["GET"]}}],"collection":[{"href":"https:\/\/www.tauben-backs.de\/pl\/wp-json\/wp\/v2\/product"}],"about":[{"href":"https:\/\/www.tauben-backs.de\/pl\/wp-json\/wp\/v2\/types\/product"}],"replies":[{"embeddable":true,"href":"https:\/\/www.tauben-backs.de\/pl\/wp-json\/wp\/v2\/comments?post=10605"}],"wp:featuredmedia":[{"embeddable":true,"href":"https:\/\/www.tauben-backs.de\/pl\/wp-json\/wp\/v2\/media\/10186"}],"wp:attachment":[{"href":"https:\/\/www.tauben-backs.de\/pl\/wp-json\/wp\/v2\/media?parent=10605"}],"wp:term":[{"taxonomy":"product_brand","embeddable":true,"href":"https:\/\/www.tauben-backs.de\/pl\/wp-json\/wp\/v2\/product_brand?post=10605"},{"taxonomy":"product_cat","embeddable":true,"href":"https:\/\/www.tauben-backs.de\/pl\/wp-json\/wp\/v2\/product_cat?post=10605"},{"taxonomy":"product_tag","embeddable":true,"href":"https:\/\/www.tauben-backs.de\/pl\/wp-json\/wp\/v2\/product_tag?post=10605"}],"curies":[{"name":"wp","href":"https:\/\/api.w.org\/{rel}","templated":true}]}}