{"id":10598,"date":"2026-01-16T10:17:14","date_gmt":"2026-01-16T09:17:14","guid":{"rendered":"https:\/\/www.tauben-backs.de\/bez-kategorii\/mr-backs-grit-z-anyzem\/"},"modified":"2026-01-16T10:17:14","modified_gmt":"2026-01-16T09:17:14","slug":"mr-backs-grit-z-anyzem","status":"publish","type":"product","link":"https:\/\/www.tauben-backs.de\/pl\/drob-ozdobny\/mr-backs-drob\/mr-backs-grit-z-anyzem\/","title":{"rendered":"Mr. Backs Grit z any\u017cem"},"content":{"rendered":"","protected":false},"excerpt":{"rendered":"<p>zawiera cenne zwi\u0105zki wapnia i fosforu oraz najwa\u017cniejsze pierwiastki \u015bladowe. Sk\u0142adniki mineralne i pierwiastki \u015bladowe s\u0142u\u017c\u0105 przede wszystkim tworzeniu skorupek jaj, budowie ko\u015bci oraz wzrostowi pi\u00f3r.<\/p>\n<p><strong>Backs Grit z any\u017cem<\/strong><br \/>\nMineralna pasza dla drobiu.<\/p>\n<p><strong>Sk\u0142ad:<\/strong> w\u0119glan wapnia z muszli, w\u0119glan wapnia, czerwony grit, kwarc<\/p>\n<p><strong>Sk\u0142adniki analityczne:<\/strong><br \/>\n28,0 % wapnia<br \/>\n14,6 % popio\u0142u nierozpuszczalnego w kwasie solnym<br \/>\n0,24 % sodu<br \/>\n0,09 % fosforu<br \/>\n0,00 % lizyny<br \/>\n0,00% metioniny<\/p>\n<p><strong>Wskaz\u00f3wki dotycz\u0105ce prawid\u0142owego stosowania:<\/strong> Backs Grit z any\u017cem nale\u017cy podawa\u0107 zwierz\u0119tom do swobodnego spo\u017cycia w oddzielnych miseczkach. Zaleca si\u0119 codzienne uzupe\u0142nianie gritu \u015bwie\u017c\u0105 porcj\u0105.<br \/>\nPrzechowywa\u0107 w suchym miejscu!<\/p>\n<p><strong>Masa netto: 2,5 kg<\/strong><\/p>\n","protected":false},"featured_media":10369,"comment_status":"closed","ping_status":"closed","template":"","meta":[],"product_brand":[],"product_cat":[248,503],"product_tag":[504,507,508,509],"class_list":{"0":"post-10598","1":"product","2":"type-product","3":"status-publish","4":"has-post-thumbnail","6":"product_cat-drob-ozdobny","7":"product_cat-mr-backs-drob","8":"product_tag-futter","9":"product_tag-gefluegel","10":"product_tag-mineralien","11":"product_tag-spurenelemente","13":"first","14":"instock","15":"shipping-taxable","16":"product-type-simple"},"_links":{"self":[{"href":"https:\/\/www.tauben-backs.de\/pl\/wp-json\/wp\/v2\/product\/10598","targetHints":{"allow":["GET"]}}],"collection":[{"href":"https:\/\/www.tauben-backs.de\/pl\/wp-json\/wp\/v2\/product"}],"about":[{"href":"https:\/\/www.tauben-backs.de\/pl\/wp-json\/wp\/v2\/types\/product"}],"replies":[{"embeddable":true,"href":"https:\/\/www.tauben-backs.de\/pl\/wp-json\/wp\/v2\/comments?post=10598"}],"wp:featuredmedia":[{"embeddable":true,"href":"https:\/\/www.tauben-backs.de\/pl\/wp-json\/wp\/v2\/media\/10369"}],"wp:attachment":[{"href":"https:\/\/www.tauben-backs.de\/pl\/wp-json\/wp\/v2\/media?parent=10598"}],"wp:term":[{"taxonomy":"product_brand","embeddable":true,"href":"https:\/\/www.tauben-backs.de\/pl\/wp-json\/wp\/v2\/product_brand?post=10598"},{"taxonomy":"product_cat","embeddable":true,"href":"https:\/\/www.tauben-backs.de\/pl\/wp-json\/wp\/v2\/product_cat?post=10598"},{"taxonomy":"product_tag","embeddable":true,"href":"https:\/\/www.tauben-backs.de\/pl\/wp-json\/wp\/v2\/product_tag?post=10598"}],"curies":[{"name":"wp","href":"https:\/\/api.w.org\/{rel}","templated":true}]}}