{"id":10597,"date":"2026-01-16T10:31:09","date_gmt":"2026-01-16T09:31:09","guid":{"rendered":"https:\/\/www.tauben-backs.de\/bez-kategorii\/mr-backs-karma-dla-jezy\/"},"modified":"2026-01-16T10:31:09","modified_gmt":"2026-01-16T09:31:09","slug":"mr-backs-karma-dla-jezy","status":"publish","type":"product","link":"https:\/\/www.tauben-backs.de\/pl\/ogrod\/mr-backs-karma-dla-jezy\/","title":{"rendered":"Mr. Backs Karma dla je\u017cy"},"content":{"rendered":"","protected":false},"excerpt":{"rendered":"<p>Kompletna karma dla je\u017cy zawieraj\u0105ca mi\u0119so i produkty uboczne pochodzenia zwierz\u0119cego, nasiona, mi\u0119czaki i skorupiaki, oleje oraz t\u0142uszcze. Karma dla je\u017cy powinna by\u0107 podawana w p\u0142ytkiej misce. Niezb\u0119dne jest codzienne uzupe\u0142nianie \u015bwie\u017cej wody w miejscu karmienia. Najlepsz\u0105 por\u0105 na karmienie jest wieczorny zmierzch, kiedy je\u017ce i tak wyruszaj\u0105 na poszukiwanie po\u017cywienia. Prosimy o utrzymywanie miejsca karmienia w czysto\u015bci.<\/p>\n<p><strong>Masa netto 1 kg<\/strong><\/p>\n","protected":false},"featured_media":10373,"comment_status":"closed","ping_status":"closed","template":"","meta":[],"product_brand":[],"product_cat":[260],"product_tag":[504,506],"class_list":{"0":"post-10597","1":"product","2":"type-product","3":"status-publish","4":"has-post-thumbnail","6":"product_cat-ogrod","7":"product_tag-futter","8":"product_tag-wildtiere","10":"first","11":"instock","12":"shipping-taxable","13":"product-type-simple"},"_links":{"self":[{"href":"https:\/\/www.tauben-backs.de\/pl\/wp-json\/wp\/v2\/product\/10597","targetHints":{"allow":["GET"]}}],"collection":[{"href":"https:\/\/www.tauben-backs.de\/pl\/wp-json\/wp\/v2\/product"}],"about":[{"href":"https:\/\/www.tauben-backs.de\/pl\/wp-json\/wp\/v2\/types\/product"}],"replies":[{"embeddable":true,"href":"https:\/\/www.tauben-backs.de\/pl\/wp-json\/wp\/v2\/comments?post=10597"}],"wp:featuredmedia":[{"embeddable":true,"href":"https:\/\/www.tauben-backs.de\/pl\/wp-json\/wp\/v2\/media\/10373"}],"wp:attachment":[{"href":"https:\/\/www.tauben-backs.de\/pl\/wp-json\/wp\/v2\/media?parent=10597"}],"wp:term":[{"taxonomy":"product_brand","embeddable":true,"href":"https:\/\/www.tauben-backs.de\/pl\/wp-json\/wp\/v2\/product_brand?post=10597"},{"taxonomy":"product_cat","embeddable":true,"href":"https:\/\/www.tauben-backs.de\/pl\/wp-json\/wp\/v2\/product_cat?post=10597"},{"taxonomy":"product_tag","embeddable":true,"href":"https:\/\/www.tauben-backs.de\/pl\/wp-json\/wp\/v2\/product_tag?post=10597"}],"curies":[{"name":"wp","href":"https:\/\/api.w.org\/{rel}","templated":true}]}}