{"id":10596,"date":"2026-01-16T10:35:44","date_gmt":"2026-01-16T09:35:44","guid":{"rendered":"https:\/\/www.tauben-backs.de\/bez-kategorii\/mr-backs-karma-dla-wiewiorek\/"},"modified":"2026-01-16T10:35:44","modified_gmt":"2026-01-16T09:35:44","slug":"mr-backs-karma-dla-wiewiorek","status":"publish","type":"product","link":"https:\/\/www.tauben-backs.de\/pl\/ogrod\/mr-backs-karma-dla-wiewiorek\/","title":{"rendered":"Mr. Backs Karma dla wiewi\u00f3rek"},"content":{"rendered":"","protected":false},"excerpt":{"rendered":"<p>Kompletna karma dla wiewi\u00f3rek zawieraj\u0105ca nasiona, zbo\u017ca, orzechy, warzywa i owoce.<\/p>\n<p><strong>Zalecenia dotycz\u0105ce karmienia:<\/strong> Codziennie uzupe\u0142nia\u0107 \u015bwie\u017c\u0105 karm\u0119 i utrzymywa\u0107 karmnik w czysto\u015bci.<\/p>\n<p><strong>Waga netto: 1000 g<\/strong><\/p>\n","protected":false},"featured_media":10385,"comment_status":"closed","ping_status":"closed","template":"","meta":[],"product_brand":[],"product_cat":[260],"product_tag":[505,504],"class_list":{"0":"post-10596","1":"product","2":"type-product","3":"status-publish","4":"has-post-thumbnail","6":"product_cat-ogrod","7":"product_tag-eichhoernchen","8":"product_tag-futter","10":"first","11":"instock","12":"shipping-taxable","13":"product-type-simple"},"_links":{"self":[{"href":"https:\/\/www.tauben-backs.de\/pl\/wp-json\/wp\/v2\/product\/10596","targetHints":{"allow":["GET"]}}],"collection":[{"href":"https:\/\/www.tauben-backs.de\/pl\/wp-json\/wp\/v2\/product"}],"about":[{"href":"https:\/\/www.tauben-backs.de\/pl\/wp-json\/wp\/v2\/types\/product"}],"replies":[{"embeddable":true,"href":"https:\/\/www.tauben-backs.de\/pl\/wp-json\/wp\/v2\/comments?post=10596"}],"wp:featuredmedia":[{"embeddable":true,"href":"https:\/\/www.tauben-backs.de\/pl\/wp-json\/wp\/v2\/media\/10385"}],"wp:attachment":[{"href":"https:\/\/www.tauben-backs.de\/pl\/wp-json\/wp\/v2\/media?parent=10596"}],"wp:term":[{"taxonomy":"product_brand","embeddable":true,"href":"https:\/\/www.tauben-backs.de\/pl\/wp-json\/wp\/v2\/product_brand?post=10596"},{"taxonomy":"product_cat","embeddable":true,"href":"https:\/\/www.tauben-backs.de\/pl\/wp-json\/wp\/v2\/product_cat?post=10596"},{"taxonomy":"product_tag","embeddable":true,"href":"https:\/\/www.tauben-backs.de\/pl\/wp-json\/wp\/v2\/product_tag?post=10596"}],"curies":[{"name":"wp","href":"https:\/\/api.w.org\/{rel}","templated":true}]}}