{"id":10595,"date":"2026-02-24T13:11:55","date_gmt":"2026-02-24T12:11:55","guid":{"rendered":"https:\/\/www.tauben-backs.de\/bez-kategorii\/mr-backs-kamien-mineralny-dla-drobiu\/"},"modified":"2026-02-24T13:11:55","modified_gmt":"2026-02-24T12:11:55","slug":"mr-backs-kamien-mineralny-dla-drobiu","status":"publish","type":"product","link":"https:\/\/www.tauben-backs.de\/pl\/drob-ozdobny\/mr-backs-drob\/mr-backs-kamien-mineralny-dla-drobiu\/","title":{"rendered":"Mr. Backs Kamie\u0144 mineralny dla drobiu"},"content":{"rendered":"","protected":false},"excerpt":{"rendered":"<p>Zr\u00f3\u017cnicowane zaopatrzenie w minera\u0142y ma ogromne znaczenie dla Pa\u0144stwa zwierz\u0105t. Dzi\u0119ki zr\u00f3\u017cnicowanemu sk\u0142adowi naszego kamienia mineralnego zapewniaj\u0105 Pa\u0144stwo swoim zwierz\u0119tom szerokie spektrum minera\u0142\u00f3w i pierwiastk\u00f3w \u015bladowych.<\/p>\n<p><strong>Kamie\u0144 mineralny Mr. Backs<\/strong> \u2013 pasza mineralna dla drobiu<\/p>\n<p><strong>Sk\u0142ad:<\/strong> w\u0119glan wapnia z muszli, naturalny less, w\u0119glan wapnia, czerwie\u0144 kamienna, kwarc, fosforan dwuwapniowy, chlorek sodu, wodorow\u0119glan sodu<\/p>\n<p><strong>Sk\u0142ad analityczny:<\/strong> 40,5% popio\u0142u nierozpuszczalnego w HCl, 21,8% wapnia, 1,1% sodu, 0,3% fosforu, 0,0% lizyny, 0,0% metioniny<\/p>\n<p><strong>Wskaz\u00f3wki dotycz\u0105ce prawid\u0142owego stosowania:<\/strong> Kamie\u0144 nale\u017cy udost\u0119pni\u0107 zwierz\u0119tom do swobodnego spo\u017cycia. Aby u\u0142atwi\u0107 spo\u017cycie, nale\u017cy go rozbi\u0107 i nieco pokruszy\u0107.<\/p>\n<p><strong>Masa netto: 850 g<\/strong><\/p>\n","protected":false},"featured_media":10393,"comment_status":"closed","ping_status":"closed","template":"","meta":[],"product_brand":[],"product_cat":[248,503],"product_tag":[],"class_list":{"0":"post-10595","1":"product","2":"type-product","3":"status-publish","4":"has-post-thumbnail","6":"product_cat-drob-ozdobny","7":"product_cat-mr-backs-drob","9":"first","10":"instock","11":"shipping-taxable","12":"product-type-simple"},"_links":{"self":[{"href":"https:\/\/www.tauben-backs.de\/pl\/wp-json\/wp\/v2\/product\/10595","targetHints":{"allow":["GET"]}}],"collection":[{"href":"https:\/\/www.tauben-backs.de\/pl\/wp-json\/wp\/v2\/product"}],"about":[{"href":"https:\/\/www.tauben-backs.de\/pl\/wp-json\/wp\/v2\/types\/product"}],"replies":[{"embeddable":true,"href":"https:\/\/www.tauben-backs.de\/pl\/wp-json\/wp\/v2\/comments?post=10595"}],"wp:featuredmedia":[{"embeddable":true,"href":"https:\/\/www.tauben-backs.de\/pl\/wp-json\/wp\/v2\/media\/10393"}],"wp:attachment":[{"href":"https:\/\/www.tauben-backs.de\/pl\/wp-json\/wp\/v2\/media?parent=10595"}],"wp:term":[{"taxonomy":"product_brand","embeddable":true,"href":"https:\/\/www.tauben-backs.de\/pl\/wp-json\/wp\/v2\/product_brand?post=10595"},{"taxonomy":"product_cat","embeddable":true,"href":"https:\/\/www.tauben-backs.de\/pl\/wp-json\/wp\/v2\/product_cat?post=10595"},{"taxonomy":"product_tag","embeddable":true,"href":"https:\/\/www.tauben-backs.de\/pl\/wp-json\/wp\/v2\/product_tag?post=10595"}],"curies":[{"name":"wp","href":"https:\/\/api.w.org\/{rel}","templated":true}]}}