{"id":10594,"date":"2026-02-24T13:17:28","date_gmt":"2026-02-24T12:17:28","guid":{"rendered":"https:\/\/www.tauben-backs.de\/bez-kategorii\/mr-backs-adec-preparat-dla-drobiu\/"},"modified":"2026-03-31T14:36:48","modified_gmt":"2026-03-31T12:36:48","slug":"mr-backs-adec-preparat-dla-drobiu","status":"publish","type":"product","link":"https:\/\/www.tauben-backs.de\/pl\/drob-ozdobny\/mr-backs-drob\/mr-backs-adec-preparat-dla-drobiu\/","title":{"rendered":"Mr. Backs ADEC Preparat dla drobiu"},"content":{"rendered":"","protected":false},"excerpt":{"rendered":"<p>stanowi po\u0142\u0105czenie witamin, kt\u00f3rych niedob\u00f3r wyst\u0119puje najcz\u0119\u015bciej. Witamina A ma kluczowe znaczenie dla funkcjonowania b\u0142on \u015bluzowych, narz\u0105d\u00f3w rozrodczych, oczu i innych narz\u0105d\u00f3w. Witamina D3 wspomaga wch\u0142anianie wapnia przez b\u0142on\u0119 \u015bluzow\u0105 jelit oraz wbudowywanie wapnia i fosforu w tkank\u0119 kostn\u0105. Witamina E stabilizuje w organizmie nienasycone kwasy t\u0142uszczowe i chroni witaminy wra\u017cliwe na tlen. Witamina E ma pozytywny wp\u0142yw na funkcjonowanie j\u0105der i \u017ce\u0144skiego uk\u0142adu rozrodczego.<\/p>\n<p><strong>Mr. Backs ADEC<\/strong> P\u0142ynny dietetyczny \u015brodek uzupe\u0142niaj\u0105cy pasz\u0119 dla drobiu wspomagaj\u0105cy przygotowanie do rui i reprodukcji.<\/p>\n<p><strong>Sk\u0142ad:<\/strong> 1,2-propanodiol, dekstroza<\/p>\n<p><strong>Sk\u0142adniki analityczne:<\/strong> 80,7% wilgotno\u015bci, 2,0% t\u0142uszczu surowego, 0,7% popio\u0142u surowego, 0,63% sodu, 0% metioniny, 0% w\u0142\u00f3kna surowego, 0% lizyny, 0% bia\u0142ka surowego,<\/p>\n<p><strong>Dodatki na kg: <\/strong>Witaminy: 1 000 000 j.m. witaminy A (3a672b), 200 000 j.m. witaminy D3 (3a671), 20 000 mg witaminy E (3a700)<\/p>\n<p><strong>Dodatki technologiczne:<\/strong> 50 000 mg askorbinianu sodu (1b301), 4000 mg kwasu cytrynowego (1a330), 2000 mg sorbinianu potasu (1k202), 2000 mg propionianu sodu (1k281)<\/p>\n<p><strong>Wskaz\u00f3wki dotycz\u0105ce prawid\u0142owego stosowania:<\/strong><\/p>\n<p>W przypadku piskl\u0105t nale\u017cy dozowa\u0107 2 ml na 1 litr wody pitnej, a w przypadku m\u0142odych kur i kur niosek \u2013 1 ml na 1 litr wody pitnej. Wod\u0119 nale\u017cy wymienia\u0107 codziennie.<\/p>\n<p>Ze wzgl\u0119du na wy\u017csz\u0105 zawarto\u015b\u0107 witamin w por\u00f3wnaniu z paszami pe\u0142noporcjowymi, ten dodatek paszowy mo\u017cna podawa\u0107 drobiowi wy\u0142\u0105cznie w ilo\u015bci nieprzekraczaj\u0105cej 0,2% dziennej dawki pokarmowej. Nale\u017cy uwzgl\u0119dni\u0107 zawarto\u015b\u0107 sk\u0142adnik\u00f3w od\u017cywczych pochodz\u0105cych z innych \u017ar\u00f3de\u0142 paszy.<\/p>\n<p><strong>Przed u\u017cyciem wstrz\u0105sn\u0105\u0107. Przechowywa\u0107 szczelnie zamkni\u0119te, w ch\u0142odnym i ciemnym miejscu.<\/strong><\/p>\n<p><strong>Przechowywa\u0107 w miejscu niedost\u0119pnym dla dzieci.<\/strong><\/p>\n<p><strong>Pojemno\u015b\u0107 netto: 250 ml<\/strong><\/p>\n","protected":false},"featured_media":10365,"comment_status":"closed","ping_status":"closed","template":"","meta":[],"product_brand":[],"product_cat":[248,503],"product_tag":[],"class_list":{"0":"post-10594","1":"product","2":"type-product","3":"status-publish","4":"has-post-thumbnail","6":"product_cat-drob-ozdobny","7":"product_cat-mr-backs-drob","9":"first","10":"instock","11":"shipping-taxable","12":"product-type-simple"},"_links":{"self":[{"href":"https:\/\/www.tauben-backs.de\/pl\/wp-json\/wp\/v2\/product\/10594","targetHints":{"allow":["GET"]}}],"collection":[{"href":"https:\/\/www.tauben-backs.de\/pl\/wp-json\/wp\/v2\/product"}],"about":[{"href":"https:\/\/www.tauben-backs.de\/pl\/wp-json\/wp\/v2\/types\/product"}],"replies":[{"embeddable":true,"href":"https:\/\/www.tauben-backs.de\/pl\/wp-json\/wp\/v2\/comments?post=10594"}],"wp:featuredmedia":[{"embeddable":true,"href":"https:\/\/www.tauben-backs.de\/pl\/wp-json\/wp\/v2\/media\/10365"}],"wp:attachment":[{"href":"https:\/\/www.tauben-backs.de\/pl\/wp-json\/wp\/v2\/media?parent=10594"}],"wp:term":[{"taxonomy":"product_brand","embeddable":true,"href":"https:\/\/www.tauben-backs.de\/pl\/wp-json\/wp\/v2\/product_brand?post=10594"},{"taxonomy":"product_cat","embeddable":true,"href":"https:\/\/www.tauben-backs.de\/pl\/wp-json\/wp\/v2\/product_cat?post=10594"},{"taxonomy":"product_tag","embeddable":true,"href":"https:\/\/www.tauben-backs.de\/pl\/wp-json\/wp\/v2\/product_tag?post=10594"}],"curies":[{"name":"wp","href":"https:\/\/api.w.org\/{rel}","templated":true}]}}