{"id":10539,"date":"2026-02-24T10:37:37","date_gmt":"2026-02-24T09:37:37","guid":{"rendered":"https:\/\/www.tauben-backs.de\/bez-kategorii\/backs-oekologische-schlag-und-stalldesinfektion-ekologiczna-dezynfekcja-golebnikow-kurnikow-i-krolikarni\/"},"modified":"2026-03-25T14:13:12","modified_gmt":"2026-03-25T13:13:12","slug":"backs-oekologische-schlag-und-stalldesinfektion-ekologiczna-dezynfekcja-golebnikow-kurnikow-i-krolikarni","status":"publish","type":"product","link":"https:\/\/www.tauben-backs.de\/pl\/ptaki\/dezynfekcja-ptaki\/backs-oekologische-schlag-und-stalldesinfektion-ekologiczna-dezynfekcja-golebnikow-kurnikow-i-krolikarni\/","title":{"rendered":"Backs \u00d6kologische Schlag- und Stalldesinfektion \u2013 ekologiczna dezynfekcja go\u0142\u0119bnik\u00f3w, kurnik\u00f3w i kr\u00f3likarni"},"content":{"rendered":"","protected":false},"excerpt":{"rendered":"<p>gotowy do u\u017cycia preparat do dezynfekcji go\u0142\u0119bnik\u00f3w, kurnik\u00f3w i kr\u00f3likarni.<\/p>\n<p><strong>Zastosowanie:\u00a0<\/strong>Backs \u00d6kologische Schlag- und Stalldesinfektion znakomicie nadaje si\u0119 do dezynfekcji wszelkich powierzchni w go\u0142\u0119bnikach, kurnikach, kr\u00f3likarniach, jak r\u00f3wnie\u017c kosz\u00f3w transportowych, klatek i karmide\u0142.<\/p>\n<p><strong>Dzia\u0142anie:\u00a0<\/strong>Backs \u00d6kologische Schlag- und Stalldesinfektion dzia\u0142a przeciwko takim bakteriom jak: E- coli, salmonellom, streptokokom, pseudomonas, jak r\u00f3wnie\u017c innym enterobakteriom, wirusom i grzybom. Backs \u00d6kologische Schlag- und Stalldesinfektion wykazuje bardzo wysok\u0105 skuteczno\u015b\u0107, przy czym w 100% ulega biodegradacji.<\/p>\n<p><strong>Spos\u00f3b u\u017cycia i dawkowanie:\u00a0<\/strong>Wyczy\u015bci\u0107 go\u0142\u0119bnik, kurnik b\u0105d\u017a kr\u00f3likarni\u0119 i nast\u0119pnie spryska\u0107 wszystkie powierzchnie nierozcie\u0144czonym preparatem Backs \u00d6kologische Schlag- und Stalldesinfektion. Podczas przeprowadzania dezynfekcji nie trzeba usuwa\u0107 ptak\u00f3w z go\u0142\u0119bnika, jednak nie powinny by\u0107 one bezpo\u015brednio spryskiwane. Zaleca si\u0119 przeprowadzanie dezynfekcji raz w miesi\u0105cu.<\/p>\n<p><strong>Substancje sk\u0142adowe: C<\/strong>hlor<\/p>\n<p><strong>Wskaz\u00f3wki dotycz\u0105ce bezpiecze\u0144stwa b\u0105d\u017a mo\u017cliwych zagro\u017ce\u0144: <\/strong>Przy prawid\u0142owym zastosowaniu nie ma \u017cadnych zagro\u017ce\u0144 dla ludzi oraz \u015brodowiska. Nie nale\u017cy przechowywa\u0107 opakowania p\u0142ynu w pobli\u017cu otwartego ognia. Preparatu nie nale\u017cy pi\u0107 w postaci nierozcie\u0144czonej, przechowywa\u0107 szczelnie zamkni\u0119tym w ch\u0142odnym miejscu. Chroni\u0107 przed dzie\u0107mi. Nie wdycha\u0107 opar\u00f3w przy otwarciu.<\/p>\n<p><strong>Utylizacja: <\/strong>po opr\u00f3\u017cnieniu, pusta butelka mo\u017ce zosta\u0107 wy\u017cucona do odpad\u00f3w domowych.<\/p>\n<p>Baua-Reg.-Nr.: N-103911<\/p>\n<p><strong style=\"font-size: 14.4px;\">Zaw<\/strong><strong style=\"font-size: 14.4px;\">arto\u015b\u0107: 1000 ml\u00a0 \u00a0 \u00a0Nr art. 2450<br \/>\nZawarto\u015b\u0107: 5000 ml\u00a0 \u00a0 \u00a0Nr art. 2452<\/strong><\/p>\n","protected":false},"featured_media":2672,"comment_status":"closed","ping_status":"closed","template":"","meta":[],"product_brand":[],"product_cat":[240,245,248,252,256,258],"product_tag":[],"class_list":{"0":"post-10539","1":"product","2":"type-product","3":"status-publish","4":"has-post-thumbnail","6":"product_cat-golebie","7":"product_cat-desinfektcja-i-pielegnacja","8":"product_cat-drob-ozdobny","9":"product_cat-dezynfekcja-i-pielegnacja","10":"product_cat-ptaki","11":"product_cat-dezynfekcja-ptaki","13":"first","14":"instock","15":"shipping-taxable","16":"product-type-simple"},"_links":{"self":[{"href":"https:\/\/www.tauben-backs.de\/pl\/wp-json\/wp\/v2\/product\/10539","targetHints":{"allow":["GET"]}}],"collection":[{"href":"https:\/\/www.tauben-backs.de\/pl\/wp-json\/wp\/v2\/product"}],"about":[{"href":"https:\/\/www.tauben-backs.de\/pl\/wp-json\/wp\/v2\/types\/product"}],"replies":[{"embeddable":true,"href":"https:\/\/www.tauben-backs.de\/pl\/wp-json\/wp\/v2\/comments?post=10539"}],"wp:featuredmedia":[{"embeddable":true,"href":"https:\/\/www.tauben-backs.de\/pl\/wp-json\/wp\/v2\/media\/2672"}],"wp:attachment":[{"href":"https:\/\/www.tauben-backs.de\/pl\/wp-json\/wp\/v2\/media?parent=10539"}],"wp:term":[{"taxonomy":"product_brand","embeddable":true,"href":"https:\/\/www.tauben-backs.de\/pl\/wp-json\/wp\/v2\/product_brand?post=10539"},{"taxonomy":"product_cat","embeddable":true,"href":"https:\/\/www.tauben-backs.de\/pl\/wp-json\/wp\/v2\/product_cat?post=10539"},{"taxonomy":"product_tag","embeddable":true,"href":"https:\/\/www.tauben-backs.de\/pl\/wp-json\/wp\/v2\/product_tag?post=10539"}],"curies":[{"name":"wp","href":"https:\/\/api.w.org\/{rel}","templated":true}]}}