{"id":10530,"date":"2017-04-24T00:00:00","date_gmt":"2017-04-23T22:00:00","guid":{"rendered":"https:\/\/www.tauben-backs.de\/bez-kategorii\/backs-trinkwasserdesinfektion\/"},"modified":"2017-04-24T00:00:00","modified_gmt":"2017-04-23T22:00:00","slug":"backs-trinkwasserdesinfektion","status":"publish","type":"product","link":"https:\/\/www.tauben-backs.de\/pl\/drob-ozdobny\/dezynfekcja-i-pielegnacja\/backs-trinkwasserdesinfektion\/","title":{"rendered":"Backs Trinkwasserdesinfektion"},"content":{"rendered":"<p>&nbsp;<\/p>\n<p><strong>Anwendungsbereiche: <\/strong>Backs Trinkwasserdesinfektion ist hervorragend geeignet zur Desinfektion des Trinkwassers auf Taubenschl\u00e4gen, in Gefl\u00fcgel- und Kaninchenst\u00e4llen, sowie im Kabinenexpress.<\/p>\n<p>&nbsp;<\/p>\n<p><strong>Wirkungsspektrum:<\/strong> Backs Trinkwasserdesinfektion wirkt gegen Bakterien aller Art im Trinkwasser. Backs Trinkwasserdesinfektion baut sich selbst\u00e4ndig zu<\/p>\n<p>100 % biologisch ab und besitzt dabei eine sehr gute Wirksamkeit.<\/p>\n<p>&nbsp;<\/p>\n<p><strong>Dosierung: <\/strong>1 ml Trinkwasserdesinfektion auf 1 Liter Wasser<\/p>\n<p>&nbsp;<\/p>\n<p><strong>Inhaltsstoffe: <\/strong>Chlor<\/p>\n<p><strong>\u00a0<\/strong><\/p>\n<p><strong>Wichtige Hinweise: <\/strong>Backs Trinkwasserdesinfektion darf nicht zusammen mit anderen Trinkwasserzus\u00e4tzen verwendet werden, da es die Wirkung anderer Trinkwasserzus\u00e4tze aufheben kann. Nicht toxisch, nicht \u00e4tzend.<\/p>\n<p><strong>\u00a0<\/strong><\/p>\n<p><strong>Gefahrenhinweise und Sicherheitsratschl\u00e4ge: <\/strong>Bei sachgem\u00e4\u00dfer Handhabung sind keine Beeintr\u00e4chtigungen von Mensch und Umwelt zu bef\u00fcrchten. Kein offenes Feuer beim Umgang mit dem Fl\u00fcssigkeitsbeh\u00e4lter. Nicht pur Trinken, dicht verschlossen und k\u00fchl lagern. F\u00fcr Kinder unzug\u00e4nglich aufbewahren. Beim \u00d6ffnen nicht einatmen.<\/p>\n<p><strong>\u00a0<\/strong><\/p>\n<p><strong>Entsorgung:<\/strong> Flasche kann nach Restentleerung dem Hausm\u00fcll zugef\u00fchrt werden.<\/p>\n<p>&nbsp;<\/p>\n<p><strong>Baua-Reg.-Nr.: N-69278<\/strong><\/p>\n<p>&nbsp;<\/p>\n<p>Inhalt: 500 ml<\/p>\n","protected":false},"excerpt":{"rendered":"<p><strong>Backs Trinkwasserdesinfektion \u2013 <\/strong><strong>preparat do dezynfekcji wody<\/strong><\/p>\n<p>Gotowy do u\u017cycia roztw\u00f3r do dezynfekcji wody pitnej.<\/p>\n<p><strong>Zakres zastosowania:\u00a0<\/strong>Backs Trinkwasserdesinfektion wy\u015bmienicie nadaje si\u0119 do dezynfekcji wody pitnej w go\u0142\u0119bnikach, kurnikach, kr\u00f3likarniach, jak r\u00f3wnie\u017c w transporcie kabinowym.<\/p>\n<p><strong>Dzia\u0142anie: <\/strong><span style=\"font-size: 14.4px;\">Backs Trinkwasserdesinfektion dzia\u0142a przeciwko wszelkim bakteriom wyst\u0119puj\u0105cym w wodzie pitnej. Backs Trinkwasserdesinfektion wykazuje bardzo wysok\u0105 skuteczno\u015b\u0107, przy czym w 100% ulega biodegradacji.<\/span><\/p>\n<p><strong>Dawkowanie: <\/strong>1 ml Trinkwasserdesinfektion na 1 litr wody<\/p>\n<p><strong>Substancje sk\u0142adowe: <\/strong>chlor<\/p>\n<p><strong>Wa\u017cne wskaz\u00f3wki: <\/strong>Preparat Backs Trinkwasserdesinfektion nie mo\u017ce by\u0107 stosowany razem z innymi dodatkami do wody pitnej, gdy\u017c mog\u0105 one straci\u0107 przez to swoj\u0105 skuteczno\u015b\u0107. \u015arodek nie jest toksyczny, nie jest \u017cr\u0105cy.<\/p>\n<p><strong>Wskaz\u00f3wki dotycz\u0105ce bezpiecze\u0144stwa b\u0105d\u017a mo\u017cliwych zagro\u017ce\u0144: <\/strong>Przy prawid\u0142owym zastosowaniu nie ma \u017cadnych zagro\u017ce\u0144 dla ludzi oraz \u015brodowiska. Nie nale\u017cy przechowywa\u0107 opakowania p\u0142ynu w pobli\u017cu otwartego ognia. Preparatu nie nale\u017cy pi\u0107 w postaci nierozcie\u0144czonej, przechowywa\u0107 szczelnie zamkni\u0119tym w ch\u0142odnym miejscu. Chroni\u0107 przed dzie\u0107mi. Nie wdycha\u0107 opar\u00f3w przy otwarciu.<\/p>\n<p><strong>Utylizacja: <\/strong>po opr\u00f3\u017cnieniu, pusta butelka mo\u017ce zosta\u0107 wy\u017cucona do odpad\u00f3w domowych.<\/p>\n<p><strong>Baua-Reg.-Nr.: N-103911<\/strong><\/p>\n<p>Zawarto\u015b\u0107: 500 ml<\/p>\n","protected":false},"featured_media":5769,"comment_status":"closed","ping_status":"closed","template":"","meta":[],"product_brand":[],"product_cat":[240,245,248,252],"product_tag":[],"class_list":{"0":"post-10530","1":"product","2":"type-product","3":"status-publish","4":"has-post-thumbnail","6":"product_cat-golebie","7":"product_cat-desinfektcja-i-pielegnacja","8":"product_cat-drob-ozdobny","9":"product_cat-dezynfekcja-i-pielegnacja","11":"first","12":"instock","13":"product-type-simple"},"_links":{"self":[{"href":"https:\/\/www.tauben-backs.de\/pl\/wp-json\/wp\/v2\/product\/10530","targetHints":{"allow":["GET"]}}],"collection":[{"href":"https:\/\/www.tauben-backs.de\/pl\/wp-json\/wp\/v2\/product"}],"about":[{"href":"https:\/\/www.tauben-backs.de\/pl\/wp-json\/wp\/v2\/types\/product"}],"replies":[{"embeddable":true,"href":"https:\/\/www.tauben-backs.de\/pl\/wp-json\/wp\/v2\/comments?post=10530"}],"wp:featuredmedia":[{"embeddable":true,"href":"https:\/\/www.tauben-backs.de\/pl\/wp-json\/wp\/v2\/media\/5769"}],"wp:attachment":[{"href":"https:\/\/www.tauben-backs.de\/pl\/wp-json\/wp\/v2\/media?parent=10530"}],"wp:term":[{"taxonomy":"product_brand","embeddable":true,"href":"https:\/\/www.tauben-backs.de\/pl\/wp-json\/wp\/v2\/product_brand?post=10530"},{"taxonomy":"product_cat","embeddable":true,"href":"https:\/\/www.tauben-backs.de\/pl\/wp-json\/wp\/v2\/product_cat?post=10530"},{"taxonomy":"product_tag","embeddable":true,"href":"https:\/\/www.tauben-backs.de\/pl\/wp-json\/wp\/v2\/product_tag?post=10530"}],"curies":[{"name":"wp","href":"https:\/\/api.w.org\/{rel}","templated":true}]}}