{"id":10516,"date":"2025-01-08T13:44:00","date_gmt":"2025-01-08T12:44:00","guid":{"rendered":"https:\/\/www.tauben-backs.de\/produkt\/bez-kategorii\/backs-aegyptisches-bio-schwarzkuemmeloel\/"},"modified":"2025-01-08T13:44:00","modified_gmt":"2025-01-08T12:44:00","slug":"backs-aegyptisches-bio-schwarzkuemmeloel","status":"publish","type":"product","link":"https:\/\/www.tauben-backs.de\/pl\/golebie\/naturalne-produkty-budulcowe-i-wzmacniajace\/backs-aegyptisches-bio-schwarzkuemmeloel\/","title":{"rendered":"Backs \u00c4gyptisches Bio Schwarzk\u00fcmmel\u00f6l"},"content":{"rendered":"","protected":false},"excerpt":{"rendered":"<p><strong>Olej z egipskiej BIO czarnuszki<\/strong><\/p>\n<p>Ten olej ro\u015blinny jest bogaty w warto\u015bciowe substancje od\u017cywcze oraz zwi\u0105zki bioaktywne i dostarcza wa\u017cnych budulc\u00f3w dla uk\u0142adu odporno\u015bciowego i dr\u00f3g oddechowych.<\/p>\n<p><strong>Olej z egipskiej BIO czarnuszki\u00a0<\/strong>Materia\u0142 paszowy dla go\u0142\u0119bi<\/p>\n<p><strong>Sk\u0142\u0105d:<\/strong>\u00a0100% czysty egipski olej z czarnuszki, t\u0142oczony na zimno<\/p>\n<p><strong>Instrukcje w\u0142a\u015bciwego stosowania<\/strong><strong>: Olej z egipskiej BIO czarnuszki<\/strong><\/p>\n<p>nale\u017cy miesza\u0107 z karm\u0105. Zalecane jest regularne podawanie przez ca\u0142y rok 1x w tygodniu.<\/p>\n<p><strong>Dawakowanie: <\/strong>5 ml na 20 Tauben podawa\u0107 z karm\u0105.<\/p>\n<p><strong>Przechowywa\u0107 w ch\u0142odnym miejscu! Chroni\u0107 przed \u015bwiat\u0142em!<\/strong><\/p>\n<p><strong>Lub obj\u0119to\u015b\u0107: 250 ml<\/strong><\/p>\n","protected":false},"featured_media":10167,"comment_status":"closed","ping_status":"closed","template":"","meta":[],"product_brand":[],"product_cat":[240,244],"product_tag":[],"class_list":{"0":"post-10516","1":"product","2":"type-product","3":"status-publish","4":"has-post-thumbnail","6":"product_cat-golebie","7":"product_cat-naturalne-produkty-budulcowe-i-wzmacniajace","9":"first","10":"instock","11":"shipping-taxable","12":"product-type-simple"},"_links":{"self":[{"href":"https:\/\/www.tauben-backs.de\/pl\/wp-json\/wp\/v2\/product\/10516","targetHints":{"allow":["GET"]}}],"collection":[{"href":"https:\/\/www.tauben-backs.de\/pl\/wp-json\/wp\/v2\/product"}],"about":[{"href":"https:\/\/www.tauben-backs.de\/pl\/wp-json\/wp\/v2\/types\/product"}],"replies":[{"embeddable":true,"href":"https:\/\/www.tauben-backs.de\/pl\/wp-json\/wp\/v2\/comments?post=10516"}],"wp:featuredmedia":[{"embeddable":true,"href":"https:\/\/www.tauben-backs.de\/pl\/wp-json\/wp\/v2\/media\/10167"}],"wp:attachment":[{"href":"https:\/\/www.tauben-backs.de\/pl\/wp-json\/wp\/v2\/media?parent=10516"}],"wp:term":[{"taxonomy":"product_brand","embeddable":true,"href":"https:\/\/www.tauben-backs.de\/pl\/wp-json\/wp\/v2\/product_brand?post=10516"},{"taxonomy":"product_cat","embeddable":true,"href":"https:\/\/www.tauben-backs.de\/pl\/wp-json\/wp\/v2\/product_cat?post=10516"},{"taxonomy":"product_tag","embeddable":true,"href":"https:\/\/www.tauben-backs.de\/pl\/wp-json\/wp\/v2\/product_tag?post=10516"}],"curies":[{"name":"wp","href":"https:\/\/api.w.org\/{rel}","templated":true}]}}