{"id":10285,"date":"2025-01-08T13:40:46","date_gmt":"2025-01-08T12:40:46","guid":{"rendered":"https:\/\/www.tauben-backs.de\/produkt\/bez-kategorii\/omega-3-marineoel\/"},"modified":"2026-04-02T12:14:52","modified_gmt":"2026-04-02T10:14:52","slug":"omega-3-marineoel","status":"publish","type":"product","link":"https:\/\/www.tauben-backs.de\/pl\/golebie\/naturalne-produkty-budulcowe-i-wzmacniajace\/omega-3-marineoel\/","title":{"rendered":"Omega-3-Marine\u00f6l"},"content":{"rendered":"","protected":false},"excerpt":{"rendered":"<p>zdobywany jest w procesie przetw\u00f3rstwa dziko \u017cyj\u0105cych ryb. Jest bogaty w niezb\u0119dne kwasy t\u0142uszczowe omega-3. Odgrywaj\u0105 one wa\u017cn\u0105 rol\u0119 w poborze tlenu, zwalczaniu stan\u00f3w zapalnych oraz transporcie sk\u0142adnik\u00f3w od\u017cywczych w organizmie.<\/p>\n<p><strong>Backs Omega-3-Marine\u00f6l <\/strong><br \/>\nMateria\u0142 paszowy dla go\u0142\u0119bi.<br \/>\n<strong>Sk\u0142adniki analityczne:<\/strong><br \/>\n100 % olej surowy z ryb<br \/>\n12,6 % DHA<br \/>\n18,1 % EPA<strong>\u00a0<\/strong><\/p>\n<p><strong>Wskazania w\u0142a\u015bciwego zastosowania: <\/strong>zalecamy stosowanie Backs Omega-3-Marine\u00f6l 1x w tygodniu podczas odchowu m\u0142odych, po odsadzeniu i w trakcie pierzenia oraz 2x w tygodniu w sezonie lotowym.<br \/>\n<strong>Dawkowanie<\/strong>: 5 ml na 20 go\u0142\u0119bi na dzie\u0144, podawa\u0107 z karm\u0105.<\/p>\n<p><strong>Chroni\u0107 przed \u015bwiat\u0142em!<\/strong><\/p>\n<p><strong>Zawarto\u015b\u0107 netto: 250 ml<\/strong><\/p>\n","protected":false},"featured_media":10171,"comment_status":"closed","ping_status":"closed","template":"","meta":[],"product_brand":[],"product_cat":[240,244],"product_tag":[],"class_list":{"0":"post-10285","1":"product","2":"type-product","3":"status-publish","4":"has-post-thumbnail","6":"product_cat-golebie","7":"product_cat-naturalne-produkty-budulcowe-i-wzmacniajace","9":"first","10":"instock","11":"featured","12":"shipping-taxable","13":"product-type-simple"},"_links":{"self":[{"href":"https:\/\/www.tauben-backs.de\/pl\/wp-json\/wp\/v2\/product\/10285","targetHints":{"allow":["GET"]}}],"collection":[{"href":"https:\/\/www.tauben-backs.de\/pl\/wp-json\/wp\/v2\/product"}],"about":[{"href":"https:\/\/www.tauben-backs.de\/pl\/wp-json\/wp\/v2\/types\/product"}],"replies":[{"embeddable":true,"href":"https:\/\/www.tauben-backs.de\/pl\/wp-json\/wp\/v2\/comments?post=10285"}],"wp:featuredmedia":[{"embeddable":true,"href":"https:\/\/www.tauben-backs.de\/pl\/wp-json\/wp\/v2\/media\/10171"}],"wp:attachment":[{"href":"https:\/\/www.tauben-backs.de\/pl\/wp-json\/wp\/v2\/media?parent=10285"}],"wp:term":[{"taxonomy":"product_brand","embeddable":true,"href":"https:\/\/www.tauben-backs.de\/pl\/wp-json\/wp\/v2\/product_brand?post=10285"},{"taxonomy":"product_cat","embeddable":true,"href":"https:\/\/www.tauben-backs.de\/pl\/wp-json\/wp\/v2\/product_cat?post=10285"},{"taxonomy":"product_tag","embeddable":true,"href":"https:\/\/www.tauben-backs.de\/pl\/wp-json\/wp\/v2\/product_tag?post=10285"}],"curies":[{"name":"wp","href":"https:\/\/api.w.org\/{rel}","templated":true}]}}