{"id":10076,"date":"2024-07-02T13:41:43","date_gmt":"2024-07-02T11:41:43","guid":{"rendered":"https:\/\/www.tauben-backs.de\/produkt\/bez-kategorii\/detox-p-500-g\/"},"modified":"2026-04-02T12:15:18","modified_gmt":"2026-04-02T10:15:18","slug":"detox-p-500-g","status":"publish","type":"product","link":"https:\/\/www.tauben-backs.de\/pl\/drob-ozdobny\/produkty-budulcowe-i-wzmacniajace-dla-drobiu\/detox-p-500-g\/","title":{"rendered":"Detox-P 500 g"},"content":{"rendered":"","protected":false},"excerpt":{"rendered":"<p>s\u0142u\u017cy detoksykacji i wspomaga w\u0105trob\u0119. <\/p>\n<p><strong> Backs Detox-P<\/strong><br \/>\nMieszanka paszowa uzupe\u0142niaj\u0105ca dla go\u0142\u0119bi<\/p>\n<p><strong>Sk\u0142ad<\/strong>: W\u0119glan wapnia, fosforan dwuwapniowy (nieorganiczny), dwuw\u0119glan sodu, chlorek sodu, tlenek magnezu<\/p>\n<p><strong>Sk\u0142adniki analityczne:<\/strong><br \/>\n21,8 % wap\u0144<br \/>\n  3,9 % popi\u00f3\u0142 nierozpuszczalny w kwasie chlorowodorowym<br \/>\n  3,6 % fosfor<br \/>\n  1,5 % lizyna<br \/>\n  1,1 % s\u00f3d<br \/>\n  0,7 % metionina <\/p>\n<p><strong>Dodatki w 1 kg:<br \/>\n\u017bywieniowo fizjologiczne sk\u0142adniki dodatkowe:<\/strong><br \/>\n217500 i.E. witamina A (3a672a)<br \/>\n  21750 i.E. witamina D3 (3a671)<br \/>\n    1450 mg tlenek manganu (II) (3b502)<br \/>\n      942 mg tlenek cynku (3b603)<br \/>\n      580 mg siarczan \u017celaza (II), jednowodny (3b103)<br \/>\n      141 mg siarczan miedzi (II), pi\u0119ciowodny (3b405)<br \/>\n        19 mg jodek wapnia, bezwodny (3b202)<br \/>\n          3 mg selenian sodu (3b801)<br \/>\n<strong>Sensoryczne sk\u0142adniki dodatkowe:<\/strong><br \/>\n100000 mg ekstrakt z ostropestu plamistego (CoE551)<br \/>\n<strong>Dodatki technologiczne:<\/strong><br \/>\n150000 mg ziemia okrzemkowa (E551c)<\/p>\n<p><strong>Instrukcje prawid\u0142owego stosowania:<\/strong> zalecamy podawanie Backs Detox-P przez 5 dni przed sparowaniem. W sezonie lotowym zalecamy podawanie przez dwa dni po powrocie.<br \/>\n<strong>Dawkowanie<\/strong>: 5 g (1 p\u0142aska miarka) na 20 go\u0142\u0119bi, zmiesza\u0107 z uprzednio zwil\u017con\u0105 karm\u0105. <\/p>\n<p><strong>Wskaz\u00f3wka wkarmieniu:<\/strong> Z powodu zwi\u0119kszonej, w por\u00f3wnaniu do czystej karmy, zawarto\u015bci witamin i pierwiastk\u00f3w \u015bladowych, Backs DetoxP mo\u017cna podawa\u0107 najwy\u017cej do 2,5% dziennej dawki karmy czystej.<\/p>\n<p><strong>Przechowywa\u0107 w suchym i ch\u0142odnym miejscu!<\/p>\n<p>Ilo\u015b\u0107 netto: 500 g<\/strong><\/p>\n","protected":false},"featured_media":10015,"comment_status":"closed","ping_status":"closed","template":"","meta":[],"product_brand":[],"product_cat":[240,244,248,250],"product_tag":[],"class_list":{"0":"post-10076","1":"product","2":"type-product","3":"status-publish","4":"has-post-thumbnail","6":"product_cat-golebie","7":"product_cat-naturalne-produkty-budulcowe-i-wzmacniajace","8":"product_cat-drob-ozdobny","9":"product_cat-produkty-budulcowe-i-wzmacniajace-dla-drobiu","11":"first","12":"instock","13":"shipping-taxable","14":"product-type-simple"},"_links":{"self":[{"href":"https:\/\/www.tauben-backs.de\/pl\/wp-json\/wp\/v2\/product\/10076","targetHints":{"allow":["GET"]}}],"collection":[{"href":"https:\/\/www.tauben-backs.de\/pl\/wp-json\/wp\/v2\/product"}],"about":[{"href":"https:\/\/www.tauben-backs.de\/pl\/wp-json\/wp\/v2\/types\/product"}],"replies":[{"embeddable":true,"href":"https:\/\/www.tauben-backs.de\/pl\/wp-json\/wp\/v2\/comments?post=10076"}],"wp:featuredmedia":[{"embeddable":true,"href":"https:\/\/www.tauben-backs.de\/pl\/wp-json\/wp\/v2\/media\/10015"}],"wp:attachment":[{"href":"https:\/\/www.tauben-backs.de\/pl\/wp-json\/wp\/v2\/media?parent=10076"}],"wp:term":[{"taxonomy":"product_brand","embeddable":true,"href":"https:\/\/www.tauben-backs.de\/pl\/wp-json\/wp\/v2\/product_brand?post=10076"},{"taxonomy":"product_cat","embeddable":true,"href":"https:\/\/www.tauben-backs.de\/pl\/wp-json\/wp\/v2\/product_cat?post=10076"},{"taxonomy":"product_tag","embeddable":true,"href":"https:\/\/www.tauben-backs.de\/pl\/wp-json\/wp\/v2\/product_tag?post=10076"}],"curies":[{"name":"wp","href":"https:\/\/api.w.org\/{rel}","templated":true}]}}