{"id":4759,"date":"2017-05-15T13:44:44","date_gmt":"2017-05-15T11:44:44","guid":{"rendered":"http:\/\/backs.ocue.de\/?page_id=4759\/"},"modified":"2021-08-04T10:14:15","modified_gmt":"2021-08-04T08:14:15","slug":"produkty","status":"publish","type":"page","link":"https:\/\/www.tauben-backs.de\/pl\/produkty\/","title":{"rendered":"Produkty"},"content":{"rendered":"  <style>\n    #cats-932840207 .grid-col-1{height: 600px}\n    #cats-932840207 .grid-col-1-2{height: 300px}\n    #cats-932840207 .grid-col-1-3{height:200px}\n    #cats-932840207 .grid-col-2-3{height: 400px}\n    #cats-932840207 .grid-col-1-4{height: 150px}\n    #cats-932840207 .grid-col-3-4{height: 450px}\n\n\n        \/* Tablet *\/\n    @media (max-width: 850px){\n      #cats-932840207 .grid-col-1{height: 400px}\n      #cats-932840207 .grid-col-1-2{height: 200px}\n      #cats-932840207 .grid-col-1-3{height:133.33333333333px}\n      #cats-932840207 .grid-col-2-3{height: 266.66666666667px}\n      #cats-932840207 .grid-col-1-4{height: 100px}\n      #cats-932840207 .grid-col-3-4{height: 300px}\n    }\n    \n        \/* Mobile *\/\n    @media (max-width: 550px){\n      #cats-932840207 .grid-col-1{height: 400px}\n      #cats-932840207 .grid-col-1-2{height: 200px}\n      #cats-932840207 .grid-col-1-3{height:133.33333333333px}\n      #cats-932840207 .grid-col-2-3{height: 266.66666666667px}\n      #cats-932840207 .grid-col-1-4{height: 100px}\n      #cats-932840207 .grid-col-3-4{height: 300px}\n    }\n    \n\n  <\/style>\n  \n  \n    <div id=\"cats-932840207\" class=\"row row-small row-full-width has-shadow row-box-shadow-3-hover row-grid\" data-packery-options='{\"itemSelector\": \".col\", \"gutter\": 0, \"presentageWidth\" : true}'>\n\n  <div class=\"product-category col grid-col grid-col-1 large-4 medium-6\" data-animate=\"fadeInLeft\">\n            <div class=\"col-inner\">\n              <a aria-label=\"Przejd\u017a do kategorii produktu Go\u0142\u0119bie\" href=\"https:\/\/www.tauben-backs.de\/pl\/golebie\/\">                <div class=\"box box-category has-hover box-default \">\n                <div class=\"box-image\" >\n                  <div class=\"image-zoom-long\" >\n                  <img loading=\"lazy\" decoding=\"async\" src=\"https:\/\/www.tauben-backs.de\/wp-content\/uploads\/2017\/05\/tauben.png\" alt=\"Go\u0142\u0119bie\" width=\"300\" height=\"300\" \/>                                                      <\/div>\n                <\/div>\n                <div class=\"box-text text-center is-large dark\" style=\"background-color:rgb(0, 159, 227);\">\n                  <div class=\"box-text-inner\">\n                      <h5 class=\"uppercase header-title\">\n                              Go\u0142\u0119bie                      <\/h5>\n                                            \n                  <\/div>\n                <\/div>\n                <\/div>\n            <\/a>            <\/div>\n            <\/div><div class=\"product-category col grid-col grid-col-1 large-4 medium-6\" data-animate=\"fadeInLeft\">\n            <div class=\"col-inner\">\n              <a aria-label=\"Przejd\u017a do kategorii produktu Dr\u00f3b ozdobny\" href=\"https:\/\/www.tauben-backs.de\/pl\/drob-ozdobny\/\">                <div class=\"box box-category has-hover box-default \">\n                <div class=\"box-image\" >\n                  <div class=\"image-zoom-long\" >\n                  <img loading=\"lazy\" decoding=\"async\" src=\"https:\/\/www.tauben-backs.de\/wp-content\/uploads\/2017\/05\/gefluegel.png\" alt=\"Dr\u00f3b ozdobny\" width=\"300\" height=\"300\" \/>                                                      <\/div>\n                <\/div>\n                <div class=\"box-text text-center is-large dark\" style=\"background-color:rgb(0, 159, 227);\">\n                  <div class=\"box-text-inner\">\n                      <h5 class=\"uppercase header-title\">\n                              Dr\u00f3b ozdobny                      <\/h5>\n                                            \n                  <\/div>\n                <\/div>\n                <\/div>\n            <\/a>            <\/div>\n            <\/div><div class=\"product-category col grid-col grid-col-1 large-4 medium-6\" data-animate=\"fadeInLeft\">\n            <div class=\"col-inner\">\n              <a aria-label=\"Przejd\u017a do kategorii produktu Ptaki\" href=\"https:\/\/www.tauben-backs.de\/pl\/ptaki\/\">                <div class=\"box box-category has-hover box-default \">\n                <div class=\"box-image\" >\n                  <div class=\"image-zoom-long\" >\n                  <img loading=\"lazy\" decoding=\"async\" src=\"https:\/\/www.tauben-backs.de\/wp-content\/uploads\/2017\/05\/voegel.png\" alt=\"Ptaki\" width=\"300\" height=\"300\" \/>                                                      <\/div>\n                <\/div>\n                <div class=\"box-text text-center is-large dark\" style=\"background-color:rgb(0, 159, 227);\">\n                  <div class=\"box-text-inner\">\n                      <h5 class=\"uppercase header-title\">\n                              Ptaki                      <\/h5>\n                                            \n                  <\/div>\n                <\/div>\n                <\/div>\n            <\/a>            <\/div>\n            <\/div><div class=\"product-category col grid-col grid-col-1 large-4 medium-6\" data-animate=\"fadeInLeft\">\n            <div class=\"col-inner\">\n              <a aria-label=\"Przejd\u017a do kategorii produktu Gryzonie i kr\u00f3liki\" href=\"https:\/\/www.tauben-backs.de\/pl\/gryzonie-i-kroliki\/\">                <div class=\"box box-category has-hover box-default \">\n                <div class=\"box-image\" >\n                  <div class=\"image-zoom-long\" >\n                  <img loading=\"lazy\" decoding=\"async\" src=\"https:\/\/www.tauben-backs.de\/wp-content\/uploads\/2017\/05\/nager.png\" alt=\"Gryzonie i kr\u00f3liki\" width=\"300\" height=\"300\" \/>                                                      <\/div>\n                <\/div>\n                <div class=\"box-text text-center is-large dark\" style=\"background-color:rgb(0, 159, 227);\">\n                  <div class=\"box-text-inner\">\n                      <h5 class=\"uppercase header-title\">\n                              Gryzonie i kr\u00f3liki                      <\/h5>\n                                            \n                  <\/div>\n                <\/div>\n                <\/div>\n            <\/a>            <\/div>\n            <\/div><div class=\"product-category col grid-col grid-col-1 large-4 medium-6\" data-animate=\"fadeInLeft\">\n            <div class=\"col-inner\">\n              <a aria-label=\"Przejd\u017a do kategorii produktu Psy i koty\" href=\"https:\/\/www.tauben-backs.de\/pl\/psy-i-koty\/\">                <div class=\"box box-category has-hover box-default \">\n                <div class=\"box-image\" >\n                  <div class=\"image-zoom-long\" >\n                  <img loading=\"lazy\" decoding=\"async\" src=\"https:\/\/www.tauben-backs.de\/wp-content\/uploads\/2017\/05\/hunde.png\" alt=\"Psy i koty\" width=\"300\" height=\"300\" \/>                                                      <\/div>\n                <\/div>\n                <div class=\"box-text text-center is-large dark\" style=\"background-color:rgb(0, 159, 227);\">\n                  <div class=\"box-text-inner\">\n                      <h5 class=\"uppercase header-title\">\n                              Psy i koty                      <\/h5>\n                                            \n                  <\/div>\n                <\/div>\n                <\/div>\n            <\/a>            <\/div>\n            <\/div><div class=\"product-category col grid-col grid-col-1 large-4 medium-6\" data-animate=\"fadeInLeft\">\n            <div class=\"col-inner\">\n              <a aria-label=\"Przejd\u017a do kategorii produktu Ogrod\" href=\"https:\/\/www.tauben-backs.de\/pl\/ogrod\/\">                <div class=\"box box-category has-hover box-default \">\n                <div class=\"box-image\" >\n                  <div class=\"image-zoom-long\" >\n                  <img loading=\"lazy\" decoding=\"async\" src=\"https:\/\/www.tauben-backs.de\/wp-content\/uploads\/2017\/05\/garten.png\" alt=\"Ogrod\" width=\"300\" height=\"300\" \/>                                                      <\/div>\n                <\/div>\n                <div class=\"box-text text-center is-large dark\" style=\"background-color:rgb(0, 159, 227);\">\n                  <div class=\"box-text-inner\">\n                      <h5 class=\"uppercase header-title\">\n                              Ogrod                      <\/h5>\n                                            \n                  <\/div>\n                <\/div>\n                <\/div>\n            <\/a>            <\/div>\n            <\/div><\/div>\n","protected":false},"excerpt":{"rendered":"","protected":false},"author":2,"featured_media":0,"parent":0,"menu_order":0,"comment_status":"closed","ping_status":"closed","template":"page-left-sidebar.php","meta":{"footnotes":""},"class_list":["post-4759","page","type-page","status-publish","hentry"],"_links":{"self":[{"href":"https:\/\/www.tauben-backs.de\/pl\/wp-json\/wp\/v2\/pages\/4759","targetHints":{"allow":["GET"]}}],"collection":[{"href":"https:\/\/www.tauben-backs.de\/pl\/wp-json\/wp\/v2\/pages"}],"about":[{"href":"https:\/\/www.tauben-backs.de\/pl\/wp-json\/wp\/v2\/types\/page"}],"author":[{"embeddable":true,"href":"https:\/\/www.tauben-backs.de\/pl\/wp-json\/wp\/v2\/users\/2"}],"replies":[{"embeddable":true,"href":"https:\/\/www.tauben-backs.de\/pl\/wp-json\/wp\/v2\/comments?post=4759"}],"version-history":[{"count":1,"href":"https:\/\/www.tauben-backs.de\/pl\/wp-json\/wp\/v2\/pages\/4759\/revisions"}],"predecessor-version":[{"id":9420,"href":"https:\/\/www.tauben-backs.de\/pl\/wp-json\/wp\/v2\/pages\/4759\/revisions\/9420"}],"wp:attachment":[{"href":"https:\/\/www.tauben-backs.de\/pl\/wp-json\/wp\/v2\/media?parent=4759"}],"curies":[{"name":"wp","href":"https:\/\/api.w.org\/{rel}","templated":true}]}}