{"id":4595,"date":"2017-05-09T12:05:02","date_gmt":"2017-05-09T10:05:02","guid":{"rendered":"http:\/\/backs.ocue.de\/?page_id=4595\/"},"modified":"2026-03-02T08:47:31","modified_gmt":"2026-03-02T07:47:31","slug":"testgolebniki","status":"publish","type":"page","link":"https:\/\/www.tauben-backs.de\/pl\/testgolebniki\/","title":{"rendered":"Go\u0142\u0119bniki Testowe"},"content":{"rendered":"<div class=\"row\"  id=\"row-1807186266\">\n\n\t<div id=\"col-1661077896\" class=\"col small-12 large-12\"  >\n\t\t\t\t<div class=\"col-inner\"  >\n\t\t\t\n\t\t\t\n<div class=\"container section-title-container\" ><h3 class=\"section-title section-title-normal\"><b aria-hidden=\"true\"><\/b><span class=\"section-title-main\" >NASI EKSPERCI \u2013 GO\u0141\u0118BIE POCZTOWE<\/span><b aria-hidden=\"true\"><\/b><\/h3><\/div>\n\t\t<\/div>\n\t\t\t\t\t<\/div>\n\n\t\n<\/div>\n<div class=\"row\"  id=\"row-910070255\">\n\n\t<div id=\"col-1102919321\" class=\"col medium-4 small-12 large-4\"  >\n\t\t\t\t<div class=\"col-inner\"  >\n\t\t\t\n\t\t\t\n    <div class=\"box has-hover has-hover box-text-bottom\" >\n\n                  <div class=\"box-image \" style=\"width:80%;\">\n           <div class=\"box-image-inner image-cover\" style=\"padding-top:100%;\">\n              <img loading=\"lazy\" decoding=\"async\" width=\"448\" height=\"298\" src=\"https:\/\/www.tauben-backs.de\/wp-content\/uploads\/2017\/05\/Hannappel-Ries.jpg\" class=\"attachment- size-\" alt=\"\" srcset=\"https:\/\/www.tauben-backs.de\/wp-content\/uploads\/2017\/05\/Hannappel-Ries.jpg 448w, https:\/\/www.tauben-backs.de\/wp-content\/uploads\/2017\/05\/Hannappel-Ries-300x200.jpg 300w\" sizes=\"auto, (max-width: 448px) 100vw, 448px\" \/>                         <\/div>\n          <\/div>\n         \n          <div class=\"box-text text-center\" >\n                <div class=\"box-text-inner\">\n                  <h4 class=\"uppercase\">\n                    <span class=\"person-name\">SG Hannappel &amp; Ries<\/span><br\/>\n                    <span class=\"person-title is-small thin-font op-7\">\n                                          <\/span>\n                  <\/h4>\n\t\t\t\t\t\n<p>K.H. Hannappel<br \/>\nDorfbachstra\u00dfe 22<br \/>\n65589 Hadamar<br \/>\nTel: 06433-3554<\/p>\n<p>&nbsp;<\/p>\n<p>Andreas Ries Obergasse 28 65589 Hadamar-Nzh. Tel: 0172-66 43417 E-Mail: andreas-ries@online.de<\/p>\n                <\/div>\n          <\/div>\n    <\/div>\n\n\t\n    \n\t\t<\/div>\n\t\t\t\t\t<\/div>\n\n\t\n\n\t<div id=\"col-1928071275\" class=\"col medium-4 small-12 large-4\"  >\n\t\t\t\t<div class=\"col-inner\"  >\n\t\t\t\n\t\t\t\n    <div class=\"box has-hover has-hover box-text-bottom\" >\n\n                  <div class=\"box-image \" style=\"width:80%;\">\n           <div class=\"box-image-inner image-cover\" style=\"padding-top:100%;\">\n              <img loading=\"lazy\" decoding=\"async\" width=\"448\" height=\"336\" src=\"https:\/\/www.tauben-backs.de\/wp-content\/uploads\/2017\/05\/Fritz-Schaper.jpg\" class=\"attachment- size-\" alt=\"\" srcset=\"https:\/\/www.tauben-backs.de\/wp-content\/uploads\/2017\/05\/Fritz-Schaper.jpg 448w, https:\/\/www.tauben-backs.de\/wp-content\/uploads\/2017\/05\/Fritz-Schaper-300x225.jpg 300w\" sizes=\"auto, (max-width: 448px) 100vw, 448px\" \/>                         <\/div>\n          <\/div>\n         \n          <div class=\"box-text text-center\" >\n                <div class=\"box-text-inner\">\n                  <h4 class=\"uppercase\">\n                    <span class=\"person-name\">Fritz Schaper<\/span><br\/>\n                    <span class=\"person-title is-small thin-font op-7\">\n                                          <\/span>\n                  <\/h4>\n\t\t\t\t\t\n                <\/div>\n          <\/div>\n    <\/div>\n\n\t\n    \n\t\t<\/div>\n\t\t\t\t\t<\/div>\n\n\t\n\n\t<div id=\"col-1167421573\" class=\"col medium-4 small-12 large-4\"  >\n\t\t\t\t<div class=\"col-inner\"  >\n\t\t\t\n\t\t\t\n\t\t<\/div>\n\t\t\t\t\t<\/div>\n\n\t\n<\/div>\n<div class=\"row\"  id=\"row-1448306156\">\n\n\t<div id=\"col-416333733\" class=\"col medium-4 small-12 large-4\"  >\n\t\t\t\t<div class=\"col-inner\"  >\n\t\t\t\n\t\t\t\n    <div class=\"box has-hover has-hover box-text-bottom\" >\n\n                  <div class=\"box-image \" style=\"width:80%;\">\n           <div class=\"box-image-inner image-cover\" style=\"padding-top:100%;\">\n              <img loading=\"lazy\" decoding=\"async\" width=\"448\" height=\"336\" src=\"https:\/\/www.tauben-backs.de\/wp-content\/uploads\/2017\/05\/Arens.jpg\" class=\"attachment- size-\" alt=\"\" srcset=\"https:\/\/www.tauben-backs.de\/wp-content\/uploads\/2017\/05\/Arens.jpg 448w, https:\/\/www.tauben-backs.de\/wp-content\/uploads\/2017\/05\/Arens-300x225.jpg 300w\" sizes=\"auto, (max-width: 448px) 100vw, 448px\" \/>                         <\/div>\n          <\/div>\n         \n          <div class=\"box-text text-center\" >\n                <div class=\"box-text-inner\">\n                  <h4 class=\"uppercase\">\n                    <span class=\"person-name\">Josef Arens<\/span><br\/>\n                    <span class=\"person-title is-small thin-font op-7\">\n                                          <\/span>\n                  <\/h4>\n\t\t\t\t\t\n                <\/div>\n          <\/div>\n    <\/div>\n\n\t\n    \n\t\t<\/div>\n\t\t\t\t\t<\/div>\n\n\t\n\n\t<div id=\"col-2046907373\" class=\"col medium-4 small-12 large-4\"  >\n\t\t\t\t<div class=\"col-inner\"  >\n\t\t\t\n\t\t\t\n    <div class=\"box has-hover has-hover box-text-bottom\" >\n\n                  <div class=\"box-image \" style=\"width:80%;\">\n           <div class=\"box-image-inner image-cover\" style=\"padding-top:100%;\">\n              <img loading=\"lazy\" decoding=\"async\" width=\"309\" height=\"412\" src=\"https:\/\/www.tauben-backs.de\/wp-content\/uploads\/2017\/04\/Michael-Backs-Portrait.jpg\" class=\"attachment- size-\" alt=\"\" srcset=\"https:\/\/www.tauben-backs.de\/wp-content\/uploads\/2017\/04\/Michael-Backs-Portrait.jpg 309w, https:\/\/www.tauben-backs.de\/wp-content\/uploads\/2017\/04\/Michael-Backs-Portrait-300x400.jpg 300w\" sizes=\"auto, (max-width: 309px) 100vw, 309px\" \/>                         <\/div>\n          <\/div>\n         \n          <div class=\"box-text text-center\" >\n                <div class=\"box-text-inner\">\n                  <h4 class=\"uppercase\">\n                    <span class=\"person-name\">Michael Backs<\/span><br\/>\n                    <span class=\"person-title is-small thin-font op-7\">\n                                          <\/span>\n                  <\/h4>\n\t\t\t\t\t\n                <\/div>\n          <\/div>\n    <\/div>\n\n\t\n    \n\t\t<\/div>\n\t\t\t\t\t<\/div>\n\n\t\n\n\t<div id=\"col-1838100636\" class=\"col medium-4 small-12 large-4\"  >\n\t\t\t\t<div class=\"col-inner\"  >\n\t\t\t\n\t\t\t\n\t\t<\/div>\n\t\t\t\t\t<\/div>\n\n\t\n<\/div>\n<div class=\"row\"  id=\"row-2141499579\">\n\n\t<div id=\"col-1107525882\" class=\"col small-12 large-12\"  >\n\t\t\t\t<div class=\"col-inner text-center\"  >\n\t\t\t\n\t\t\t\n<div class=\"container section-title-container\" ><h3 class=\"section-title section-title-normal\"><b aria-hidden=\"true\"><\/b><span class=\"section-title-main\" >NASI EKSPERCI GO\u0141\u0118BIE RASOWE<\/span><b aria-hidden=\"true\"><\/b><\/h3><\/div>\n\t\t<\/div>\n\t\t\t\t\t<\/div>\n\n\t\n<\/div>\n<div class=\"row\"  id=\"row-2053442397\">\n\n\t<div id=\"col-1622298506\" class=\"col medium-4 small-12 large-4\"  >\n\t\t\t\t<div class=\"col-inner\"  >\n\t\t\t\n\t\t\t\n    <div class=\"box has-hover has-hover box-text-bottom\" >\n\n                  <div class=\"box-image \" style=\"width:69%;\">\n           <div class=\"box-image-inner image-cover\" style=\"padding-top:300px;\">\n              <img loading=\"lazy\" decoding=\"async\" width=\"336\" height=\"447\" src=\"https:\/\/www.tauben-backs.de\/wp-content\/uploads\/2017\/05\/Fritz-Kleine.jpg\" class=\"attachment- size-\" alt=\"\" srcset=\"https:\/\/www.tauben-backs.de\/wp-content\/uploads\/2017\/05\/Fritz-Kleine.jpg 336w, https:\/\/www.tauben-backs.de\/wp-content\/uploads\/2017\/05\/Fritz-Kleine-300x399.jpg 300w, https:\/\/www.tauben-backs.de\/wp-content\/uploads\/2017\/05\/Fritz-Kleine-301x400.jpg 301w\" sizes=\"auto, (max-width: 336px) 100vw, 336px\" \/>                         <\/div>\n          <\/div>\n         \n          <div class=\"box-text text-center\" >\n                <div class=\"box-text-inner\">\n                  <h4 class=\"uppercase\">\n                    <span class=\"person-name\">Fritz Kleine<\/span><br\/>\n                    <span class=\"person-title is-small thin-font op-7\">\n                                          <\/span>\n                  <\/h4>\n\t\t\t\t\t\n<p>Fritz Kleine<br \/>\nH\u00fclsstr. 7<br \/>\n31608 Marklohe<br \/>\nTel.: 05021 61962<br \/>\nE-Mail: kleine.oeylefrese@web.de<\/p>\n<p>Z\u00fcchter von:<br \/>\nBr\u00fcnner Kr\u00f6pfer, Hessische Kr\u00f6pfer<\/p>\n                <\/div>\n          <\/div>\n    <\/div>\n\n\t\n    \n\t\t<\/div>\n\t\t\t\t\t<\/div>\n\n\t\n\n\t<div id=\"col-858098448\" class=\"col medium-4 small-12 large-4\"  >\n\t\t\t\t<div class=\"col-inner\"  >\n\t\t\t\n\t\t\t\n    <div class=\"box has-hover has-hover box-text-bottom\" >\n\n                  <div class=\"box-image \" style=\"width:69%;\">\n           <div class=\"box-image-inner image-cover\" style=\"padding-top:300px;\">\n              <img loading=\"lazy\" decoding=\"async\" width=\"336\" height=\"448\" src=\"https:\/\/www.tauben-backs.de\/wp-content\/uploads\/2018\/04\/Dieter-M\u00fcller.jpg\" class=\"attachment- size-\" alt=\"\" srcset=\"https:\/\/www.tauben-backs.de\/wp-content\/uploads\/2018\/04\/Dieter-M\u00fcller.jpg 336w, https:\/\/www.tauben-backs.de\/wp-content\/uploads\/2018\/04\/Dieter-M\u00fcller-300x400.jpg 300w\" sizes=\"auto, (max-width: 336px) 100vw, 336px\" \/>                         <\/div>\n          <\/div>\n         \n          <div class=\"box-text text-center\" >\n                <div class=\"box-text-inner\">\n                  <h4 class=\"uppercase\">\n                    <span class=\"person-name\">Dieter M\u00fcller<\/span><br\/>\n                    <span class=\"person-title is-small thin-font op-7\">\n                                          <\/span>\n                  <\/h4>\n\t\t\t\t\t\n<p>Beerberg 3<br \/>\n31608 Marklohe<br \/>\nTel.: 05021 66311<\/p>\n<p>Z\u00fcchter von:<br \/>\nBr\u00fcnner Kr\u00f6pfer, Norwich Kr\u00f6pfer<\/p>\n                <\/div>\n          <\/div>\n    <\/div>\n\n\t\n    \n\t\t<\/div>\n\t\t\t\t\t<\/div>\n\n\t\n<\/div>\n","protected":false},"excerpt":{"rendered":"","protected":false},"author":2,"featured_media":0,"parent":0,"menu_order":0,"comment_status":"closed","ping_status":"closed","template":"","meta":{"footnotes":""},"class_list":["post-4595","page","type-page","status-publish","hentry"],"_links":{"self":[{"href":"https:\/\/www.tauben-backs.de\/pl\/wp-json\/wp\/v2\/pages\/4595","targetHints":{"allow":["GET"]}}],"collection":[{"href":"https:\/\/www.tauben-backs.de\/pl\/wp-json\/wp\/v2\/pages"}],"about":[{"href":"https:\/\/www.tauben-backs.de\/pl\/wp-json\/wp\/v2\/types\/page"}],"author":[{"embeddable":true,"href":"https:\/\/www.tauben-backs.de\/pl\/wp-json\/wp\/v2\/users\/2"}],"replies":[{"embeddable":true,"href":"https:\/\/www.tauben-backs.de\/pl\/wp-json\/wp\/v2\/comments?post=4595"}],"version-history":[{"count":9,"href":"https:\/\/www.tauben-backs.de\/pl\/wp-json\/wp\/v2\/pages\/4595\/revisions"}],"predecessor-version":[{"id":10492,"href":"https:\/\/www.tauben-backs.de\/pl\/wp-json\/wp\/v2\/pages\/4595\/revisions\/10492"}],"wp:attachment":[{"href":"https:\/\/www.tauben-backs.de\/pl\/wp-json\/wp\/v2\/media?parent=4595"}],"curies":[{"name":"wp","href":"https:\/\/api.w.org\/{rel}","templated":true}]}}