{"id":7719,"date":"2017-04-24T00:00:00","date_gmt":"2017-04-23T22:00:00","guid":{"rendered":"https:\/\/www.tauben-backs.de\/produkt\/unkategorisiert\/nekdruppels\/"},"modified":"2019-07-18T14:06:24","modified_gmt":"2019-07-18T12:06:24","slug":"nekdruppels","status":"publish","type":"product","link":"https:\/\/www.tauben-backs.de\/nl\/pluimvee\/desinfectie-en-verzorging-nl\/nekdruppels\/","title":{"rendered":"Backs Nekdruppels"},"content":{"rendered":"<p>&nbsp;<\/p>\n<p><strong>Permanente intensive zorg tot 5 maanden<\/strong><\/p>\n<p>&nbsp;<\/p>\n<p>Inhalt 10 ml<\/p>\n<p>&nbsp;<\/p>\n<p>Ingrediens (INCI): Rapeseed Glycerides, Paraffinum Liquidium, Melia Azadirachta Oil, Cocoglycerides<\/p>\n<p>&nbsp;<\/p>\n<p><strong>Nackentropfen<\/strong> ist ein spezielles Pflegeprodukt f\u00fcr einen erfolgreichen Schutz gegen Ausseneinfl\u00fcsse. Die erste Anwendung bietet schon eine intensive Pflege und Reinigung. Zur dauerhaften Hygiene wird eine regelm\u00e4\u00dfige Anwendung empfohlen.<\/p>\n<p>&nbsp;<\/p>\n<p><strong>Anwendung:<\/strong> gebrauchsfertig<\/p>\n<p>Teilen Sie das Gefieder Ihrer Tauben einmal zwischen dem Nacken und weiter zwischen dem Schwanzansatz, so dass die Haut freiliegt. Danach tropfen Sie 1 &#8211; 2 Tropfen je nach K\u00f6rpergewicht an den Nacken der Tauben auf das freiliegende Gefieder.<\/p>\n<p>&nbsp;<\/p>\n<p><strong>Hinweise: <\/strong><\/p>\n<p>In seltenen F\u00e4llen k\u00f6nnen Haut- oder Juckreiz entstehen. Die aufgebrachte L\u00f6sung mit Seifenlauge abwaschen und keine weitere Anwendung mehr vornehmen. Die Auftragsstelle in den n\u00e4chsten 4 Stunden nicht ber\u00fchren. Nach der Anwendung H\u00e4nde gut waschen.<\/p>\n<p>&nbsp;<\/p>\n<p><strong>Zur Beachtung:<\/strong><\/p>\n<p>Dieses Produkt ist kein Arzneimittel oder Biozid und ist nach den Inhaltstoffen als Kosmetikprodukt gebr\u00e4uchlich.<\/p>\n<p>&nbsp;<\/p>\n<p><strong>Sicherheitsratschl\u00e4ge:<\/strong><\/p>\n<p>Unter Verschluss und vor Kindern gesch\u00fctzt aufbewahren.<\/p>\n<p>&nbsp;<\/p>\n<p>Nicht lagern unter 10\u00b0C<\/p>\n","protected":false},"excerpt":{"rendered":"<p>Permanente intensive zorg tot 5 maanden<\/p>\n<p><strong>Ingredi\u00ebnten<\/strong>:(INCI): Raapzaad Glyceride, Paraffinum Liquidum, Melia Azadirachta olie, Cocoglycerides<\/p>\n<p><strong>Backs Nekdruppels is een <\/strong>speciaal verzorgingsmiddel voor een succesvolle bescherming tegen invloeden van buitenaf. De eerste toepassing biedt al een intensieve verzorging en reiniging. Voor blijvende hygi\u00ebne wordt een regelmatig gebruik aanbevolen.<\/p>\n<p><strong>Gebruik:<\/strong> gebruiksklaar<br \/>\nVerdeel de bevedering in de nek en verder tussen de staartaanzet, zodat de huid zichtbaar wordt. Daarna druppelt u 1 tot 2 druppels naar lichaamsgewicht in de nek van uw duiven op de vrij liggende bevedering.<\/p>\n<p><strong>Aanwijzingen: <\/strong>In zeldzame gevallen kan huidjeuk ontstaan. Was de oplossing er met zeepsop af en daarna niet meer gebruiken.\u00a0 De komende 4 uur de toegediende plek met rust laten en er niet meer aankomen. Na gebruik de handen goed wassen.<\/p>\n<p><strong>Notitie: <\/strong>Dit product is geen geneesmiddel of biocide en is volgens de samengestelde stoffen als kosmetisch product te gebruiken.<\/p>\n<p><strong>Veiligheid advies: <\/strong>Achter slot en grendel bewaren en niet in het bijzijn van kinderen gebruiken.<\/p>\n<p><strong>Niet bewaren onder temperaturen van 10\u00b0C<\/strong><\/p>\n<p><strong>Inhoud 10 ml<\/strong><\/p>\n","protected":false},"featured_media":7245,"comment_status":"closed","ping_status":"closed","template":"","meta":[],"product_brand":[],"product_cat":[353,358,369,372],"product_tag":[],"class_list":{"0":"post-7719","1":"product","2":"type-product","3":"status-publish","4":"has-post-thumbnail","6":"product_cat-duiven","7":"product_cat-desinfectie-en-verzorging","8":"product_cat-pluimvee","9":"product_cat-desinfectie-en-verzorging-nl","11":"first","12":"instock","13":"product-type-simple"},"_links":{"self":[{"href":"https:\/\/www.tauben-backs.de\/nl\/wp-json\/wp\/v2\/product\/7719","targetHints":{"allow":["GET"]}}],"collection":[{"href":"https:\/\/www.tauben-backs.de\/nl\/wp-json\/wp\/v2\/product"}],"about":[{"href":"https:\/\/www.tauben-backs.de\/nl\/wp-json\/wp\/v2\/types\/product"}],"replies":[{"embeddable":true,"href":"https:\/\/www.tauben-backs.de\/nl\/wp-json\/wp\/v2\/comments?post=7719"}],"wp:featuredmedia":[{"embeddable":true,"href":"https:\/\/www.tauben-backs.de\/nl\/wp-json\/wp\/v2\/media\/7245"}],"wp:attachment":[{"href":"https:\/\/www.tauben-backs.de\/nl\/wp-json\/wp\/v2\/media?parent=7719"}],"wp:term":[{"taxonomy":"product_brand","embeddable":true,"href":"https:\/\/www.tauben-backs.de\/nl\/wp-json\/wp\/v2\/product_brand?post=7719"},{"taxonomy":"product_cat","embeddable":true,"href":"https:\/\/www.tauben-backs.de\/nl\/wp-json\/wp\/v2\/product_cat?post=7719"},{"taxonomy":"product_tag","embeddable":true,"href":"https:\/\/www.tauben-backs.de\/nl\/wp-json\/wp\/v2\/product_tag?post=7719"}],"curies":[{"name":"wp","href":"https:\/\/api.w.org\/{rel}","templated":true}]}}