{"id":7690,"date":"2017-04-24T00:00:00","date_gmt":"2017-04-23T22:00:00","guid":{"rendered":"https:\/\/www.tauben-backs.de\/produkt\/unkategorisiert\/usnea-barbata\/"},"modified":"2019-10-22T13:56:26","modified_gmt":"2019-10-22T11:56:26","slug":"usnea-barbata","status":"publish","type":"product","link":"https:\/\/www.tauben-backs.de\/nl\/pluimvee\/opbouw-en-versterking\/usnea-barbata\/","title":{"rendered":"Backs Usnea barbata"},"content":{"rendered":"<p><strong>Backs Usnea barbata <\/strong>(Bartflechte)<\/p>\n<p>ZUSATZSTOFF f\u00fcr Tauben<\/p>\n<p>&nbsp;<\/p>\n<p><strong>Zusatzstoffe je kg:<\/strong><\/p>\n<p>Aromastoffe, deren Zusatz zu Futtermitteln deren Geruch oder Schmackhaftigkeit verbessert: 100000 mg<\/p>\n<p><strong>\u00a0<\/strong><\/p>\n<p><strong>Gebrauchsanleitung: <\/strong>5 ml Usnea barbata 1 x t\u00e4glich auf 1 Liter Wasser verf\u00fcttern.<\/p>\n<p>Zur Zucht- und zur Reisevorbereitung empfehlen wir eine 5-t\u00e4gige Verf\u00fctterung vor der Anpaarung bzw. vor den Vortouren. W\u00e4hrend der Reise 1 x pro Woche am Wochenanfang in die Tr\u00e4nke, w\u00e4hrend der Mauser 2 x w\u00f6chentlich.<\/p>\n<p>&nbsp;<\/p>\n<p>Dicht verschlossen und vor Licht gesch\u00fctzt lagern. Vor Gebrauch sch\u00fctteln.<\/p>\n<p>&nbsp;<\/p>\n<p><strong>Sicherheitshinweise: <\/strong>&#8212;<\/p>\n<p>&nbsp;<\/p>\n<p>Nettovolumen: 250 ml<\/p>\n","protected":false},"excerpt":{"rendered":"<p>is een tinctuur uit baartmos. Baartmos staat al sinds jaar en dag bekend als eetlustopwekkend. Bovendien bevat baartmos de bitterstof usneazuur.<\/p>\n<p>TOEVOEGINGSMIDDEL voor duiven<\/p>\n<p><strong>Toevoegingsmiddelen per kg<\/strong><strong>: <\/strong>Aromatische stoffen: stoffen die de diervoeders waaraan zij zijn toegevoegd geuriger of smakelijker maken: 100000 mg<\/p>\n<p><strong>Gebruiksaanwijzing:<\/strong> 5 ml Usnea barbata 1 x dagelijks op 1 liter water geven.<\/p>\n<p>Voor de kweek- en competitievoorbereiding bevelen wij een 5 daagse kuur aan. Tijdens de vliegperiode 1 x aan het begin van de week. Tijdens de ruiperiode 2 x wekelijks.<\/p>\n<p><strong>Goed gesloten en donker bewaren. Voor gebruik schudden.<\/strong><\/p>\n<p><strong>Aanbevelingen voor veilig gebruik:<\/strong> &#8212;<\/p>\n","protected":false},"featured_media":10176,"comment_status":"closed","ping_status":"closed","template":"","meta":[],"product_brand":[],"product_cat":[353,357,369,371,398],"product_tag":[],"class_list":{"0":"post-7690","1":"product","2":"type-product","3":"status-publish","4":"has-post-thumbnail","6":"product_cat-duiven","7":"product_cat-natuurlijke-opbouw","8":"product_cat-pluimvee","9":"product_cat-opbouw-en-versterking","10":"product_cat-konijnen","12":"first","13":"instock","14":"featured","15":"product-type-variable"},"_links":{"self":[{"href":"https:\/\/www.tauben-backs.de\/nl\/wp-json\/wp\/v2\/product\/7690","targetHints":{"allow":["GET"]}}],"collection":[{"href":"https:\/\/www.tauben-backs.de\/nl\/wp-json\/wp\/v2\/product"}],"about":[{"href":"https:\/\/www.tauben-backs.de\/nl\/wp-json\/wp\/v2\/types\/product"}],"replies":[{"embeddable":true,"href":"https:\/\/www.tauben-backs.de\/nl\/wp-json\/wp\/v2\/comments?post=7690"}],"wp:featuredmedia":[{"embeddable":true,"href":"https:\/\/www.tauben-backs.de\/nl\/wp-json\/wp\/v2\/media\/10176"}],"wp:attachment":[{"href":"https:\/\/www.tauben-backs.de\/nl\/wp-json\/wp\/v2\/media?parent=7690"}],"wp:term":[{"taxonomy":"product_brand","embeddable":true,"href":"https:\/\/www.tauben-backs.de\/nl\/wp-json\/wp\/v2\/product_brand?post=7690"},{"taxonomy":"product_cat","embeddable":true,"href":"https:\/\/www.tauben-backs.de\/nl\/wp-json\/wp\/v2\/product_cat?post=7690"},{"taxonomy":"product_tag","embeddable":true,"href":"https:\/\/www.tauben-backs.de\/nl\/wp-json\/wp\/v2\/product_tag?post=7690"}],"curies":[{"name":"wp","href":"https:\/\/api.w.org\/{rel}","templated":true}]}}