{"id":7686,"date":"2017-04-24T00:00:00","date_gmt":"2017-04-23T22:00:00","guid":{"rendered":"https:\/\/www.tauben-backs.de\/produkt\/unkategorisiert\/boomschors-thee\/"},"modified":"2019-07-18T13:30:09","modified_gmt":"2019-07-18T11:30:09","slug":"boomschors-thee","status":"publish","type":"product","link":"https:\/\/www.tauben-backs.de\/nl\/duiven\/natuurlijke-opbouw\/boomschors-thee\/","title":{"rendered":"Backs Boomschors &#8211; Thee"},"content":{"rendered":"<p><strong>Backs Vier-Rinden-Tee<\/strong><\/p>\n<p>Erg\u00e4nzungsfuttermittel f\u00fcr Tauben.<\/p>\n<p>&nbsp;<\/p>\n<p><strong>Zusammensetzung:<\/strong> Weidenrinde, Faulbaumrinde, Eichenrinde, Ulmenrinde<\/p>\n<p><strong>\u00a0<\/strong><\/p>\n<p><strong>Analytische Bestandteile:<\/strong><\/p>\n<p>31,0 % Rohfaser<\/p>\n<p>6,7 % Rohasche<\/p>\n<p>4,7 % Rohprotein<\/p>\n<p>1,0 % Roh\u00f6le und \u2013fette<\/p>\n<p>0,2 % Lysin<\/p>\n<p>0,0 % Methionin<\/p>\n<p>0,0 % Natrium<\/p>\n<p>&nbsp;<\/p>\n<p><strong>Hinweise f\u00fcr die ordnungsgem\u00e4\u00dfe Verwendung:<\/strong> Backs Vier-Rinden-Tee kann das ganze Jahr \u00fcber verf\u00fcttert werden. Erfahrungsgem\u00e4\u00df sollte er jedoch 2 bis 3 mal an 5 aufeinander folgenden Tagen w\u00e4hrend der Ruhe- bzw. Winterzeit verf\u00fcttert werden.<\/p>\n<p>&nbsp;<\/p>\n<p>1 geh\u00e4uften Essl\u00f6ffel Vier-Rinden-Tee mit 1 Liter kaltem Wasser ansetzen und langsam bis zum Siedepunkt erhitzen. Danach vom Herd nehmen und noch 5 Minuten ziehen lassen. Den Tee abk\u00fchlen lassen und unverd\u00fcnnt in die Tr\u00e4nke geben.<\/p>\n<p>&nbsp;<\/p>\n<p>Trocken und vor Licht gesch\u00fctzt lagern!<\/p>\n<p><strong>\u00a0<\/strong><\/p>\n<p>Nettomasse: 400 g<\/p>\n","protected":false},"excerpt":{"rendered":"<p>ondersteunt de darmflora\u00a0 en bevordert de donsrui.<\/p>\n<p>Aanvullend diervoeder voor duiven<\/p>\n<p><strong>Samenstelling:<\/strong> Wilgenschors, sporkehoutschors, eikenschors, iepenschors<\/p>\n<p><strong>Analytische bestanddelen:<\/strong> 31 % Ruwe celstof, 6,7 % Ruwe as, 4,7 % Ruw eiwit, 1 % Ruw vet, 0,2 % Lysine, 0 % Methionine, 0 % Natrium<\/p>\n<p><strong>Gebruiksaanwijzing: <\/strong>Backs Boomschors \u2013 Thee kan het gehele jaar worden gegeven. Uit ervaring bevelen wij echter aan, het 2 tot 3 keer tijdens de rust of wintertijd op 5 opeenvolgende dagen te geven.<\/p>\n<p>Een volle eetlepel Boomschors \u2013 Thee op 1 liter koud water en langzaam aan de kook brengen. Daarna van de kachel of het gas halen en nog 5 minuten laten trekken. De thee laten afkoelen en onverdund in de drinkpotten doen<\/p>\n<p><strong>Droog en donker bewaren.<\/strong><\/p>\n<p><strong>Nettohoeveelheid: 400 g<\/strong><\/p>\n","protected":false},"featured_media":7362,"comment_status":"closed","ping_status":"closed","template":"","meta":[],"product_brand":[],"product_cat":[353,357],"product_tag":[],"class_list":{"0":"post-7686","1":"product","2":"type-product","3":"status-publish","4":"has-post-thumbnail","6":"product_cat-duiven","7":"product_cat-natuurlijke-opbouw","9":"first","10":"instock","11":"product-type-simple"},"_links":{"self":[{"href":"https:\/\/www.tauben-backs.de\/nl\/wp-json\/wp\/v2\/product\/7686","targetHints":{"allow":["GET"]}}],"collection":[{"href":"https:\/\/www.tauben-backs.de\/nl\/wp-json\/wp\/v2\/product"}],"about":[{"href":"https:\/\/www.tauben-backs.de\/nl\/wp-json\/wp\/v2\/types\/product"}],"replies":[{"embeddable":true,"href":"https:\/\/www.tauben-backs.de\/nl\/wp-json\/wp\/v2\/comments?post=7686"}],"wp:featuredmedia":[{"embeddable":true,"href":"https:\/\/www.tauben-backs.de\/nl\/wp-json\/wp\/v2\/media\/7362"}],"wp:attachment":[{"href":"https:\/\/www.tauben-backs.de\/nl\/wp-json\/wp\/v2\/media?parent=7686"}],"wp:term":[{"taxonomy":"product_brand","embeddable":true,"href":"https:\/\/www.tauben-backs.de\/nl\/wp-json\/wp\/v2\/product_brand?post=7686"},{"taxonomy":"product_cat","embeddable":true,"href":"https:\/\/www.tauben-backs.de\/nl\/wp-json\/wp\/v2\/product_cat?post=7686"},{"taxonomy":"product_tag","embeddable":true,"href":"https:\/\/www.tauben-backs.de\/nl\/wp-json\/wp\/v2\/product_tag?post=7686"}],"curies":[{"name":"wp","href":"https:\/\/api.w.org\/{rel}","templated":true}]}}