{"id":7683,"date":"2017-04-24T00:00:00","date_gmt":"2017-04-23T22:00:00","guid":{"rendered":"https:\/\/www.tauben-backs.de\/produkt\/unkategorisiert\/backs-thee\/"},"modified":"2019-07-18T12:52:32","modified_gmt":"2019-07-18T10:52:32","slug":"backs-thee","status":"publish","type":"product","link":"https:\/\/www.tauben-backs.de\/nl\/duiven\/natuurlijke-opbouw\/backs-thee\/","title":{"rendered":"Backs Thee (Belgische mengeling)"},"content":{"rendered":"<p><strong>Backs Tee<\/strong><\/p>\n<p>ZUSATZSTOFF f\u00fcr Tauben<\/p>\n<p>&nbsp;<\/p>\n<p><strong>Zusatzstoffe je kg:<\/strong><\/p>\n<p>Aromastoffe, deren Zusatz zu Futtermitteln deren Geruch oder Schmackhaftigkeit verbessert: 1000000 mg Mischung aus Aromastoffen<\/p>\n<p>&nbsp;<\/p>\n<p><strong>Gebrauchsanleitung:<\/strong><\/p>\n<p>In ein Liter Wasser gebe man einen geh\u00e4uften Essl\u00f6ffel Backs Taubentee, 3 Minuten kochen, danach 15 Minuten abgedeckt ziehen lassen. Anschlie\u00dfend durch ein Sieb geben und abk\u00fchlen lassen.<\/p>\n<p>Zur Zucht- und zur Reisevorbereitung empfehlen wir eine 5-t\u00e4gige Verf\u00fctterung vor dem Anpaaren bzw. vor den Vortouren. W\u00e4hrend der Reise 1 x pro Woche nach dem Flug in die Tr\u00e4nke, w\u00e4hrend der Mauser 2 x w\u00f6chentlich.<\/p>\n<p>&nbsp;<\/p>\n<p><strong>Besondere Hinweise:<\/strong><\/p>\n<p>Trocken und vor Licht gesch\u00fctzt lagern.<\/p>\n<p>&nbsp;<\/p>\n<p><strong>Sicherheitshinweise: <\/strong>&#8212;<\/p>\n<p>&nbsp;<\/p>\n<p>Nettogewicht: 300 g<\/p>\n","protected":false},"excerpt":{"rendered":"<p>is een kruidenmengeling die bestaat uit 20 verschillende kruiden, bladeren, wortels en bloesems. Het is een mengeling die door een ervaren Belgische topliefhebber samengesteld werd. Dit uitgelezen kruidenproduct brengt de duiven in een fantastische vorm, die u voor topvorm nodig hebt.<\/p>\n<p>Toevoegingsmiddel voor duiven<\/p>\n<p><strong>Toevoegingsmiddel<\/strong><strong>en per kg: <\/strong>Aromatische stoffen: stoffen die de diervoeders waaraan zij zijn toegevoegd geuriger of smakelijker maken: 1000000 mg Mengsel van aromatische stoffen<\/p>\n<p><strong>Gebruiksaanwijzing: <\/strong>Aan 1 liter water voegt u een volle eetlepel Backs Duiventhee toe, 3 minuten laten koken, daarna 15 minuten afgedekt laten trekken. Daarna door een zeef gieten en laten afkoelen.<\/p>\n<p>Ter voorbereiding van de kweek en het vliegseizoen bevelen wij een 5 daagse kuur voor het koppelen en de eerste vluchten aan. Tijdens het vliegseizoen 1 x per week na de vlucht in het water. Tijdens de ruiperiode 2 x wekelijks.<\/p>\n<p><strong>Goed afgesloten en donker bewaren.<\/strong><\/p>\n<p><strong>Aanbevelingen voor veilig gebruik: &#8212;<\/strong><\/p>\n<p><strong>Nettogewicht: 300 g<\/strong><\/p>\n","protected":false},"featured_media":7364,"comment_status":"closed","ping_status":"closed","template":"","meta":[],"product_brand":[],"product_cat":[353,357],"product_tag":[],"class_list":{"0":"post-7683","1":"product","2":"type-product","3":"status-publish","4":"has-post-thumbnail","6":"product_cat-duiven","7":"product_cat-natuurlijke-opbouw","9":"first","10":"instock","11":"product-type-simple"},"_links":{"self":[{"href":"https:\/\/www.tauben-backs.de\/nl\/wp-json\/wp\/v2\/product\/7683","targetHints":{"allow":["GET"]}}],"collection":[{"href":"https:\/\/www.tauben-backs.de\/nl\/wp-json\/wp\/v2\/product"}],"about":[{"href":"https:\/\/www.tauben-backs.de\/nl\/wp-json\/wp\/v2\/types\/product"}],"replies":[{"embeddable":true,"href":"https:\/\/www.tauben-backs.de\/nl\/wp-json\/wp\/v2\/comments?post=7683"}],"wp:featuredmedia":[{"embeddable":true,"href":"https:\/\/www.tauben-backs.de\/nl\/wp-json\/wp\/v2\/media\/7364"}],"wp:attachment":[{"href":"https:\/\/www.tauben-backs.de\/nl\/wp-json\/wp\/v2\/media?parent=7683"}],"wp:term":[{"taxonomy":"product_brand","embeddable":true,"href":"https:\/\/www.tauben-backs.de\/nl\/wp-json\/wp\/v2\/product_brand?post=7683"},{"taxonomy":"product_cat","embeddable":true,"href":"https:\/\/www.tauben-backs.de\/nl\/wp-json\/wp\/v2\/product_cat?post=7683"},{"taxonomy":"product_tag","embeddable":true,"href":"https:\/\/www.tauben-backs.de\/nl\/wp-json\/wp\/v2\/product_tag?post=7683"}],"curies":[{"name":"wp","href":"https:\/\/api.w.org\/{rel}","templated":true}]}}