{"id":7681,"date":"2017-04-24T00:00:00","date_gmt":"2017-04-23T22:00:00","guid":{"rendered":"https:\/\/www.tauben-backs.de\/produkt\/unkategorisiert\/magnesin\/"},"modified":"2019-07-18T10:12:05","modified_gmt":"2019-07-18T08:12:05","slug":"magnesin","status":"publish","type":"product","link":"https:\/\/www.tauben-backs.de\/nl\/duiven\/natuurlijke-opbouw\/magnesin\/","title":{"rendered":"Backs Magnesin"},"content":{"rendered":"<p>&nbsp;<\/p>\n<p><strong>Backs Magnesin<\/strong><\/p>\n<p>Erg\u00e4nzungsfuttermittel f\u00fcr Brieftauben<\/p>\n<p>&nbsp;<\/p>\n<p><strong>Zusammensetzung:<\/strong> Kaliumgluconat, Calciumcarbonat, Trockenalgen (Spirulina), Magnesiumgluconat, Magnesiumcitrat<\/p>\n<p>&nbsp;<\/p>\n<p><strong>Analytische Bestandteile:<\/strong><\/p>\n<p>34,4 % Rohasche<\/p>\n<p>7,6 % Rohprotein<\/p>\n<p>6 % Calcium<\/p>\n<p>3,3 % Natrium<\/p>\n<p>0,25 % Lysin<\/p>\n<p>0,2 % Rohfaser<\/p>\n<p>0,16 % Methionin<\/p>\n<p>0,14 % Roh\u00f6le und -fette<\/p>\n<p><strong>\u00a0<\/strong><\/p>\n<p><strong>Dosierung:<\/strong> 1 gestrichener Me\u00dfl\u00f6ffel (5g) f\u00fcr 25 Tauben, 1 mal am Tag \u00fcber das Futter verabreichen.<\/p>\n<p>&nbsp;<\/p>\n<p><strong>Hinweise f\u00fcr die ordnungsgem\u00e4\u00dfe Verwendung:<\/strong> Wir empfehlen die Verabreichung am Heimkehrtag abends und am Tag vor dem Einsetzen. Au\u00dferdem empfiehlt sich die Verabreichung vor der Saison, wenn die Tauben \u00fcber den Winter festgesessen haben und den ersten Freiflug bekommen, um Muskelverkrampfungen zu vermeiden. In dieser Zeit empfiehlt sich die Verabreichung an jedem 2. Tag, bis zum Beginn der Trainingsfl\u00fcge.<\/p>\n<p>&nbsp;<\/p>\n<p><strong>Nettomasse: <\/strong>300 g<\/p>\n","protected":false},"excerpt":{"rendered":"<p>De in Backs Magnesin bevattende werkzame stoffen zijn voor de vliegperiode onmisbaar, omdat het ze het risico op spierverkrampingen tijdens en na de vluchten verminderen. Bovendien zorgen de elektrolyten die zich in Backs Magnesin bevinden voor een uitgebalanceerde waterhuishouding.<\/p>\n<p>Aanvullend diervoeder voor duiven<\/p>\n<p><strong>Samenstelling: <\/strong>Kaliumgluconaat, koolzuure voederkalk, gedroogd zeewier (spirulina), magnesiumgluconaat, magnesiumcitraat<\/p>\n<p><strong>Analytische bestanddelen: <\/strong>34,4 % Ruwe as, 7,6 % Ruw eiwit, 6 % Calcium, 3,3 % Natrium, 0,25 % Lysine, 0,2 % Ruwe celstof, 0,16 % Methionine, 0,14 % Ruw vet<\/p>\n<p><strong>Dosering: <\/strong>1 afgestreken maatlepel (5 g) voor 25 duiven, 1 keer per dag over het voer geven.<\/p>\n<p><strong>Gebruiksaanwijzing<\/strong><strong>: <\/strong>Wij bevelen aan het op de dag van thuiskomst \u2018s avonds te geven en op de dag voor inkorving. Bovendien is het aan te bevelen <strong>Backs Magnesin<\/strong> voor aanvang van het seizoen te geven, als de duiven tijdens de wintermaanden hebben vastgezeten en de eerste opleervluchten beginnen. Dit is belangrijk om spierverkramping te vermijden.<\/p>\n<p><strong>Nettohoeveelheid: 300 g<\/strong><\/p>\n","protected":false},"featured_media":7344,"comment_status":"closed","ping_status":"closed","template":"","meta":[],"product_brand":[],"product_cat":[353,357],"product_tag":[],"class_list":{"0":"post-7681","1":"product","2":"type-product","3":"status-publish","4":"has-post-thumbnail","6":"product_cat-duiven","7":"product_cat-natuurlijke-opbouw","9":"first","10":"instock","11":"featured","12":"product-type-simple"},"_links":{"self":[{"href":"https:\/\/www.tauben-backs.de\/nl\/wp-json\/wp\/v2\/product\/7681","targetHints":{"allow":["GET"]}}],"collection":[{"href":"https:\/\/www.tauben-backs.de\/nl\/wp-json\/wp\/v2\/product"}],"about":[{"href":"https:\/\/www.tauben-backs.de\/nl\/wp-json\/wp\/v2\/types\/product"}],"replies":[{"embeddable":true,"href":"https:\/\/www.tauben-backs.de\/nl\/wp-json\/wp\/v2\/comments?post=7681"}],"wp:featuredmedia":[{"embeddable":true,"href":"https:\/\/www.tauben-backs.de\/nl\/wp-json\/wp\/v2\/media\/7344"}],"wp:attachment":[{"href":"https:\/\/www.tauben-backs.de\/nl\/wp-json\/wp\/v2\/media?parent=7681"}],"wp:term":[{"taxonomy":"product_brand","embeddable":true,"href":"https:\/\/www.tauben-backs.de\/nl\/wp-json\/wp\/v2\/product_brand?post=7681"},{"taxonomy":"product_cat","embeddable":true,"href":"https:\/\/www.tauben-backs.de\/nl\/wp-json\/wp\/v2\/product_cat?post=7681"},{"taxonomy":"product_tag","embeddable":true,"href":"https:\/\/www.tauben-backs.de\/nl\/wp-json\/wp\/v2\/product_tag?post=7681"}],"curies":[{"name":"wp","href":"https:\/\/api.w.org\/{rel}","templated":true}]}}