{"id":7670,"date":"2017-04-24T00:00:00","date_gmt":"2017-04-23T22:00:00","guid":{"rendered":"https:\/\/www.tauben-backs.de\/produkt\/unkategorisiert\/slijmvrij\/"},"modified":"2019-07-18T13:37:57","modified_gmt":"2019-07-18T11:37:57","slug":"slijmvrij","status":"publish","type":"product","link":"https:\/\/www.tauben-backs.de\/nl\/duiven\/natuurlijke-opbouw\/slijmvrij\/","title":{"rendered":"Backs Slijmvrij"},"content":{"rendered":"<p><strong>Backs Schleimfrei<\/strong><\/p>\n<p>Erg\u00e4nzungsfuttermittel f\u00fcr Tauben<\/p>\n<p>&nbsp;<\/p>\n<p><strong>Zusammensetzung:<\/strong> Chitosamin, 1,2 Propandiol, Glucose, Saccharose<\/p>\n<p>&nbsp;<\/p>\n<p><strong>Analytische Bestandteile:<\/strong><\/p>\n<p>90 % Feuchtegehalt<\/p>\n<p>5,7 % Rohprotein<\/p>\n<p>0,7 % Rohfaser<\/p>\n<p>0,1 % Rohasche<\/p>\n<p>0 % Roh\u00f6le und \u2013fette<\/p>\n<p>0 % Natrium<\/p>\n<p>0 % Methionin<\/p>\n<p>0 % Lysin<\/p>\n<p>&nbsp;<\/p>\n<p><strong>Hinweise f\u00fcr die ordnungsgem\u00e4\u00dfe Verwendung<\/strong>: 20 ml Backs Schleimfrei 1 x t\u00e4glich auf 1 Liter Wasser oder f\u00fcr 25 Tauben \u00fcber das Futter geben.<\/p>\n<p>F\u00fctterung w\u00e4hrend der Reisezeit 2 x pro Woche am Wochenanfang.<\/p>\n<p>&nbsp;<\/p>\n<p><strong>Besondere Hinweise:<\/strong><\/p>\n<p>Dicht verschlossen und vor Licht gesch\u00fctzt lagern.<\/p>\n<p>&nbsp;<\/p>\n<p>Nettovolumen: 500 ml<\/p>\n","protected":false},"excerpt":{"rendered":"<p>Dat de zee veel goede producten levert, is alom bekend. Ook voor de luchtwegenproblemen heeft zij de oplossing in huis. Uit schaaldieren worden bepaalde stoffen onttrokken die bij duiven een bijzondere werking veroorzaken op de luchtwegen.<\/p>\n<p>Zo helpt Backs Slijmvrij uw duiven op een natuurlijke wijze de slijmwegen van de duiven schoon te houden. Backs Slijmvrij wordt toegediend in het drinkwater. Tijdens de vluchten: aan het begin van de week 1 tot 2 dagen.<\/p>\n<p>Aanvullend diervoeder voor duiven<\/p>\n<p><strong>Samenstelling:<\/strong> Chitosan, 1,2 Propandiol, Glucose, Saccharose<\/p>\n<p><strong>Analytische bestanddelen en gehalten: <\/strong>90,0 % Vochtgehalte, 5,7 % Ruw eiwit, 0,7 % Ruwe celstof, 0,1 % Ruwe as, 0 % Ruw vet, 0 % Natrium, 0 % Methionine, 0 % Lysine<\/p>\n<p><strong>Gebruiksaanwijzing: <\/strong>20 ml Backs Slijmvrij 1 x dagelijks op 1 liter water of voor 25 duiven over het voer geven.<\/p>\n<p>Gebruik tijdens de vliegperiode: 2 x per week in de eerste helft van de week.<\/p>\n<p><strong>Goed gesloten en donker bewaren <\/strong><\/p>\n","protected":false},"featured_media":7374,"comment_status":"closed","ping_status":"closed","template":"","meta":[],"product_brand":[],"product_cat":[353,357],"product_tag":[],"class_list":{"0":"post-7670","1":"product","2":"type-product","3":"status-publish","4":"has-post-thumbnail","6":"product_cat-duiven","7":"product_cat-natuurlijke-opbouw","9":"first","10":"instock","11":"product-type-variable"},"_links":{"self":[{"href":"https:\/\/www.tauben-backs.de\/nl\/wp-json\/wp\/v2\/product\/7670","targetHints":{"allow":["GET"]}}],"collection":[{"href":"https:\/\/www.tauben-backs.de\/nl\/wp-json\/wp\/v2\/product"}],"about":[{"href":"https:\/\/www.tauben-backs.de\/nl\/wp-json\/wp\/v2\/types\/product"}],"replies":[{"embeddable":true,"href":"https:\/\/www.tauben-backs.de\/nl\/wp-json\/wp\/v2\/comments?post=7670"}],"wp:featuredmedia":[{"embeddable":true,"href":"https:\/\/www.tauben-backs.de\/nl\/wp-json\/wp\/v2\/media\/7374"}],"wp:attachment":[{"href":"https:\/\/www.tauben-backs.de\/nl\/wp-json\/wp\/v2\/media?parent=7670"}],"wp:term":[{"taxonomy":"product_brand","embeddable":true,"href":"https:\/\/www.tauben-backs.de\/nl\/wp-json\/wp\/v2\/product_brand?post=7670"},{"taxonomy":"product_cat","embeddable":true,"href":"https:\/\/www.tauben-backs.de\/nl\/wp-json\/wp\/v2\/product_cat?post=7670"},{"taxonomy":"product_tag","embeddable":true,"href":"https:\/\/www.tauben-backs.de\/nl\/wp-json\/wp\/v2\/product_tag?post=7670"}],"curies":[{"name":"wp","href":"https:\/\/api.w.org\/{rel}","templated":true}]}}