{"id":7667,"date":"2017-04-24T00:00:00","date_gmt":"2017-04-23T22:00:00","guid":{"rendered":"https:\/\/www.tauben-backs.de\/produkt\/unkategorisiert\/wilgenschorsthee-vloeibaar\/"},"modified":"2019-07-18T13:25:14","modified_gmt":"2019-07-18T11:25:14","slug":"wilgenschorsthee-vloeibaar","status":"publish","type":"product","link":"https:\/\/www.tauben-backs.de\/nl\/duiven\/natuurlijke-opbouw\/wilgenschorsthee-vloeibaar\/","title":{"rendered":"Backs Wilgenschorsthee, vloeibaar"},"content":{"rendered":"<p><strong>Backs Weidenrindentee, fl\u00fcssig<\/strong><\/p>\n<p>ZUSATZSTOFF f\u00fcr Tauben<\/p>\n<p>&nbsp;<\/p>\n<p><strong>Zusatzstoffe je kg:<\/strong><\/p>\n<p>Aromastoffe, deren Zusatz zu Futtermitteln deren Geruch oder Schmackhaftigkeit verbessert: 100000 mg Mischung aus Aromastoffen<\/p>\n<p>&nbsp;<\/p>\n<p><strong>Gebrauchsanleitung:<\/strong><\/p>\n<p>20 ml Weidenrindentee 1 x t\u00e4glich auf 1 Liter Wasser geben oder f\u00fcr 25 Tauben \u00fcber das Futter.<\/p>\n<p>Wir empfehlen eine 5-t\u00e4gige Verf\u00fctterung vor dem Anpaaren und vor der Reise. W\u00e4hrend der Reise 1 x pro Woche nach dem Flug, w\u00e4hrend der Mauser 2 x w\u00f6chentlich. Bei abgesetzten Jungtauben 2 x w\u00f6chentlich.<\/p>\n<p>&nbsp;<\/p>\n<p><strong>Besondere Hinweise:<\/strong><\/p>\n<p>Dicht verschlossen und vor Licht gesch\u00fctzt lagern. Vor Gebrauch sch\u00fctteln.<\/p>\n<p>&nbsp;<\/p>\n<p><strong>Sicherheitshinweise: <\/strong>&#8212;<\/p>\n<p>&nbsp;<\/p>\n<p>Nettovolumen: 500 ml<\/p>\n","protected":false},"excerpt":{"rendered":"<p><strong>Backs Wilgenschorsthee vloeibaar<\/strong>\u00a0ondersteunt de\u00a0darmen van de duiven.<\/p>\n<p>TOEVOEGINGSMIDDEL voor duiven.<\/p>\n<p><strong>Toevoegingsmiddel<\/strong><strong>en per kg: <\/strong>Aromatische stoffen: stoffen die de diervoeders waaraan zij zijn toegevoegd geuriger of smakelijker maken: 100000 mg Mengsel van aromatische stoffen<\/p>\n<p><strong>Gebruiksaanwijzing: <\/strong>20 ml Wilgenschors thee 1 x dagelijks op 1 liter water of voor 25 duiven\u00a0 over het voer geven.<\/p>\n<p>Wij bevelen een 5 daagse kuur aan voor het koppelen en voor de vliegperiode. Tijdens de vluchten: 1 x per week na de vlucht. Tijdens de rui 2 x wekelijks Na het spenen van de jongen 2 x per week.<\/p>\n<p><strong>Goed afgesloten en donker bewaren. Voor gebruik schudden.<\/strong><\/p>\n<p><strong>Aanbevelingen voor veilig gebruik: &#8212;<\/strong><\/p>\n","protected":false},"featured_media":7368,"comment_status":"closed","ping_status":"closed","template":"","meta":[],"product_brand":[],"product_cat":[353,357],"product_tag":[],"class_list":{"0":"post-7667","1":"product","2":"type-product","3":"status-publish","4":"has-post-thumbnail","6":"product_cat-duiven","7":"product_cat-natuurlijke-opbouw","9":"first","10":"instock","11":"product-type-variable"},"_links":{"self":[{"href":"https:\/\/www.tauben-backs.de\/nl\/wp-json\/wp\/v2\/product\/7667","targetHints":{"allow":["GET"]}}],"collection":[{"href":"https:\/\/www.tauben-backs.de\/nl\/wp-json\/wp\/v2\/product"}],"about":[{"href":"https:\/\/www.tauben-backs.de\/nl\/wp-json\/wp\/v2\/types\/product"}],"replies":[{"embeddable":true,"href":"https:\/\/www.tauben-backs.de\/nl\/wp-json\/wp\/v2\/comments?post=7667"}],"wp:featuredmedia":[{"embeddable":true,"href":"https:\/\/www.tauben-backs.de\/nl\/wp-json\/wp\/v2\/media\/7368"}],"wp:attachment":[{"href":"https:\/\/www.tauben-backs.de\/nl\/wp-json\/wp\/v2\/media?parent=7667"}],"wp:term":[{"taxonomy":"product_brand","embeddable":true,"href":"https:\/\/www.tauben-backs.de\/nl\/wp-json\/wp\/v2\/product_brand?post=7667"},{"taxonomy":"product_cat","embeddable":true,"href":"https:\/\/www.tauben-backs.de\/nl\/wp-json\/wp\/v2\/product_cat?post=7667"},{"taxonomy":"product_tag","embeddable":true,"href":"https:\/\/www.tauben-backs.de\/nl\/wp-json\/wp\/v2\/product_tag?post=7667"}],"curies":[{"name":"wp","href":"https:\/\/api.w.org\/{rel}","templated":true}]}}