{"id":7664,"date":"2017-04-24T00:00:00","date_gmt":"2017-04-23T22:00:00","guid":{"rendered":"https:\/\/www.tauben-backs.de\/produkt\/unkategorisiert\/meister-mix\/"},"modified":"2019-10-08T13:19:33","modified_gmt":"2019-10-08T11:19:33","slug":"meister-mix","status":"publish","type":"product","link":"https:\/\/www.tauben-backs.de\/nl\/pluimvee\/opbouw-en-versterking\/meister-mix\/","title":{"rendered":"Backs Meister-Mix"},"content":{"rendered":"<p><strong>Backs Meister-Mix<\/strong><\/p>\n<p>Erg\u00e4nzungsfuttermittel f\u00fcr Tauben und Zierv\u00f6gel<\/p>\n<p>&nbsp;<\/p>\n<p><strong>Zusammensetzung:<\/strong> Knoblauch, Zwiebeln, Karotten, Rote Beete, Dicalciumphosphat, Mariendistelsamen, Bl\u00fctenpollen, Schwarzk\u00fcmmel,Trockenalgen (Spirulina), Seealgenmehl, Natriumbicarbonat<\/p>\n<p><strong>\u00a0<\/strong><\/p>\n<p><strong>Analytische Bestandteile:<\/strong><\/p>\n<p>55,8 % Rohasche<\/p>\n<p>43,9 % Salzs\u00e4ureunl\u00f6sliche Asche<\/p>\n<p>7,2 % Rohprotein<\/p>\n<p>3,5 % Rohfaser<\/p>\n<p>0,45 % Roh\u00f6le und -fette<\/p>\n<p>0,42 % Natrium<\/p>\n<p>0,14 % Lysin<\/p>\n<p>0,09 % Methionin<\/p>\n<p><strong>\u00a0<\/strong><\/p>\n<p><strong>Hinweise f\u00fcr die ordnungsgem\u00e4\u00dfen Verwendung:<\/strong> Backs Meister-Mix kann das ganze Jahr hindurch 2 x w\u00f6chentlich \u00fcber das mit <strong>Backs Moorkonzentrat <\/strong>oder <strong>Backs Soja\u00f6l &amp; Oregano<\/strong> angefeuchtete Futter verabreicht werden.<\/p>\n<p>&nbsp;<\/p>\n<p><strong>Dosierung<\/strong>: 2 gestrichene Messl\u00f6ffel f\u00fcr 20 Tauben oder f\u00fcr 250 Kanarien \/ Wellensittiche.<\/p>\n<p>&nbsp;<\/p>\n<p>K\u00fchl und trocken lagern!<\/p>\n<p>&nbsp;<\/p>\n<p>Nettomasse: 500 g<\/p>\n","protected":false},"excerpt":{"rendered":"<p>Bevat o.a. gemalen knoflook, uien, wortelen, rode bieten, zwarte komijn, mariadistelzaad, stuifmeel, spirulina en zeewier. Het houdt uw duiven het gehele jaar in een goede conditie.<\/p>\n<p><strong>Backs Meister-Mix <\/strong>heeft vooral een\u00a0positieve uitwerking op het maagdarmkanaal van de duiven en op het\u00a0totale organisme en bezorgt uw duiven op een natuurlijke wijze sporenelementen, mineralen, aminozuren en vitamines.<\/p>\n<p>Mineraalvoeder voor duiven en siervogels<\/p>\n<p><strong>Samenstelling: <\/strong>Knoflook, gedroogd, uien, wortels, gedroogd, rode bieten, dicalciumphosphaat, mariadistelzaad, stuifmeel, zwarte komijn, gedroogde algen (Spirulina), zeewier, gedroogd, natriumbicarbonaat<\/p>\n<p><strong>Analytische bestanddelen: <\/strong>46,4 % Zoutzuur onoplosbare as, 0,9 % Fosfor, 0,42 % Calcium, 0,42 % Natrium, 0,14 % Lysine, 0,09 % Methionine<\/p>\n<p><strong>Gebruiksaanwijzing: Backs Meister-Mix<\/strong> kan het gehele jaar door 2 x per week gegeven worden. Het voer eerst bevochtigen met b.v. <strong>Backs Veenconcentraat<\/strong> of Backs Sojaolie &amp; Oregano.<\/p>\n<p><strong>Dosering<\/strong>: 2 afgestreken maatlepels over het voer voor 20 duiven of 250 kanaries \/ parkieten.<\/p>\n<p><strong>Koel en droog bewaren!<\/strong><\/p>\n<p><strong>Nettohoeveelheid: 500 g<\/strong><\/p>\n","protected":false},"featured_media":6640,"comment_status":"closed","ping_status":"closed","template":"","meta":[],"product_brand":[],"product_cat":[353,357,369,371],"product_tag":[],"class_list":{"0":"post-7664","1":"product","2":"type-product","3":"status-publish","4":"has-post-thumbnail","6":"product_cat-duiven","7":"product_cat-natuurlijke-opbouw","8":"product_cat-pluimvee","9":"product_cat-opbouw-en-versterking","11":"first","12":"instock","13":"product-type-variable"},"_links":{"self":[{"href":"https:\/\/www.tauben-backs.de\/nl\/wp-json\/wp\/v2\/product\/7664","targetHints":{"allow":["GET"]}}],"collection":[{"href":"https:\/\/www.tauben-backs.de\/nl\/wp-json\/wp\/v2\/product"}],"about":[{"href":"https:\/\/www.tauben-backs.de\/nl\/wp-json\/wp\/v2\/types\/product"}],"replies":[{"embeddable":true,"href":"https:\/\/www.tauben-backs.de\/nl\/wp-json\/wp\/v2\/comments?post=7664"}],"wp:featuredmedia":[{"embeddable":true,"href":"https:\/\/www.tauben-backs.de\/nl\/wp-json\/wp\/v2\/media\/6640"}],"wp:attachment":[{"href":"https:\/\/www.tauben-backs.de\/nl\/wp-json\/wp\/v2\/media?parent=7664"}],"wp:term":[{"taxonomy":"product_brand","embeddable":true,"href":"https:\/\/www.tauben-backs.de\/nl\/wp-json\/wp\/v2\/product_brand?post=7664"},{"taxonomy":"product_cat","embeddable":true,"href":"https:\/\/www.tauben-backs.de\/nl\/wp-json\/wp\/v2\/product_cat?post=7664"},{"taxonomy":"product_tag","embeddable":true,"href":"https:\/\/www.tauben-backs.de\/nl\/wp-json\/wp\/v2\/product_tag?post=7664"}],"curies":[{"name":"wp","href":"https:\/\/api.w.org\/{rel}","templated":true}]}}