{"id":7663,"date":"2017-04-24T00:00:00","date_gmt":"2017-04-23T22:00:00","guid":{"rendered":"https:\/\/www.tauben-backs.de\/produkt\/unkategorisiert\/bambino\/"},"modified":"2019-07-17T14:23:34","modified_gmt":"2019-07-17T12:23:34","slug":"bambino","status":"publish","type":"product","link":"https:\/\/www.tauben-backs.de\/nl\/pluimvee\/opbouw-en-versterking\/bambino\/","title":{"rendered":"Bambino"},"content":{"rendered":"<p><strong>Backs Bambino<\/strong><\/p>\n<p>Erg\u00e4nzungsfuttermittel f\u00fcr Tauben<\/p>\n<p>&nbsp;<\/p>\n<p><strong>Zusammensetzung:<\/strong> Bisquit, Zwieback, Sojamehl, Garnelen, Ameiseneier, Hanf, Unkrautsamen, Leinsaat, Honig, Milokorn, Dari, Negersaat, Kardi<\/p>\n<p>&nbsp;<\/p>\n<p><strong>Gehalt an Inhaltsstoffen:<\/strong><\/p>\n<p>17,5 % Rohprotein<\/p>\n<p>6,2 % Rohfett<\/p>\n<p>2,8 % Rohasche<\/p>\n<p>1,4 % Rohfaser<\/p>\n<p>&nbsp;<\/p>\n<p><strong>Zusatzstoffe je kg:<\/strong><\/p>\n<p>50000 i.E. Vitamin A<\/p>\n<p>4600 i.E. Vitamin D<sub>3<\/sub><\/p>\n<p>150 mg Vitamin E<\/p>\n<p>35 mg Vitamin B<sub>1<\/sub><\/p>\n<p>28 mg Vitamin B<sub>2<\/sub><\/p>\n<p>6 mg Vitamin B<sub>6<\/sub><\/p>\n<p>40 mcg Vitamin B<sub>12<\/sub><\/p>\n<p>460 mcg Biotin<\/p>\n<p>460 mg Vitamin C<\/p>\n<p>&nbsp;<\/p>\n<p><strong>Anwendung:<\/strong><\/p>\n<p><strong>Backs Bambino<\/strong> kann leicht angefeuchtet im Napf verabreicht werden. Zum Anfeuchten des Futters empfehlen wir Backs Omega-Plus-\u00d6l oder Lecithin aber auch die gelegentliche Verabreichung mit Moorkonzentrat hat sich bew\u00e4hrt. <strong>Backs Bambino<\/strong> sollte w\u00e4hrend der Aufzucht der Jungtauben t\u00e4glich zugef\u00fcttert werden. Wir empfehlen die Zuf\u00fctterung ab dem 8. Lebenstag der Tauben. Auch nach dem Absetzen der Jungtauben sollte <strong>Backs Bambino <\/strong>noch ca. 3 Wochen t\u00e4glich weitergef\u00fcttert werden bis das Gefieder voll ausgebildet ist. Danach reicht eine Verabreichung an 2 Tagen in der Woche.<\/p>\n<p>&nbsp;<\/p>\n<p><strong>Dosierung:<\/strong><\/p>\n<p>250 g f\u00fcr 20 Tauben. Nach dem Absetzen 250 g f\u00fcr 40 Tauben.<\/p>\n<p>&nbsp;<\/p>\n<p><strong>F\u00fctterungshinweis: <\/strong>Wegen des h\u00f6heren Gehaltes an Vitaminen gegen\u00fcber Alleinfuttermitteln darf <strong>Backs Bambino<\/strong> nur bis zu 25% der Tagesration betragen.<\/p>\n<p>Trocken, bei Zimmertemperatur lagern.<\/p>\n<p>&nbsp;<\/p>\n<p>Nettomasse: 5 kg<\/p>\n","protected":false},"excerpt":{"rendered":"<p>Bambino is een eivoer met garnalen en miereneieren. Het bevat hoogwaardig dierlijk eiwit voor de opbouw van spieren en de bevedering van jonge duiven. Bovendien bevat Backs Bambino hoogwaardig snoepzaad en honing ter verbetering van het immuunsysteem.<\/p>\n<p>Aanvullend diervoeder voor duiven.<\/p>\n<p><strong>Samenstelling:<\/strong> biscuit, beschuit, sojameel, garnalen, miereneieren, hennep, onkruidzaad, lijnzaad, honing, milocorn, dari, negerzaad, kardi<\/p>\n<p><strong>Gehalte aan inhoudstoffen: <\/strong>17,5 % Ruw eiwit, 6,2 % Ruw vet, 2,8 % Ruw as, 1,4 % Ruwvezel<\/p>\n<p><strong>Toegevoegd per kg : <\/strong>50000 i.E. Vitamine A, 4600 i.E. Vitamine D<sub>3<\/sub>, 150 mg Vitamine E, 35 mg Vitamine B<sub>1, <\/sub>28 mg Vitamine B<sub>2<\/sub>, 6 mg Vitamine B<sub>6<\/sub>, 40 mcg Vitamine B<sub>12<\/sub>, 460 mcg Biotine, 460 mg\u00a0 Vitamine C<\/p>\n<p><strong>Gebruik<\/strong><strong>: Backs Bambino<\/strong> kan licht bevochtigd in een potje gegeven worden. \u00a0We bevelen Backs Omega Plus Olie of Lecithine aan om het eivoer mee vochtig te maken. Ook Backs Veenconcentraat is een goede optie.<\/p>\n<p><strong>Backs Bambino<\/strong> dient tijdens het kweken van de jonge duiven dagelijks gevoerd worden. Wij adviseren de bijvoeding aan vanaf de 8<sup>e<\/sup> levensdag van de jongen. Ook na het spenen dient <strong>Backs Bambino <\/strong>nog minimaal 3 weken dagelijks doorgevoerd te worden (tot het verenpak compleet is). Daarna is 2 keer per week voldoende.<\/p>\n<p><strong>Dosering: <\/strong>250 g voor 20 duiven. Na het spenen 250 g voor 40 duiven.<\/p>\n<p><strong>Aanwijzingen: <\/strong>wegens het hoge vitaminegehalte ten opzichte van het voer mag <strong>Backs Bambino<\/strong> slechts tot maximaal 25% van de dagelijkse voerbehoefte bedragen.<\/p>\n<p>Droog en op kamertemperatuur bewaren.<\/p>\n<p>Netto gewicht: 5 kg<\/p>\n","protected":false},"featured_media":10161,"comment_status":"closed","ping_status":"closed","template":"","meta":[],"product_brand":[],"product_cat":[353,357,369,371],"product_tag":[],"class_list":{"0":"post-7663","1":"product","2":"type-product","3":"status-publish","4":"has-post-thumbnail","6":"product_cat-duiven","7":"product_cat-natuurlijke-opbouw","8":"product_cat-pluimvee","9":"product_cat-opbouw-en-versterking","11":"first","12":"instock","13":"product-type-simple"},"_links":{"self":[{"href":"https:\/\/www.tauben-backs.de\/nl\/wp-json\/wp\/v2\/product\/7663","targetHints":{"allow":["GET"]}}],"collection":[{"href":"https:\/\/www.tauben-backs.de\/nl\/wp-json\/wp\/v2\/product"}],"about":[{"href":"https:\/\/www.tauben-backs.de\/nl\/wp-json\/wp\/v2\/types\/product"}],"replies":[{"embeddable":true,"href":"https:\/\/www.tauben-backs.de\/nl\/wp-json\/wp\/v2\/comments?post=7663"}],"wp:featuredmedia":[{"embeddable":true,"href":"https:\/\/www.tauben-backs.de\/nl\/wp-json\/wp\/v2\/media\/10161"}],"wp:attachment":[{"href":"https:\/\/www.tauben-backs.de\/nl\/wp-json\/wp\/v2\/media?parent=7663"}],"wp:term":[{"taxonomy":"product_brand","embeddable":true,"href":"https:\/\/www.tauben-backs.de\/nl\/wp-json\/wp\/v2\/product_brand?post=7663"},{"taxonomy":"product_cat","embeddable":true,"href":"https:\/\/www.tauben-backs.de\/nl\/wp-json\/wp\/v2\/product_cat?post=7663"},{"taxonomy":"product_tag","embeddable":true,"href":"https:\/\/www.tauben-backs.de\/nl\/wp-json\/wp\/v2\/product_tag?post=7663"}],"curies":[{"name":"wp","href":"https:\/\/api.w.org\/{rel}","templated":true}]}}