{"id":7656,"date":"2017-04-24T00:00:00","date_gmt":"2017-04-23T22:00:00","guid":{"rendered":"https:\/\/www.tauben-backs.de\/produkt\/unkategorisiert\/biergist\/"},"modified":"2020-02-10T14:57:45","modified_gmt":"2020-02-10T13:57:45","slug":"biergist","status":"publish","type":"product","link":"https:\/\/www.tauben-backs.de\/nl\/duiven\/natuurlijke-opbouw\/biergist\/","title":{"rendered":"Biergist"},"content":{"rendered":"<p><strong>Bierhefe<\/strong><\/p>\n<p>Einzelfuttermittel f\u00fcr Tauben<\/p>\n<p><strong>\u00a0<\/strong><\/p>\n<p><strong>Analytische Bestandteile:<\/strong><\/p>\n<p>46 % Rohprotein<\/p>\n<p>6 % Feuchte<\/p>\n<p>&nbsp;<\/p>\n<p><strong>Hinweise f\u00fcr sachgem\u00e4\u00dfe Verwendung:<\/strong><\/p>\n<p>Bierhefe wird \u00fcber das angefeuchtete Futter verabreicht. W\u00e4hrend der Zucht und der Mauser 2 x w\u00f6chentlich, w\u00e4hrend der Reise am Tag vor dem Einsetzen und am Heimkehrtag, nach medikament\u00f6sen Behandlungen und Impfungen 5 Tage hintereinander verabreichen.<\/p>\n<p>Dosierung: 1 geh\u00e4ufter Essl\u00f6ffel (ca. 30 g) f\u00fcr 60 Tauben<\/p>\n<p>K\u00fchl und trocken lagern!<\/p>\n<p>&nbsp;<\/p>\n<p>Nettomasse: 800 g<\/p>\n","protected":false},"excerpt":{"rendered":"<p>In Backs Biergist bevindt zich een veelvoud aan noodzakelijke aminozuren, vooral B-Vitamines, mineralen, sporenelementen en specifieke enzymen met een bijzondere werking.<\/p>\n<p>Al deze speciale werkzame stoffen zijn een natuurlijke bron\u00a0voor de behoefte van de duiven. .<\/p>\n<p>Voedermiddel voor duiven.<\/p>\n<p><strong>Analytische bestanddelen: <\/strong>46 % Ruw vet, 6 % Vochtgehalte<\/p>\n<p><strong>Gebruiksaanwijzing: <\/strong>Biergist wordt over het bevochtigde voer gegeven. Tijdens de kweek- en ruiperiode 2 x per week. Tijdens de vliegperiode: op de dag voor inkorving en bij thuiskomst. Na medicatie en entingen 5 dagen achter elkaar geven.<\/p>\n<p><strong>Dosering<\/strong>: 1 volle eetlepel = ca. 30 g voor 60 duiven.<\/p>\n<p><strong>Koel en droog bewaren!<\/strong><\/p>\n<p><strong>Nettohoeveelheid: 800 g<\/strong><\/p>\n","protected":false},"featured_media":9284,"comment_status":"closed","ping_status":"closed","template":"","meta":[],"product_brand":[],"product_cat":[353,357],"product_tag":[],"class_list":{"0":"post-7656","1":"product","2":"type-product","3":"status-publish","4":"has-post-thumbnail","6":"product_cat-duiven","7":"product_cat-natuurlijke-opbouw","9":"first","10":"instock","11":"product-type-simple"},"_links":{"self":[{"href":"https:\/\/www.tauben-backs.de\/nl\/wp-json\/wp\/v2\/product\/7656","targetHints":{"allow":["GET"]}}],"collection":[{"href":"https:\/\/www.tauben-backs.de\/nl\/wp-json\/wp\/v2\/product"}],"about":[{"href":"https:\/\/www.tauben-backs.de\/nl\/wp-json\/wp\/v2\/types\/product"}],"replies":[{"embeddable":true,"href":"https:\/\/www.tauben-backs.de\/nl\/wp-json\/wp\/v2\/comments?post=7656"}],"wp:featuredmedia":[{"embeddable":true,"href":"https:\/\/www.tauben-backs.de\/nl\/wp-json\/wp\/v2\/media\/9284"}],"wp:attachment":[{"href":"https:\/\/www.tauben-backs.de\/nl\/wp-json\/wp\/v2\/media?parent=7656"}],"wp:term":[{"taxonomy":"product_brand","embeddable":true,"href":"https:\/\/www.tauben-backs.de\/nl\/wp-json\/wp\/v2\/product_brand?post=7656"},{"taxonomy":"product_cat","embeddable":true,"href":"https:\/\/www.tauben-backs.de\/nl\/wp-json\/wp\/v2\/product_cat?post=7656"},{"taxonomy":"product_tag","embeddable":true,"href":"https:\/\/www.tauben-backs.de\/nl\/wp-json\/wp\/v2\/product_tag?post=7656"}],"curies":[{"name":"wp","href":"https:\/\/api.w.org\/{rel}","templated":true}]}}