{"id":7654,"date":"2017-04-24T00:00:00","date_gmt":"2017-04-23T22:00:00","guid":{"rendered":"https:\/\/www.tauben-backs.de\/produkt\/unkategorisiert\/wilgenschors-poeder\/"},"modified":"2019-07-18T13:26:58","modified_gmt":"2019-07-18T11:26:58","slug":"wilgenschors-poeder","status":"publish","type":"product","link":"https:\/\/www.tauben-backs.de\/nl\/pluimvee\/opbouw-en-versterking\/wilgenschors-poeder\/","title":{"rendered":"Wilgenschors Poeder"},"content":{"rendered":"<p><strong>Backs Weidenrinden-Pulver<\/strong><\/p>\n<p>Einzelfuttermittel f\u00fcr Tauben<\/p>\n<p>&nbsp;<\/p>\n<p><strong>Analytische Bestandteile:<\/strong><\/p>\n<p>26,3 % Rohfaser<\/p>\n<p>&nbsp;<\/p>\n<p><strong>Hinweise f\u00fcr die sachgem\u00e4\u00dfe Verwendung:<\/strong> Backs Weidenrinden-Pulver wird \u00fcber das angefeuchtete Futter gegeben. Weidenrinden-Pulver kann das ganze Jahr \u00fcber verabreicht werden. Wir empfehlen die Verf\u00fctterung an 2 aufeinander folgenden Tagen vor dem Anpaaren und vor der Reise. W\u00e4hrend der Reise an einem Tag nach dem Flug, w\u00e4hrend der Mauser alle 4 Wochen an 2 aufeinander folgenden Tagen und bei abgesetzten Jungtauben ebenfalls alle 4 Wochen an 2 aufeinander folgenden Tagen.<\/p>\n<p>Dosierung: 1 gestrichener Messl\u00f6ffel f\u00fcr 20 Tauben.<\/p>\n<p>Trocken und vor Licht gesch\u00fctzt lagern.<\/p>\n<p>&nbsp;<\/p>\n<p>Nettomasse: 200 g<\/p>\n","protected":false},"excerpt":{"rendered":"<p>uit gedroogde wilgenschors bevat \u00a0salicylzuurverbindingen, looizuur en plantenzuur.<\/p>\n<p>Voedermiddel voor duiven<\/p>\n<p><strong>Analytische bestanddelen<\/strong><strong>: <\/strong>26,3 % Ruwe celstof<\/p>\n<p><strong>Gebruiksaanwijzing<\/strong><strong>: <\/strong><strong>Wilgenschors Poeder<\/strong> wordt over het bij voorbeeld met <strong>Backs Omega Plus Olie<\/strong> bevochtigde voer gegeven en kan het gehele jaar verstrekt worden. Wij bevelen het 2 achtereenvolgende dagen voor de koppeling \u00a0te geven en voor het vliegseizoen. Tijdens het vliegseizoen: 1 dag na de vlucht. Tijdens de rui alle 4 weken gedurende 2 opeenvolgende dagen. Tijdens het spenen van de jongen alle 4 weken gedurende 2 opeenvolgende dagen.<\/p>\n<p><strong>Dosering<\/strong>: 1 afgestreken maatlepel voor 20 duiven<\/p>\n<p><strong>Droog en donker bewaren!<\/strong><\/p>\n<p><strong>Nettohoeveelheid<\/strong><strong>: 200 g<\/strong><\/p>\n","protected":false},"featured_media":7366,"comment_status":"closed","ping_status":"closed","template":"","meta":[],"product_brand":[],"product_cat":[353,357,369,371],"product_tag":[],"class_list":{"0":"post-7654","1":"product","2":"type-product","3":"status-publish","4":"has-post-thumbnail","6":"product_cat-duiven","7":"product_cat-natuurlijke-opbouw","8":"product_cat-pluimvee","9":"product_cat-opbouw-en-versterking","11":"first","12":"instock","13":"product-type-simple"},"_links":{"self":[{"href":"https:\/\/www.tauben-backs.de\/nl\/wp-json\/wp\/v2\/product\/7654","targetHints":{"allow":["GET"]}}],"collection":[{"href":"https:\/\/www.tauben-backs.de\/nl\/wp-json\/wp\/v2\/product"}],"about":[{"href":"https:\/\/www.tauben-backs.de\/nl\/wp-json\/wp\/v2\/types\/product"}],"replies":[{"embeddable":true,"href":"https:\/\/www.tauben-backs.de\/nl\/wp-json\/wp\/v2\/comments?post=7654"}],"wp:featuredmedia":[{"embeddable":true,"href":"https:\/\/www.tauben-backs.de\/nl\/wp-json\/wp\/v2\/media\/7366"}],"wp:attachment":[{"href":"https:\/\/www.tauben-backs.de\/nl\/wp-json\/wp\/v2\/media?parent=7654"}],"wp:term":[{"taxonomy":"product_brand","embeddable":true,"href":"https:\/\/www.tauben-backs.de\/nl\/wp-json\/wp\/v2\/product_brand?post=7654"},{"taxonomy":"product_cat","embeddable":true,"href":"https:\/\/www.tauben-backs.de\/nl\/wp-json\/wp\/v2\/product_cat?post=7654"},{"taxonomy":"product_tag","embeddable":true,"href":"https:\/\/www.tauben-backs.de\/nl\/wp-json\/wp\/v2\/product_tag?post=7654"}],"curies":[{"name":"wp","href":"https:\/\/api.w.org\/{rel}","templated":true}]}}