{"id":7653,"date":"2017-04-24T00:00:00","date_gmt":"2017-04-23T22:00:00","guid":{"rendered":"https:\/\/www.tauben-backs.de\/produkt\/unkategorisiert\/wilgenschorsthee\/"},"modified":"2019-07-18T13:22:02","modified_gmt":"2019-07-18T11:22:02","slug":"wilgenschorsthee","status":"publish","type":"product","link":"https:\/\/www.tauben-backs.de\/nl\/duiven\/natuurlijke-opbouw\/wilgenschorsthee\/","title":{"rendered":"Backs Wilgenschorsthee"},"content":{"rendered":"<p><strong>Weidenrindentee<\/strong><\/p>\n<p>Einzelfuttermittel f\u00fcr Tauben<\/p>\n<p>&nbsp;<\/p>\n<p><strong>Analytische Bestandteile:<\/strong><\/p>\n<p>26,3 % Rohfaser<\/p>\n<p>&nbsp;<\/p>\n<p><strong>Hinweise f\u00fcr die sachgem\u00e4\u00dfe Verwendung:<\/strong><\/p>\n<p>1 geh\u00e4uften Essl\u00f6ffel Weidenrinde mit 1 Liter kaltem Wasser ansetzen und langsam bis zum Siedepunkt erhitzen. Danach vom Herd nehmen und noch 5 Minuten ziehen lassen. Den Tee abk\u00fchlen lassen und unverd\u00fcnnt in die Tr\u00e4nke geben.<\/p>\n<p>Wir empfehlen die Verf\u00fctterung an 2 aufeinander folgenden Tagen vor dem Anpaaren und vor der Reise. W\u00e4hrend der Reise an einem Tag nach dem Flug, w\u00e4hrend der Mauser alle 4 Wochen an 2 aufeinander folgenden Tagen und bei abgesetzten Jungtauben ebenfalls alle 4 Wochen an 2 aufeinander folgenden Tagen.<\/p>\n<p>Trocken und vor Licht gesch\u00fctzt lagern.<\/p>\n<p>&nbsp;<\/p>\n<p>Nettomasse: 400 g<\/p>\n","protected":false},"excerpt":{"rendered":"<p>ondersteunt de darmflora\u00a0 en bevordert de donsrui.<\/p>\n<p>Voedermiddel voor duiven<\/p>\n<p><strong>Analytische bestanddelen<\/strong><strong>: <\/strong>26,3 % Ruwe celstof<\/p>\n<p><strong>Gebruiksaanwijzing: <\/strong>1 volle eetlepel Wilgenschorsthee in 1 liter koud water doen en langzaam verhitten tot aan het kookpunt. Dan van de kachel of het gas halen en daarna nog 5 minuten laten trekken. De thee laten afkoelen en onverdund in de drinkpotten doen.<\/p>\n<p>Het is aan te bevelen om het 2 dagen achter elkaar voor het koppelen en voor het vliegseizoen, te geven. Tijdens het vliegseizoen op de dag na de vlucht. Tijdens de rui: om de 4 weken 2 dagen achter elkaar geven. Tijdens het spenen: ook om de 4 weken 2 dagen achter elkaar geven.<\/p>\n<p><strong>Droog en donker bewaren.<\/strong><\/p>\n<p><strong>Netto hoeveelheid<\/strong><strong>: 400 g<\/strong><\/p>\n","protected":false},"featured_media":7363,"comment_status":"closed","ping_status":"closed","template":"","meta":[],"product_brand":[],"product_cat":[353,357],"product_tag":[],"class_list":{"0":"post-7653","1":"product","2":"type-product","3":"status-publish","4":"has-post-thumbnail","6":"product_cat-duiven","7":"product_cat-natuurlijke-opbouw","9":"first","10":"instock","11":"product-type-simple"},"_links":{"self":[{"href":"https:\/\/www.tauben-backs.de\/nl\/wp-json\/wp\/v2\/product\/7653","targetHints":{"allow":["GET"]}}],"collection":[{"href":"https:\/\/www.tauben-backs.de\/nl\/wp-json\/wp\/v2\/product"}],"about":[{"href":"https:\/\/www.tauben-backs.de\/nl\/wp-json\/wp\/v2\/types\/product"}],"replies":[{"embeddable":true,"href":"https:\/\/www.tauben-backs.de\/nl\/wp-json\/wp\/v2\/comments?post=7653"}],"wp:featuredmedia":[{"embeddable":true,"href":"https:\/\/www.tauben-backs.de\/nl\/wp-json\/wp\/v2\/media\/7363"}],"wp:attachment":[{"href":"https:\/\/www.tauben-backs.de\/nl\/wp-json\/wp\/v2\/media?parent=7653"}],"wp:term":[{"taxonomy":"product_brand","embeddable":true,"href":"https:\/\/www.tauben-backs.de\/nl\/wp-json\/wp\/v2\/product_brand?post=7653"},{"taxonomy":"product_cat","embeddable":true,"href":"https:\/\/www.tauben-backs.de\/nl\/wp-json\/wp\/v2\/product_cat?post=7653"},{"taxonomy":"product_tag","embeddable":true,"href":"https:\/\/www.tauben-backs.de\/nl\/wp-json\/wp\/v2\/product_tag?post=7653"}],"curies":[{"name":"wp","href":"https:\/\/api.w.org\/{rel}","templated":true}]}}