{"id":7652,"date":"2017-04-24T00:00:00","date_gmt":"2017-04-23T22:00:00","guid":{"rendered":"https:\/\/www.tauben-backs.de\/produkt\/unkategorisiert\/elektrolyt-vloeibaar\/"},"modified":"2019-07-18T10:06:31","modified_gmt":"2019-07-18T08:06:31","slug":"elektrolyt-vloeibaar","status":"publish","type":"product","link":"https:\/\/www.tauben-backs.de\/nl\/duiven\/natuurlijke-opbouw\/elektrolyt-vloeibaar\/","title":{"rendered":"Backs Elektrolyt Vloeibaar"},"content":{"rendered":"<h1>Backs Elektrolyt, fl\u00fcssig<\/h1>\n<p>Erg\u00e4nzungsfuttermittel f\u00fcr Tauben<\/p>\n<p>&nbsp;<\/p>\n<p><strong>Zusammensetzung:<\/strong> Natriumchlorid, Kaliumchlorid<\/p>\n<p>&nbsp;<\/p>\n<p><strong>Analytische Bestandteile:<\/strong><\/p>\n<p>90 % Feuchtegehalt<\/p>\n<p>1,8 % Rohasche<\/p>\n<p>0,3 % Natrium<\/p>\n<p>0 % Roh\u00f6le und \u2013fette<\/p>\n<p>0 % Rohprotein<\/p>\n<p>0 % Rohfaser<\/p>\n<p>0 % Methionin<\/p>\n<p>0 % Lysin<\/p>\n<p>&nbsp;<\/p>\n<p><strong>Zusatzstoffe je Liter:<\/strong><\/p>\n<p>Verbindungen von Spurenelementen:<\/p>\n<p>1620 mg (E1) Eisen als Eisen-(II)-Sulfat, Heptahydrat<\/p>\n<p>300 mg (E4) Kupfer als Kupfer-(II)-acetat, Monohydrat<\/p>\n<p>188 mg (E6) Zink als Zinkchlorid, Monohydrat<\/p>\n<p>38 mg (E5) Mangan als Mangan-(II)-Chlorid, Tetrahydrat<\/p>\n<p>&nbsp;<\/p>\n<h1>Hinweise f\u00fcr die ordnungsgem\u00e4\u00dfe Verwendung: Vor dem Flug: Einmal am Tag 5 ml auf 1 Liter Wasser oder f\u00fcr 25 Tauben \u00fcber das Futter verabreichen.<\/h1>\n<p>Nach dem Flug: Je nach Schwere des Fluges einmal am Tag 10 \u2013 15 ml auf 1 Liter Wasser oder f\u00fcr 25 Tauben \u00fcber das Futter verabreichen.<\/p>\n<p>&nbsp;<\/p>\n<p>Dieses Erg\u00e4nzungsfuttermittel darf wegen der gegen\u00fcber Alleinfuttermitteln h\u00f6heren Gehalte an Spurenelementen an Tauben nur bis zu 8 % der Tagesration verf\u00fcttert werden.<\/p>\n<p>&nbsp;<\/p>\n<p><strong>K\u00fchl und vor Licht gesch\u00fctzt lagern!<\/strong><\/p>\n<p>&nbsp;<\/p>\n<p>Nettovolumen: 250 ml<\/p>\n","protected":false},"excerpt":{"rendered":"<p>Zorgt voor een snel vochtherstel bij de duif. Vooral van belang voor en na wedstrijden.<\/p>\n<p>Aanvullend diervoeder voor duiven<\/p>\n<p><strong>Samenstelling: <\/strong>Natriumchloride, Kaliumchloride<\/p>\n<p><strong>Analytische bestanddelen en gehalten: <\/strong>95 % Vochtgehalte, 1,6 % Ruwe as, 0,3 % Natrium, 0 % Ruw eiwit, 0 % Ruwe celstof, 0 % Ruw vet, 0 % Lysine, 0 % Methionine<\/p>\n<p><strong>Toevoegingsmiddelen<\/strong> <strong>per liter: <\/strong>Verbindingen van sporenelementen: 1620 mg ijzer-(II)-sulfaat heptahydraat (3b103), 300 mg (E4) koper als koper-(II)-acetaat monohydraat, 188 mg zinkchloride, watervrij (3b602), 38 mg mangaan-(II)-chloride tetrahydraat (3b501)<\/p>\n<p><strong>Gebruiksaanwijzingen: <\/strong>Voor de vlucht: een keer per dag 5 ml op 1 liter water of voor 25 duiven over het voer geven. Na de vlucht: naar zwaarte van de vlucht per dag 10 \u2013 15 ml per liter drinkwater of voor 25 duiven over het voer geven.<\/p>\n<p><strong>Dit aanvullende diervoeder mag wegens verhoogde gehaltes sporenelementen in complete voedingen voor postduiven tot 25 % van de dagelijkse voerportie toegevoegd worden. <\/strong><\/p>\n<p><strong>Koel en donker bewaren!<\/strong><\/p>\n<p><strong>Nettohoeveelheid: 250 ml<\/strong><\/p>\n","protected":false},"featured_media":8774,"comment_status":"closed","ping_status":"closed","template":"","meta":[],"product_brand":[],"product_cat":[353,357],"product_tag":[],"class_list":{"0":"post-7652","1":"product","2":"type-product","3":"status-publish","4":"has-post-thumbnail","6":"product_cat-duiven","7":"product_cat-natuurlijke-opbouw","9":"first","10":"instock","11":"product-type-simple"},"_links":{"self":[{"href":"https:\/\/www.tauben-backs.de\/nl\/wp-json\/wp\/v2\/product\/7652","targetHints":{"allow":["GET"]}}],"collection":[{"href":"https:\/\/www.tauben-backs.de\/nl\/wp-json\/wp\/v2\/product"}],"about":[{"href":"https:\/\/www.tauben-backs.de\/nl\/wp-json\/wp\/v2\/types\/product"}],"replies":[{"embeddable":true,"href":"https:\/\/www.tauben-backs.de\/nl\/wp-json\/wp\/v2\/comments?post=7652"}],"wp:featuredmedia":[{"embeddable":true,"href":"https:\/\/www.tauben-backs.de\/nl\/wp-json\/wp\/v2\/media\/8774"}],"wp:attachment":[{"href":"https:\/\/www.tauben-backs.de\/nl\/wp-json\/wp\/v2\/media?parent=7652"}],"wp:term":[{"taxonomy":"product_brand","embeddable":true,"href":"https:\/\/www.tauben-backs.de\/nl\/wp-json\/wp\/v2\/product_brand?post=7652"},{"taxonomy":"product_cat","embeddable":true,"href":"https:\/\/www.tauben-backs.de\/nl\/wp-json\/wp\/v2\/product_cat?post=7652"},{"taxonomy":"product_tag","embeddable":true,"href":"https:\/\/www.tauben-backs.de\/nl\/wp-json\/wp\/v2\/product_tag?post=7652"}],"curies":[{"name":"wp","href":"https:\/\/api.w.org\/{rel}","templated":true}]}}