{"id":7642,"date":"2017-04-24T00:00:00","date_gmt":"2017-04-23T22:00:00","guid":{"rendered":"https:\/\/www.tauben-backs.de\/produkt\/unkategorisiert\/backsi-gen-vloeibare-biergist\/"},"modified":"2019-07-17T14:45:57","modified_gmt":"2019-07-17T12:45:57","slug":"backsi-gen-vloeibare-biergist","status":"publish","type":"product","link":"https:\/\/www.tauben-backs.de\/nl\/duiven\/natuurlijke-opbouw\/backsi-gen-vloeibare-biergist\/","title":{"rendered":"Backsi-Gen Vloeibare Biergist"},"content":{"rendered":"<p><strong>Backsi-Gen<\/strong><\/p>\n<p>Erg\u00e4nzungsfuttermittel f\u00fcr Tauben<\/p>\n<p>&nbsp;<\/p>\n<p><strong>Zusammensetzung: <\/strong>Bierhefe, 1,2-Propandiol, Sonnenblumen\u00f6l<\/p>\n<p>&nbsp;<\/p>\n<p><strong>Analytische Bestandteile:<\/strong><\/p>\n<p>72,1 % Feuchte<\/p>\n<p>5,75 % Rohprotein<\/p>\n<p>1,8 % Roh\u00f6le und \u2013fette<\/p>\n<p>1,1 % Rohasche<\/p>\n<p>1 % Methionin<\/p>\n<p>0,3 % Rohfaser<\/p>\n<p>0,08 % Natrium<\/p>\n<p>0,04 % Lysin<\/p>\n<p>&nbsp;<\/p>\n<p><strong>Zusatzstoffe je 1000 g:<\/strong><\/p>\n<p>Ern\u00e4hrungsphysiologische Zusatzstoffe:<\/p>\n<p>50,00 mg Zink (E6) als Zinkchlorid, Monohydrat<\/p>\n<p>10,00 mg Eisen (E1) als Eisen-II-chlorid, Tetrahydrat<\/p>\n<p>3,00 mg Mangan (E5) als Mangan-II-chlorid, Tetrahydrat<\/p>\n<p>0,25 mg Selen (E8) als Natriumselenat<\/p>\n<p>&nbsp;<\/p>\n<p><strong>Hinweise f\u00fcr die ordnungsgem\u00e4\u00dfe Verwendung:<\/strong> Backsi-Gen sollte w\u00e4hrend der Zuchtvorbereitung, der Aufzucht, bei abgesetzten Jungtauben und w\u00e4hrend der Mauser 2 x w\u00f6chentlich verabreicht werden. W\u00e4hrend der Reise je nach Schwere des vorangegangenen Fluges 2-3 x w\u00f6chentlich.<\/p>\n<p>Dosierung: 5 ml f\u00fcr 20 Tauben \u00fcber das Futter mischen und mit VI-SPU-MIN oder einem anderen Pulver abtrocknen.<\/p>\n<p>K\u00fchl und vor Licht gesch\u00fctzt lagern! Vor Gebrauch sch\u00fctteln!<\/p>\n<p>&nbsp;<\/p>\n<p>Nettovolumen: 250 ml<\/p>\n","protected":false},"excerpt":{"rendered":"<p>Bevat alle essenti\u00eble aminozuren voor de opbouw van de spieren en de bevedering. Tevens bevat het vitamines uit de B -groep en enzymen, die voor de omzetting van vetten en koolhydraten in het lichaam onontbeerlijk zijn.<\/p>\n<p>Bevat alle essenti\u00eble aminozuren voor de opbouw van de spieren en de bevedering. Tevens bevat het vitamines uit de B -groep en enzymen, die voor de omzetting van vetten en koolhydraten in het lichaam onontbeerlijk zijn. Bovendien bevat Backs Vloeibare Biergist vitamine E en C voor het versterken van het immuunsysteem. Deze samenstelling maakt het tot een topproduct wat men het jaarrond kan geven en dat tijdens de kweek, vlieg en ruiperiode eigenlijk op geen hok mag ontbreken.<\/p>\n<p>Aanvullend diervoeder voor duiven<\/p>\n<p><strong>Samenstelling: <\/strong>Ruwe lecithinen, sojaolie, lijnzaadolie, hennepolie, walnootolie, levertraan, propyleenglycol<\/p>\n<p><strong>Analytische bestanddelen: <\/strong>97,8 % Ruw vet, 2,1 % Ruwe as, 1,6 % Ruwe celstof, 1,4 % Ruw eiwit, 0 % Natrium, 0 % Methionine, 0 % Lysine<\/p>\n<p><strong>Gebruiksaanwijzing<\/strong><strong>: <\/strong>Het gehele jaar door 2\u20133 x per week 5 ml, 1 keer per dag over 300 gr voer per 20 duiven.\u00a0Tijdens de vliegperiode toedienen de laatste dagen voor inkorving.<\/p>\n<p><strong>Schudden voor gebruik. <\/strong><strong>Op kamertemperatuur en donker bewaren.<\/strong><\/p>\n","protected":false},"featured_media":8798,"comment_status":"closed","ping_status":"closed","template":"","meta":[],"product_brand":[],"product_cat":[353,357],"product_tag":[],"class_list":{"0":"post-7642","1":"product","2":"type-product","3":"status-publish","4":"has-post-thumbnail","6":"product_cat-duiven","7":"product_cat-natuurlijke-opbouw","9":"first","10":"instock","11":"product-type-variable"},"_links":{"self":[{"href":"https:\/\/www.tauben-backs.de\/nl\/wp-json\/wp\/v2\/product\/7642","targetHints":{"allow":["GET"]}}],"collection":[{"href":"https:\/\/www.tauben-backs.de\/nl\/wp-json\/wp\/v2\/product"}],"about":[{"href":"https:\/\/www.tauben-backs.de\/nl\/wp-json\/wp\/v2\/types\/product"}],"replies":[{"embeddable":true,"href":"https:\/\/www.tauben-backs.de\/nl\/wp-json\/wp\/v2\/comments?post=7642"}],"wp:featuredmedia":[{"embeddable":true,"href":"https:\/\/www.tauben-backs.de\/nl\/wp-json\/wp\/v2\/media\/8798"}],"wp:attachment":[{"href":"https:\/\/www.tauben-backs.de\/nl\/wp-json\/wp\/v2\/media?parent=7642"}],"wp:term":[{"taxonomy":"product_brand","embeddable":true,"href":"https:\/\/www.tauben-backs.de\/nl\/wp-json\/wp\/v2\/product_brand?post=7642"},{"taxonomy":"product_cat","embeddable":true,"href":"https:\/\/www.tauben-backs.de\/nl\/wp-json\/wp\/v2\/product_cat?post=7642"},{"taxonomy":"product_tag","embeddable":true,"href":"https:\/\/www.tauben-backs.de\/nl\/wp-json\/wp\/v2\/product_tag?post=7642"}],"curies":[{"name":"wp","href":"https:\/\/api.w.org\/{rel}","templated":true}]}}