{"id":7641,"date":"2017-04-24T00:00:00","date_gmt":"2017-04-23T22:00:00","guid":{"rendered":"https:\/\/www.tauben-backs.de\/produkt\/unkategorisiert\/race-2010\/"},"modified":"2019-07-18T08:05:47","modified_gmt":"2019-07-18T06:05:47","slug":"race-2010","status":"publish","type":"product","link":"https:\/\/www.tauben-backs.de\/nl\/duiven\/natuurlijke-opbouw\/race-2010\/","title":{"rendered":"Backs RACE 2010"},"content":{"rendered":"<p><strong>Backs RACE 2010<\/strong><\/p>\n<p>Erg\u00e4nzungsfuttermittel f\u00fcr Brieftauben<\/p>\n<p><strong>\u00a0<\/strong><\/p>\n<p><strong>Zusammensetzung:<\/strong> Hefen und \u00e4hnliche Erzeugnisse, Maisst\u00e4rke, Traubenzucker, Seealgenmehl, Natriumchlorid, Kaliumgluconat, Calciumcarbonat<\/p>\n<p><strong>\u00a0<\/strong><\/p>\n<p><strong>Analytische Bestandteile:<\/strong><\/p>\n<p>28,3 % Rohprotein<\/p>\n<p>13,1 % Rohasche<\/p>\n<p>5,0 % Roh\u00f6le und -fette<\/p>\n<p>1,8 % Rohfaser<\/p>\n<p>1,2 % Natrium<\/p>\n<p>1,4 % Lysin<\/p>\n<p>0,4 % Methionin<\/p>\n<p><strong>\u00a0<\/strong><\/p>\n<p><strong>Zusatzstoffe je kg:<\/strong><\/p>\n<p>Ern\u00e4hrungsphysiologischesche Zusatzstoffe:<\/p>\n<p>1425 mg Eisen (E1) als Eisenaminos\u00e4urechelat, Hydrat<\/p>\n<p>1091 mg Zink (E6) als Aminos\u00e4ure-Zinkchelat, Hydrat<\/p>\n<p>558 mg Mangan (E5) als Aminos\u00e4ure-Manganchelat, Hydrat<\/p>\n<p>28 mg Kupfer (E4) als Aminos\u00e4uren-Kupferchelat, Hydrat<\/p>\n<p>10 mg Selen (3b8.10) als Selen in organischer Form aus Saccharomyces<\/p>\n<p>cerevisiae CNCM I-3060<\/p>\n<p>10 mg Molybdaen (E7) als Natriummolybdat<\/p>\n<p>&nbsp;<\/p>\n<p><strong>Hinweise f\u00fcr die ordnungsgem\u00e4\u00dfe Verwendung:<\/strong> Wir empfehlen die Verabreichung zum Einstieg vor Beginn des 1. Trainingsfluges an 5 Tagen. Danach an den 3 Tagen nach jedem Wettflug.<\/p>\n<p><strong>RACE 2010<\/strong> darf wegen der gegen\u00fcber Alleinfuttermitteln erh\u00f6hten Gehalte an Spurenelementen nur bis zu 5 v.H. der Tagesration verf\u00fcttert werden.<\/p>\n<p><strong>\u00a0<\/strong><\/p>\n<p><strong>Dosierung:<\/strong> 1 gestrichener Me\u00dfl\u00f6ffel (2g) f\u00fcr 20 Tauben, 1 mal am Tag \u00fcber das Futter verabreichen.<\/p>\n<p>&nbsp;<\/p>\n<p><strong>K\u00fchl und trocken lagern!<\/strong><\/p>\n<p>&nbsp;<\/p>\n<p>Nettomasse: 250 g<\/p>\n<p>&nbsp;<\/p>\n","protected":false},"excerpt":{"rendered":"<p>is een zeer hoogwaardig product voor de vliegperiode. Het bevat een lange rij hoogwaardige stoffen zoals eiwitten, mineralen, sporenelementen, anti-oxydanten en lecithine. Daardoor krijgt de duif een hogere weerstand tijdens het vliegseizoen.<\/p>\n<p>Van\u00a0<strong>Race 2010<\/strong>\u00a0worden de duiven vlieglustig wat de algehele conditie verbetert.<\/p>\n<p>Aanvullend diervoeder voor duiven<\/p>\n<p><strong>Samenstelling:<\/strong> Gist en delen daarvan, maiszetmeel, zeewier, gedroogd,\u00a0 kaliumgluconaat, magnesiumcitraat<\/p>\n<p><strong>Analytische bestanddelen: <\/strong>28,3 % Ruw eiwit, 13,1 % Ruwe as, 5,0 % Ruw vet, 1,8 % Ruwe celstof, 1,1 % Natrium, 1,4 % Lysine, 0,4 % Methionine<\/p>\n<p><strong>Toevoegingsmiddelen per kg<\/strong><strong>: <\/strong>Nutritionele toevoegingsmiddelen: 990 mg Ijzer (E1) als ijzer(III)chelaat van aminozuren, gehydrateerd, 758 mg Zinkchelaat van aminozuren, gehydrateerd (3b606), 387 mg Mangaan (E5) als mangaanchelaat van aminozuren, gehydrateerd, 19 mg Koper (E4) als koper(II)chelaat van aminozuren, gehydrateerd, 7 mg Seleen in organische vorm uit saccharomyces cerevisiae\u00a0 CNCM I-3060 (3b8.10), 7 mg Molybdeen (E7) als natriummolybdaat<\/p>\n<p><strong>Gebruiksaanwijzing: <\/strong>we bevelen aan om voor het begin van de 1e training gedurende 5 dagen achter elkaar te geven. Daarna 3 dagen achtereen na de vlucht.<\/p>\n<p><strong>Dosering<\/strong>: 1 afgestreken maatlepel (2g) voor 20 duiven, 1 keer per dag over het voer geven.<\/p>\n<p><strong>RACE 2010<\/strong> mag, wegens verhoogde gehaltes aan sporenelementen<sub>,\u00a0 <\/sub>slechts tot 7% van de dagelijkse voeding gegeven worden.<\/p>\n<p><strong>\u00a0<\/strong><strong>Koel en droog bewaren!<\/strong><\/p>\n<p><strong>\u00a0<\/strong><strong>Nettohoeveelheid: 250 g<\/strong><\/p>\n","protected":false},"featured_media":7341,"comment_status":"closed","ping_status":"closed","template":"","meta":[],"product_brand":[],"product_cat":[353,357],"product_tag":[],"class_list":{"0":"post-7641","1":"product","2":"type-product","3":"status-publish","4":"has-post-thumbnail","6":"product_cat-duiven","7":"product_cat-natuurlijke-opbouw","9":"first","10":"instock","11":"product-type-simple"},"_links":{"self":[{"href":"https:\/\/www.tauben-backs.de\/nl\/wp-json\/wp\/v2\/product\/7641","targetHints":{"allow":["GET"]}}],"collection":[{"href":"https:\/\/www.tauben-backs.de\/nl\/wp-json\/wp\/v2\/product"}],"about":[{"href":"https:\/\/www.tauben-backs.de\/nl\/wp-json\/wp\/v2\/types\/product"}],"replies":[{"embeddable":true,"href":"https:\/\/www.tauben-backs.de\/nl\/wp-json\/wp\/v2\/comments?post=7641"}],"wp:featuredmedia":[{"embeddable":true,"href":"https:\/\/www.tauben-backs.de\/nl\/wp-json\/wp\/v2\/media\/7341"}],"wp:attachment":[{"href":"https:\/\/www.tauben-backs.de\/nl\/wp-json\/wp\/v2\/media?parent=7641"}],"wp:term":[{"taxonomy":"product_brand","embeddable":true,"href":"https:\/\/www.tauben-backs.de\/nl\/wp-json\/wp\/v2\/product_brand?post=7641"},{"taxonomy":"product_cat","embeddable":true,"href":"https:\/\/www.tauben-backs.de\/nl\/wp-json\/wp\/v2\/product_cat?post=7641"},{"taxonomy":"product_tag","embeddable":true,"href":"https:\/\/www.tauben-backs.de\/nl\/wp-json\/wp\/v2\/product_tag?post=7641"}],"curies":[{"name":"wp","href":"https:\/\/api.w.org\/{rel}","templated":true}]}}