{"id":10589,"date":"2021-07-28T13:05:13","date_gmt":"2021-07-28T11:05:13","guid":{"rendered":"https:\/\/www.tauben-backs.de\/niet-gecategoriseerd\/korb-fuer-kleine-bis-mittelgrosse-huehner-4er-kooien-voor-kleine-tot-middelgrote-kippen\/"},"modified":"2021-07-28T13:05:13","modified_gmt":"2021-07-28T11:05:13","slug":"korb-fuer-kleine-bis-mittelgrosse-huehner-4er-kooien-voor-kleine-tot-middelgrote-kippen","status":"publish","type":"product","link":"https:\/\/www.tauben-backs.de\/nl\/pluimvee\/toebehoren-nl\/manden\/korb-fuer-kleine-bis-mittelgrosse-huehner-4er-kooien-voor-kleine-tot-middelgrote-kippen\/","title":{"rendered":"Korb f\u00fcr kleine bis mittelgro\u00dfe H\u00fchner 4er &#8211; Kooien voor kleine tot middelgrote kippen"},"content":{"rendered":"","protected":false},"excerpt":{"rendered":"<p>Stevige mand met uitneembare scheidingswanden en toegangsdeurtjes aan de bovenkant.<br \/>\n<strong>Buitenafmetingen<\/strong>:<br \/>\n42,5 cm hoog<br \/>\n80 cm breed<br \/>\n50 cm diep<br \/>\n<strong>Afmetingen per vak:<\/strong><br \/>\n37,5 cm hoog<br \/>\n19 cm breed<br \/>\n47 cm diep<\/p>\n","protected":false},"featured_media":9926,"comment_status":"closed","ping_status":"closed","template":"","meta":[],"product_brand":[],"product_cat":[369,373,393],"product_tag":[],"class_list":{"0":"post-10589","1":"product","2":"type-product","3":"status-publish","4":"has-post-thumbnail","6":"product_cat-pluimvee","7":"product_cat-toebehoren-nl","8":"product_cat-manden","10":"first","11":"instock","12":"shipping-taxable","13":"product-type-simple"},"_links":{"self":[{"href":"https:\/\/www.tauben-backs.de\/nl\/wp-json\/wp\/v2\/product\/10589","targetHints":{"allow":["GET"]}}],"collection":[{"href":"https:\/\/www.tauben-backs.de\/nl\/wp-json\/wp\/v2\/product"}],"about":[{"href":"https:\/\/www.tauben-backs.de\/nl\/wp-json\/wp\/v2\/types\/product"}],"replies":[{"embeddable":true,"href":"https:\/\/www.tauben-backs.de\/nl\/wp-json\/wp\/v2\/comments?post=10589"}],"wp:featuredmedia":[{"embeddable":true,"href":"https:\/\/www.tauben-backs.de\/nl\/wp-json\/wp\/v2\/media\/9926"}],"wp:attachment":[{"href":"https:\/\/www.tauben-backs.de\/nl\/wp-json\/wp\/v2\/media?parent=10589"}],"wp:term":[{"taxonomy":"product_brand","embeddable":true,"href":"https:\/\/www.tauben-backs.de\/nl\/wp-json\/wp\/v2\/product_brand?post=10589"},{"taxonomy":"product_cat","embeddable":true,"href":"https:\/\/www.tauben-backs.de\/nl\/wp-json\/wp\/v2\/product_cat?post=10589"},{"taxonomy":"product_tag","embeddable":true,"href":"https:\/\/www.tauben-backs.de\/nl\/wp-json\/wp\/v2\/product_tag?post=10589"}],"curies":[{"name":"wp","href":"https:\/\/api.w.org\/{rel}","templated":true}]}}