{"id":10526,"date":"2025-01-09T10:06:00","date_gmt":"2025-01-09T09:06:00","guid":{"rendered":"https:\/\/www.tauben-backs.de\/niet-gecategoriseerd\/avls-og-enkecelle-lavet-af-spaanplade\/"},"modified":"2026-03-10T13:51:35","modified_gmt":"2026-03-10T12:51:35","slug":"avls-og-enkecelle-lavet-af-spaanplade","status":"publish","type":"product","link":"https:\/\/www.tauben-backs.de\/nl\/duiven\/toebehoren\/cellen-en-tralies\/avls-og-enkecelle-lavet-af-spaanplade\/","title":{"rendered":"Avls- og enkecelle lavet af sp\u00e5nplade"},"content":{"rendered":"","protected":false},"excerpt":{"rendered":"<p>Med to drejelige tr\u00e6gitre og l\u00e5sel\u00e5se. Solidt og rent h\u00e5ndv\u00e6rk.<\/p>\n<p>M\u00e5l: 65 x 40 x 36 cm<\/p>\n<p><strong>Bem\u00e6rk: Leveres som et s\u00e6t!<\/strong><\/p>\n<p id=\"tw-target-text\" class=\"tw-data-text tw-text-large tw-ta\" dir=\"ltr\" tabindex=\"-1\" role=\"text\" data-placeholder=\"\u00dcbersetzung\" data-ved=\"2ahUKEwjn9by4q5WTAxUHavEDHRR0F5UQ3ewLegQIBBAW\" aria-label=\"\u00dcbersetzter Text: Med to drejelige tr\u00e6gitre og l\u00e5sel\u00e5se. Solidt og rent h\u00e5ndv\u00e6rk. M\u00e5l: 65 x 40 x 36 cm Bem\u00e6rk: Leveres som et s\u00e6t! H\u00f8jere forsendelsesomkostninger g\u00e6lder!\"><strong>H\u00f8jere forsendelsesomkostninger g\u00e6lder!<\/strong><\/p>\n","protected":false},"featured_media":10184,"comment_status":"closed","ping_status":"closed","template":"","meta":[],"product_brand":[],"product_cat":[353,359,368],"product_tag":[],"class_list":{"0":"post-10526","1":"product","2":"type-product","3":"status-publish","4":"has-post-thumbnail","6":"product_cat-duiven","7":"product_cat-toebehoren","8":"product_cat-cellen-en-tralies","10":"first","11":"instock","12":"shipping-taxable","13":"product-type-simple"},"_links":{"self":[{"href":"https:\/\/www.tauben-backs.de\/nl\/wp-json\/wp\/v2\/product\/10526","targetHints":{"allow":["GET"]}}],"collection":[{"href":"https:\/\/www.tauben-backs.de\/nl\/wp-json\/wp\/v2\/product"}],"about":[{"href":"https:\/\/www.tauben-backs.de\/nl\/wp-json\/wp\/v2\/types\/product"}],"replies":[{"embeddable":true,"href":"https:\/\/www.tauben-backs.de\/nl\/wp-json\/wp\/v2\/comments?post=10526"}],"wp:featuredmedia":[{"embeddable":true,"href":"https:\/\/www.tauben-backs.de\/nl\/wp-json\/wp\/v2\/media\/10184"}],"wp:attachment":[{"href":"https:\/\/www.tauben-backs.de\/nl\/wp-json\/wp\/v2\/media?parent=10526"}],"wp:term":[{"taxonomy":"product_brand","embeddable":true,"href":"https:\/\/www.tauben-backs.de\/nl\/wp-json\/wp\/v2\/product_brand?post=10526"},{"taxonomy":"product_cat","embeddable":true,"href":"https:\/\/www.tauben-backs.de\/nl\/wp-json\/wp\/v2\/product_cat?post=10526"},{"taxonomy":"product_tag","embeddable":true,"href":"https:\/\/www.tauben-backs.de\/nl\/wp-json\/wp\/v2\/product_tag?post=10526"}],"curies":[{"name":"wp","href":"https:\/\/api.w.org\/{rel}","templated":true}]}}