{"id":10493,"date":"2025-01-08T13:44:00","date_gmt":"2025-01-08T12:44:00","guid":{"rendered":"https:\/\/www.tauben-backs.de\/produkt\/niet-gecategoriseerd\/backs-aegyptisches-bio-schwarzkuemmeloel\/"},"modified":"2026-04-14T13:16:58","modified_gmt":"2026-04-14T11:16:58","slug":"backs-aegyptisches-bio-schwarzkuemmeloel","status":"publish","type":"product","link":"https:\/\/www.tauben-backs.de\/nl\/duiven\/natuurlijke-opbouw\/backs-aegyptisches-bio-schwarzkuemmeloel\/","title":{"rendered":"Backs \u00c4gyptisches Bio Schwarzk\u00fcmmel\u00f6l"},"content":{"rendered":"","protected":false},"excerpt":{"rendered":"<p>Deze plantaardige olie is rijk aan waardevolle voedingsstoffen en bioactieve verbindingen, en levert zo belangrijke bouwstenen voor het immuunsysteem en de luchtwegen.<\/p>\n<p><strong>Backs Egyptische Biologische Zwarte Komijnolie <\/strong><br \/>\nVoedermiddel voor duiven<\/p>\n<p><strong>Samenstelling:<\/strong> 100% zuivere Egyptische zwarte komijnolie, koudgeperst<\/p>\n<p><strong>Gebruiksaanwijzing<\/strong><strong>:<\/strong> Backs Zwarte Komijnolie wordt door het voer gemengd.<\/p>\n<p>Het wordt aanbevolen om dit het hele jaar door \u00e9\u00e9n keer per week regelmatig toe te dienen.<\/p>\n<p><strong>Dosering:<\/strong> 5 ml over het voer voor 20 duiven.<\/p>\n<p><strong>Donker en koel bewaren! <\/strong><\/p>\n<p><strong>Nettohoeveelheid: 250 ml<\/strong><\/p>\n","protected":false},"featured_media":10165,"comment_status":"closed","ping_status":"closed","template":"","meta":[],"product_brand":[],"product_cat":[353,357],"product_tag":[],"class_list":{"0":"post-10493","1":"product","2":"type-product","3":"status-publish","4":"has-post-thumbnail","6":"product_cat-duiven","7":"product_cat-natuurlijke-opbouw","9":"first","10":"instock","11":"shipping-taxable","12":"product-type-simple"},"_links":{"self":[{"href":"https:\/\/www.tauben-backs.de\/nl\/wp-json\/wp\/v2\/product\/10493","targetHints":{"allow":["GET"]}}],"collection":[{"href":"https:\/\/www.tauben-backs.de\/nl\/wp-json\/wp\/v2\/product"}],"about":[{"href":"https:\/\/www.tauben-backs.de\/nl\/wp-json\/wp\/v2\/types\/product"}],"replies":[{"embeddable":true,"href":"https:\/\/www.tauben-backs.de\/nl\/wp-json\/wp\/v2\/comments?post=10493"}],"wp:featuredmedia":[{"embeddable":true,"href":"https:\/\/www.tauben-backs.de\/nl\/wp-json\/wp\/v2\/media\/10165"}],"wp:attachment":[{"href":"https:\/\/www.tauben-backs.de\/nl\/wp-json\/wp\/v2\/media?parent=10493"}],"wp:term":[{"taxonomy":"product_brand","embeddable":true,"href":"https:\/\/www.tauben-backs.de\/nl\/wp-json\/wp\/v2\/product_brand?post=10493"},{"taxonomy":"product_cat","embeddable":true,"href":"https:\/\/www.tauben-backs.de\/nl\/wp-json\/wp\/v2\/product_cat?post=10493"},{"taxonomy":"product_tag","embeddable":true,"href":"https:\/\/www.tauben-backs.de\/nl\/wp-json\/wp\/v2\/product_tag?post=10493"}],"curies":[{"name":"wp","href":"https:\/\/api.w.org\/{rel}","templated":true}]}}