{"id":7553,"date":"2018-10-26T12:13:40","date_gmt":"2018-10-26T10:13:40","guid":{"rendered":"https:\/\/www.tauben-backs.de\/?page_id=7553"},"modified":"2026-03-02T08:41:46","modified_gmt":"2026-03-02T07:41:46","slug":"testschlaege","status":"publish","type":"page","link":"https:\/\/www.tauben-backs.de\/nl\/testschlaege\/","title":{"rendered":"Testhokken"},"content":{"rendered":"<div class=\"row\"  id=\"row-1122848669\">\n\n\t<div id=\"col-174642735\" class=\"col small-12 large-12\"  >\n\t\t\t\t<div class=\"col-inner\"  >\n\t\t\t\n\t\t\t\n<div class=\"container section-title-container\" ><h3 class=\"section-title section-title-normal\"><b aria-hidden=\"true\"><\/b><span class=\"section-title-main\" >Onze postduiven experts<\/span><b aria-hidden=\"true\"><\/b><\/h3><\/div>\n\t\t<\/div>\n\t\t\t\t\t<\/div>\n\n\t\n<\/div>\n<div class=\"row\"  id=\"row-1409304907\">\n\n\t<div id=\"col-335519309\" class=\"col medium-4 small-12 large-4\"  >\n\t\t\t\t<div class=\"col-inner\"  >\n\t\t\t\n\t\t\t\n    <div class=\"box has-hover has-hover box-text-bottom\" >\n\n                  <div class=\"box-image \" style=\"width:80%;\">\n           <div class=\"box-image-inner image-cover\" style=\"padding-top:100%;\">\n              <img loading=\"lazy\" decoding=\"async\" width=\"448\" height=\"298\" src=\"https:\/\/www.tauben-backs.de\/wp-content\/uploads\/2017\/05\/Hannappel-Ries.jpg\" class=\"attachment- size-\" alt=\"\" srcset=\"https:\/\/www.tauben-backs.de\/wp-content\/uploads\/2017\/05\/Hannappel-Ries.jpg 448w, https:\/\/www.tauben-backs.de\/wp-content\/uploads\/2017\/05\/Hannappel-Ries-300x200.jpg 300w\" sizes=\"auto, (max-width: 448px) 100vw, 448px\" \/>                         <\/div>\n          <\/div>\n         \n          <div class=\"box-text text-center\" >\n                <div class=\"box-text-inner\">\n                  <h4 class=\"uppercase\">\n                    <span class=\"person-name\">SG Hannappel &amp; Ries<\/span><br\/>\n                    <span class=\"person-title is-small thin-font op-7\">\n                                          <\/span>\n                  <\/h4>\n\t\t\t\t\t\n<a href=\"https:\/\/www.tauben-backs.de\/category\/testschlaege\/sg-hannappel-ries\/\" class=\"button primary is-outline\" >\n\t<i class=\"icon-angle-right\" aria-hidden=\"true\"><\/i>\t<span>Naar de hok reportages<\/span>\n\t<\/a>\n\n<p>K.H. Hannappel<br \/>\nDorfbachstra\u00dfe 22<br \/>\n65589 Hadamar<br \/>\nTel: 06433-3554<\/p>\n<p>Andreas Ries Obergasse 28 65589 Hadamar-Nzh. Tel: 0172-66 43417<br \/>\nE-Mail: <a href=\"mailto:andreas-ries@online.de\">andreas-ries@online.de<\/a><\/p>\n                <\/div>\n          <\/div>\n    <\/div>\n\n\t\n    \n\t\t<\/div>\n\t\t\t\t\t<\/div>\n\n\t\n\n\t<div id=\"col-588308420\" class=\"col medium-4 small-12 large-4\"  >\n\t\t\t\t<div class=\"col-inner\"  >\n\t\t\t\n\t\t\t\n    <div class=\"box has-hover has-hover box-text-bottom\" >\n\n                  <div class=\"box-image \" style=\"width:80%;\">\n           <div class=\"box-image-inner image-cover\" style=\"padding-top:100%;\">\n              <img loading=\"lazy\" decoding=\"async\" width=\"448\" height=\"336\" src=\"https:\/\/www.tauben-backs.de\/wp-content\/uploads\/2017\/05\/Fritz-Schaper.jpg\" class=\"attachment- size-\" alt=\"\" srcset=\"https:\/\/www.tauben-backs.de\/wp-content\/uploads\/2017\/05\/Fritz-Schaper.jpg 448w, https:\/\/www.tauben-backs.de\/wp-content\/uploads\/2017\/05\/Fritz-Schaper-300x225.jpg 300w\" sizes=\"auto, (max-width: 448px) 100vw, 448px\" \/>                         <\/div>\n          <\/div>\n         \n          <div class=\"box-text text-center\" >\n                <div class=\"box-text-inner\">\n                  <h4 class=\"uppercase\">\n                    <span class=\"person-name\">Fritz Schaper<\/span><br\/>\n                    <span class=\"person-title is-small thin-font op-7\">\n                                          <\/span>\n                  <\/h4>\n\t\t\t\t\t\n<a href=\"https:\/\/www.tauben-backs.de\/category\/testschlaege\/fritz-schaper\/\" class=\"button primary is-outline\" >\n\t<i class=\"icon-angle-right\" aria-hidden=\"true\"><\/i>\t<span>Naar de hok reportages<\/span>\n\t<\/a>\n\n                <\/div>\n          <\/div>\n    <\/div>\n\n\t\n    \n\t\t<\/div>\n\t\t\t\t\t<\/div>\n\n\t\n\n\t<div id=\"col-1620045579\" class=\"col medium-4 small-12 large-4\"  >\n\t\t\t\t<div class=\"col-inner\"  >\n\t\t\t\n\t\t\t\n\t\t<\/div>\n\t\t\t\t\t<\/div>\n\n\t\n<\/div>\n<div class=\"row\"  id=\"row-464442766\">\n\n\t<div id=\"col-702427675\" class=\"col medium-4 small-12 large-4\"  >\n\t\t\t\t<div class=\"col-inner\"  >\n\t\t\t\n\t\t\t\n    <div class=\"box has-hover has-hover box-text-bottom\" >\n\n                  <div class=\"box-image \" style=\"width:80%;\">\n           <div class=\"box-image-inner image-cover\" style=\"padding-top:100%;\">\n              <img loading=\"lazy\" decoding=\"async\" width=\"448\" height=\"336\" src=\"https:\/\/www.tauben-backs.de\/wp-content\/uploads\/2017\/05\/Arens.jpg\" class=\"attachment- size-\" alt=\"\" srcset=\"https:\/\/www.tauben-backs.de\/wp-content\/uploads\/2017\/05\/Arens.jpg 448w, https:\/\/www.tauben-backs.de\/wp-content\/uploads\/2017\/05\/Arens-300x225.jpg 300w\" sizes=\"auto, (max-width: 448px) 100vw, 448px\" \/>                         <\/div>\n          <\/div>\n         \n          <div class=\"box-text text-center\" >\n                <div class=\"box-text-inner\">\n                  <h4 class=\"uppercase\">\n                    <span class=\"person-name\">Josef Ahrens<\/span><br\/>\n                    <span class=\"person-title is-small thin-font op-7\">\n                                          <\/span>\n                  <\/h4>\n\t\t\t\t\t\n                <\/div>\n          <\/div>\n    <\/div>\n\n\t\n    \n\t\t<\/div>\n\t\t\t\t\t<\/div>\n\n\t\n\n\t<div id=\"col-2059161815\" class=\"col medium-4 small-12 large-4\"  >\n\t\t\t\t<div class=\"col-inner\"  >\n\t\t\t\n\t\t\t\n    <div class=\"box has-hover has-hover box-text-bottom\" >\n\n                  <div class=\"box-image \" style=\"width:80%;\">\n           <div class=\"box-image-inner image-cover\" style=\"padding-top:100%;\">\n              <img loading=\"lazy\" decoding=\"async\" width=\"309\" height=\"412\" src=\"https:\/\/www.tauben-backs.de\/wp-content\/uploads\/2017\/04\/Michael-Backs-Portrait.jpg\" class=\"attachment- size-\" alt=\"\" srcset=\"https:\/\/www.tauben-backs.de\/wp-content\/uploads\/2017\/04\/Michael-Backs-Portrait.jpg 309w, https:\/\/www.tauben-backs.de\/wp-content\/uploads\/2017\/04\/Michael-Backs-Portrait-300x400.jpg 300w\" sizes=\"auto, (max-width: 309px) 100vw, 309px\" \/>                         <\/div>\n          <\/div>\n         \n          <div class=\"box-text text-center\" >\n                <div class=\"box-text-inner\">\n                  <h4 class=\"uppercase\">\n                    <span class=\"person-name\">Michael Backs<\/span><br\/>\n                    <span class=\"person-title is-small thin-font op-7\">\n                                          <\/span>\n                  <\/h4>\n\t\t\t\t\t\n                <\/div>\n          <\/div>\n    <\/div>\n\n\t\n    \n\t\t<\/div>\n\t\t\t\t\t<\/div>\n\n\t\n\n\t<div id=\"col-372195670\" class=\"col medium-4 small-12 large-4\"  >\n\t\t\t\t<div class=\"col-inner\"  >\n\t\t\t\n\t\t\t\n\t\t<\/div>\n\t\t\t\t\t<\/div>\n\n\t\n<\/div>\n<div class=\"row\"  id=\"row-400732528\">\n\n\t<div id=\"col-572768309\" class=\"col small-12 large-12\"  >\n\t\t\t\t<div class=\"col-inner text-center\"  >\n\t\t\t\n\t\t\t\n<div class=\"container section-title-container\" ><h3 class=\"section-title section-title-normal\"><b aria-hidden=\"true\"><\/b><span class=\"section-title-main\" >Onze sierduiven experts<\/span><b aria-hidden=\"true\"><\/b><\/h3><\/div>\n\t\t<\/div>\n\t\t\t\t\t<\/div>\n\n\t\n<\/div>\n<div class=\"row\"  id=\"row-650639421\">\n\n\t<div id=\"col-54915531\" class=\"col medium-4 small-12 large-4\"  >\n\t\t\t\t<div class=\"col-inner\"  >\n\t\t\t\n\t\t\t\n    <div class=\"box has-hover has-hover box-text-bottom\" >\n\n                  <div class=\"box-image \" style=\"width:69%;\">\n           <div class=\"box-image-inner image-cover\" style=\"padding-top:300px;\">\n              <img loading=\"lazy\" decoding=\"async\" width=\"336\" height=\"447\" src=\"https:\/\/www.tauben-backs.de\/wp-content\/uploads\/2017\/05\/Fritz-Kleine.jpg\" class=\"attachment- size-\" alt=\"\" srcset=\"https:\/\/www.tauben-backs.de\/wp-content\/uploads\/2017\/05\/Fritz-Kleine.jpg 336w, https:\/\/www.tauben-backs.de\/wp-content\/uploads\/2017\/05\/Fritz-Kleine-300x399.jpg 300w, https:\/\/www.tauben-backs.de\/wp-content\/uploads\/2017\/05\/Fritz-Kleine-301x400.jpg 301w\" sizes=\"auto, (max-width: 336px) 100vw, 336px\" \/>                         <\/div>\n          <\/div>\n         \n          <div class=\"box-text text-center\" >\n                <div class=\"box-text-inner\">\n                  <h4 class=\"uppercase\">\n                    <span class=\"person-name\">Fritz Kleine<\/span><br\/>\n                    <span class=\"person-title is-small thin-font op-7\">\n                                          <\/span>\n                  <\/h4>\n\t\t\t\t\t\n<p>Fritz Kleine<br \/>\nH\u00fclsstr. 7<br \/>\n31608 Marklohe<br \/>\nTel.: 05021 61962<br \/>\nE-Mail: kleine.oeyle@web.de<\/p>\n<p>Z\u00fcchter von:<br \/>\nBr\u00fcnner Kr\u00f6pfer, Hessische Kr\u00f6pfer<\/p>\n                <\/div>\n          <\/div>\n    <\/div>\n\n\t\n    \n\t\t<\/div>\n\t\t\t\t\t<\/div>\n\n\t\n\n\t<div id=\"col-175179485\" class=\"col medium-4 small-12 large-4\"  >\n\t\t\t\t<div class=\"col-inner\"  >\n\t\t\t\n\t\t\t\n    <div class=\"box has-hover has-hover box-text-bottom\" >\n\n                  <div class=\"box-image \" style=\"width:69%;\">\n           <div class=\"box-image-inner image-cover\" style=\"padding-top:300px;\">\n              <img loading=\"lazy\" decoding=\"async\" width=\"336\" height=\"448\" src=\"https:\/\/www.tauben-backs.de\/wp-content\/uploads\/2018\/04\/Dieter-M\u00fcller.jpg\" class=\"attachment- size-\" alt=\"\" srcset=\"https:\/\/www.tauben-backs.de\/wp-content\/uploads\/2018\/04\/Dieter-M\u00fcller.jpg 336w, https:\/\/www.tauben-backs.de\/wp-content\/uploads\/2018\/04\/Dieter-M\u00fcller-300x400.jpg 300w\" sizes=\"auto, (max-width: 336px) 100vw, 336px\" \/>                         <\/div>\n          <\/div>\n         \n          <div class=\"box-text text-center\" >\n                <div class=\"box-text-inner\">\n                  <h4 class=\"uppercase\">\n                    <span class=\"person-name\">Dieter M\u00fcller<\/span><br\/>\n                    <span class=\"person-title is-small thin-font op-7\">\n                                          <\/span>\n                  <\/h4>\n\t\t\t\t\t\n<p>Beerberg 3<br \/>\n31608 Marklohe<br \/>\nTel.: 05021 66311<\/p>\n<p>Z\u00fcchter von:<br \/>\nBr\u00fcnner Kr\u00f6pfer, Norwich Kr\u00f6pfer<\/p>\n                <\/div>\n          <\/div>\n    <\/div>\n\n\t\n    \n\t\t<\/div>\n\t\t\t\t\t<\/div>\n\n\t\n<\/div>\n","protected":false},"excerpt":{"rendered":"","protected":false},"author":5,"featured_media":0,"parent":0,"menu_order":0,"comment_status":"closed","ping_status":"closed","template":"","meta":{"footnotes":""},"class_list":["post-7553","page","type-page","status-publish","hentry"],"_links":{"self":[{"href":"https:\/\/www.tauben-backs.de\/nl\/wp-json\/wp\/v2\/pages\/7553","targetHints":{"allow":["GET"]}}],"collection":[{"href":"https:\/\/www.tauben-backs.de\/nl\/wp-json\/wp\/v2\/pages"}],"about":[{"href":"https:\/\/www.tauben-backs.de\/nl\/wp-json\/wp\/v2\/types\/page"}],"author":[{"embeddable":true,"href":"https:\/\/www.tauben-backs.de\/nl\/wp-json\/wp\/v2\/users\/5"}],"replies":[{"embeddable":true,"href":"https:\/\/www.tauben-backs.de\/nl\/wp-json\/wp\/v2\/comments?post=7553"}],"version-history":[{"count":8,"href":"https:\/\/www.tauben-backs.de\/nl\/wp-json\/wp\/v2\/pages\/7553\/revisions"}],"predecessor-version":[{"id":10488,"href":"https:\/\/www.tauben-backs.de\/nl\/wp-json\/wp\/v2\/pages\/7553\/revisions\/10488"}],"wp:attachment":[{"href":"https:\/\/www.tauben-backs.de\/nl\/wp-json\/wp\/v2\/media?parent=7553"}],"curies":[{"name":"wp","href":"https:\/\/api.w.org\/{rel}","templated":true}]}}