{"id":3515,"date":"2017-04-26T14:03:08","date_gmt":"2017-05-02T11:25:50","guid":{"rendered":"http:\/\/backs.ocue.de\/?post_type=product&#038;p=3515\/"},"modified":"2019-07-22T14:10:02","modified_gmt":"2019-07-22T12:10:02","slug":"backs-yeast-for-race-poultry-and-pigeons","status":"publish","type":"product","link":"https:\/\/www.tauben-backs.de\/en\/poultry\/building-and-strengthening-products\/backs-yeast-for-race-poultry-and-pigeons\/","title":{"rendered":"Backs yeast for race poultry and pigeons"},"content":{"rendered":"<p>Yeast is unquestionably one of the most valuable natural products we know.<\/p>\n","protected":false},"excerpt":{"rendered":"<p>Yeast is unquestionably one of the most valuable natural products we know.<\/p>\n<p>Feed material for poultry and pigeons<\/p>\n<p><strong>Analytical constituents<\/strong><strong>: <\/strong>46 % Crude protein, 6 % Moisture content<\/p>\n<p><strong>Instructions for proper use<\/strong><strong>: <\/strong>Brewer\u00b4s yeast is simply mixed with soft fodder or poultry mash. Or it is bound to the moistened grain feed or to the poultry pellets.<\/p>\n<p>Administration during upbinging of chickens or young poultry 3 x a week.\u00a0Administration during The moulting period 2 x a week.<\/p>\n<p><strong>Dosage: <\/strong>Administer 1,2 g per 1kg live weight (1 heaped tablespoon = 30 g) That means: For 50 animals \u00e1 500 g live weight 30 g (1 heaped tablespoon), for 15 animals \u00e1 15000 g live weight 30 g (1 heaped tablespoon), for 15 animals \u00e1 3000 g live weight 60 g (2 heaped tablespoons).<\/p>\n<p><strong>Store cool and dry!<\/strong><\/p>\n","protected":false},"featured_media":5844,"comment_status":"closed","ping_status":"closed","template":"","meta":[],"product_brand":[],"product_cat":[227,228],"product_tag":[],"class_list":{"0":"post-3515","1":"product","2":"type-product","3":"status-publish","4":"has-post-thumbnail","6":"product_cat-poultry","7":"product_cat-building-and-strengthening-products","9":"first","10":"instock","11":"product-type-variable"},"_links":{"self":[{"href":"https:\/\/www.tauben-backs.de\/en\/wp-json\/wp\/v2\/product\/3515","targetHints":{"allow":["GET"]}}],"collection":[{"href":"https:\/\/www.tauben-backs.de\/en\/wp-json\/wp\/v2\/product"}],"about":[{"href":"https:\/\/www.tauben-backs.de\/en\/wp-json\/wp\/v2\/types\/product"}],"replies":[{"embeddable":true,"href":"https:\/\/www.tauben-backs.de\/en\/wp-json\/wp\/v2\/comments?post=3515"}],"wp:featuredmedia":[{"embeddable":true,"href":"https:\/\/www.tauben-backs.de\/en\/wp-json\/wp\/v2\/media\/5844"}],"wp:attachment":[{"href":"https:\/\/www.tauben-backs.de\/en\/wp-json\/wp\/v2\/media?parent=3515"}],"wp:term":[{"taxonomy":"product_brand","embeddable":true,"href":"https:\/\/www.tauben-backs.de\/en\/wp-json\/wp\/v2\/product_brand?post=3515"},{"taxonomy":"product_cat","embeddable":true,"href":"https:\/\/www.tauben-backs.de\/en\/wp-json\/wp\/v2\/product_cat?post=3515"},{"taxonomy":"product_tag","embeddable":true,"href":"https:\/\/www.tauben-backs.de\/en\/wp-json\/wp\/v2\/product_tag?post=3515"}],"curies":[{"name":"wp","href":"https:\/\/api.w.org\/{rel}","templated":true}]}}