{"id":10515,"date":"2025-01-08T13:44:00","date_gmt":"2025-01-08T12:44:00","guid":{"rendered":"https:\/\/www.tauben-backs.de\/produkt\/uncategorized\/backs-aegyptisches-bio-schwarzkuemmeloel\/"},"modified":"2025-01-08T13:44:00","modified_gmt":"2025-01-08T12:44:00","slug":"backs-aegyptisches-bio-schwarzkuemmeloel","status":"publish","type":"product","link":"https:\/\/www.tauben-backs.de\/en\/pigeons\/natural-building-and-strengthening-products\/backs-aegyptisches-bio-schwarzkuemmeloel\/","title":{"rendered":"Backs \u00c4gyptisches Bio Schwarzk\u00fcmmel\u00f6l"},"content":{"rendered":"","protected":false},"excerpt":{"rendered":"<p><strong>Backs black Egyptian organic cumin oil<\/strong><\/p>\n<p>This vegetable oil is rich in valuable nutrients and bioactive compounds and thus provides important nutritional components for the immune system and respiratory tract.<\/p>\n<p><strong>Backs Egyptian organic black cumin oil\u00a0<\/strong>Feed material for pigeons<\/p>\n<p><strong>Analytical constituents:\u00a0<\/strong>100 % crude Egyptian organic black cumin oil, cold-pressed<\/p>\n<p><strong>Instructions for proper use: <\/strong><strong>\u00a0Backs Egyptian black cumin oil<\/strong> is mixed over the feed. We recommend the administration regularly throughout the year once per week.<\/p>\n<p><strong>Dosage: <\/strong>Mix 5 ml for 20 pigeons over the feed.<\/p>\n<p><strong>Store in a cool place and protected from light!<\/strong><\/p>\n<p><strong>Volume: 250 ml<\/strong><\/p>\n","protected":false},"featured_media":10166,"comment_status":"closed","ping_status":"closed","template":"","meta":[],"product_brand":[],"product_cat":[219,223],"product_tag":[],"class_list":{"0":"post-10515","1":"product","2":"type-product","3":"status-publish","4":"has-post-thumbnail","6":"product_cat-pigeons","7":"product_cat-natural-building-and-strengthening-products","9":"first","10":"instock","11":"shipping-taxable","12":"product-type-simple"},"_links":{"self":[{"href":"https:\/\/www.tauben-backs.de\/en\/wp-json\/wp\/v2\/product\/10515","targetHints":{"allow":["GET"]}}],"collection":[{"href":"https:\/\/www.tauben-backs.de\/en\/wp-json\/wp\/v2\/product"}],"about":[{"href":"https:\/\/www.tauben-backs.de\/en\/wp-json\/wp\/v2\/types\/product"}],"replies":[{"embeddable":true,"href":"https:\/\/www.tauben-backs.de\/en\/wp-json\/wp\/v2\/comments?post=10515"}],"wp:featuredmedia":[{"embeddable":true,"href":"https:\/\/www.tauben-backs.de\/en\/wp-json\/wp\/v2\/media\/10166"}],"wp:attachment":[{"href":"https:\/\/www.tauben-backs.de\/en\/wp-json\/wp\/v2\/media?parent=10515"}],"wp:term":[{"taxonomy":"product_brand","embeddable":true,"href":"https:\/\/www.tauben-backs.de\/en\/wp-json\/wp\/v2\/product_brand?post=10515"},{"taxonomy":"product_cat","embeddable":true,"href":"https:\/\/www.tauben-backs.de\/en\/wp-json\/wp\/v2\/product_cat?post=10515"},{"taxonomy":"product_tag","embeddable":true,"href":"https:\/\/www.tauben-backs.de\/en\/wp-json\/wp\/v2\/product_tag?post=10515"}],"curies":[{"name":"wp","href":"https:\/\/api.w.org\/{rel}","templated":true}]}}