{"id":4323,"date":"2017-05-04T09:53:48","date_gmt":"2017-05-04T07:53:48","guid":{"rendered":"http:\/\/backs.ocue.de\/?page_id=4323\/"},"modified":"2023-10-18T13:51:52","modified_gmt":"2023-10-18T11:51:52","slug":"general-terms-and-conditions","status":"publish","type":"page","link":"https:\/\/www.tauben-backs.de\/en\/general-terms-and-conditions\/","title":{"rendered":"General terms and conditions"},"content":{"rendered":"<div class=\"row\"  id=\"row-366108891\">\n\n\t<div id=\"col-41580061\" class=\"col small-12 large-12\"  >\n\t\t\t\t<div class=\"col-inner\"  >\n\t\t\t\n\t\t\t\n<div class=\"container section-title-container\" ><h3 class=\"section-title section-title-normal\"><b aria-hidden=\"true\"><\/b><span class=\"section-title-main\" >Allgemeine Gesch\u00e4ftsbedingungen<\/span><b aria-hidden=\"true\"><\/b><\/h3><\/div>\n<p>Es ist uns \u00fcberlassen, Lieferungs- und Frachtweg zu bestimmen. Die Angebote sind freibleibend und verpflichten uns nicht zur Auftragsannahme.<\/p>\n<p>Auftr\u00e4ge werden in jeder beliebigen Bestellh\u00f6he ausgeliefert.<\/p>\n<p><strong>Innerhalb Deutschlands gilt:<\/strong><\/p>\n<p><strong>Paket innerhalb Deutschlands:<\/strong>\u00a0<strong>8,40 \u20ac &lt;= 3,kg, 9,40 \u20ac &gt; 3 kg<\/strong> (inkl. MWSt.)<br \/>\n<strong>Sperrgutzuschlag (ab 120 cm): 23,80\u00a0\u20ac<\/strong> (inkl. MWSt.)<br \/>\n<strong>F\u00fcr Paketlieferungen ins Ausland berechnen wir die tats\u00e4chlich anfallenden Kosten.<\/strong><\/p>\n<ul>\n<li style=\"list-style-type: none;\">\n<ul>\n<li>Alle Sendungen, die per Paketdienst oder Spedition versandt werden, gehen auf Gefahr des Bestellers.<\/li>\n<li>F\u00fcr Sch\u00e4den oder Verluste, die auf dem Frachtweg entstehen, \u00fcbernehmen wir keine Haftung. Es ist daher\u00a0im Sinne des Empf\u00e4ngers, Transportsch\u00e4den sofort beim Frachtf\u00fchrer zu reklamieren.<\/li>\n<li>Reklamationen finden nur innerhalb von 8 Tagen Ber\u00fccksichtigung.<\/li>\n<li>R\u00fcckgaben der Ware bed\u00fcrfen unseres vorherigen Einverst\u00e4ndnisses und m\u00fcssen frei erfolgen. Wir haften nur in der H\u00f6he des Warenwertes.<\/li>\n<\/ul>\n<\/li>\n<\/ul>\n<p><strong>Zahlungsbedingungen:<\/strong><br \/>\nDie Zahlung erfolgt nach 30 Tagen oder innerhalb 14 Tagen nach Warenerhalt mit 2 % Skonto.<br \/>\nSchecks gelten erst nach Einl\u00f6sung als Zahlung. Bei \u00dcberschreitung des Zahlungsziels werden bank\u00fcbliche Zinsen\u00a0berechnet.<\/p>\n<p><strong>Neukunden mit einer Bestellung im Wert von \u00fcber 50 Euro bitten wir um Vorkasse.<\/strong><\/p>\n<p><strong>Eigentumsvorbehalt:<\/strong><br \/>\nBis zur restlosen Bezahlung bleibt die gelieferte Ware unser Eigentum. Sie darf vom K\u00e4ufer weder<br \/>\nverpf\u00e4ndet und \u00fcbereignet noch in Vergleichs- oder Konkursmassen eingebracht werden. Die aus dem Verkauf unserer<br \/>\nWaren entstehenden Forderungen gelten bis zum vollst\u00e4ndigen Ausgleich unserer Forderungen als an uns abgetreten.<\/p>\n<p><strong>Bei etwaiger Zahlungsunf\u00e4higkeit ist der K\u00e4ufer verpflichtet:<\/strong><\/p>\n<ul>\n<li style=\"list-style-type: none;\">\n<ul>\n<li style=\"list-style-type: none;\">\n<ul>\n<li>uns umgehend von der Zahlungsunf\u00e4higkeit zu benachrichtigen;<\/li>\n<li>unsere Waren, soweit sie noch nicht verkauft sind, an uns zur\u00fcckzusenden;<\/li>\n<li>unsere Forderungen unter Hinweis auf unser Eigentumsvorbehalt auch dem Vergleichs- oder Konkursverwalter als<br \/>\nbevorzugt zu benennen.<\/li>\n<\/ul>\n<\/li>\n<\/ul>\n<\/li>\n<\/ul>\n<p>Erf\u00fcllungsort ist Rehburg-Loccum. Gerichtsstand ist Stolzenau.<\/p>\n\t\t<\/div>\n\t\t\t\t\t<\/div>\n\n\t\n<\/div>\n","protected":false},"excerpt":{"rendered":"","protected":false},"author":2,"featured_media":0,"parent":0,"menu_order":0,"comment_status":"closed","ping_status":"closed","template":"","meta":{"footnotes":""},"class_list":["post-4323","page","type-page","status-publish","hentry"],"_links":{"self":[{"href":"https:\/\/www.tauben-backs.de\/en\/wp-json\/wp\/v2\/pages\/4323","targetHints":{"allow":["GET"]}}],"collection":[{"href":"https:\/\/www.tauben-backs.de\/en\/wp-json\/wp\/v2\/pages"}],"about":[{"href":"https:\/\/www.tauben-backs.de\/en\/wp-json\/wp\/v2\/types\/page"}],"author":[{"embeddable":true,"href":"https:\/\/www.tauben-backs.de\/en\/wp-json\/wp\/v2\/users\/2"}],"replies":[{"embeddable":true,"href":"https:\/\/www.tauben-backs.de\/en\/wp-json\/wp\/v2\/comments?post=4323"}],"version-history":[{"count":6,"href":"https:\/\/www.tauben-backs.de\/en\/wp-json\/wp\/v2\/pages\/4323\/revisions"}],"predecessor-version":[{"id":9959,"href":"https:\/\/www.tauben-backs.de\/en\/wp-json\/wp\/v2\/pages\/4323\/revisions\/9959"}],"wp:attachment":[{"href":"https:\/\/www.tauben-backs.de\/en\/wp-json\/wp\/v2\/media?parent=4323"}],"curies":[{"name":"wp","href":"https:\/\/api.w.org\/{rel}","templated":true}]}}